{"id":1399,"date":"2025-11-20T13:00:17","date_gmt":"2025-11-20T12:00:17","guid":{"rendered":"https:\/\/dev01.lliuretic.cat\/avd\/webshopavd\/?page_id=1399"},"modified":"2026-02-02T13:21:15","modified_gmt":"2026-02-02T12:21:15","slug":"academia","status":"publish","type":"page","link":"https:\/\/dev01.lliuretic.cat\/avd\/webshopavd\/academia\/","title":{"rendered":"Academia"},"content":{"rendered":"<p><div class=\"fusion-fullwidth fullwidth-box fusion-builder-row-1 fusion-flex-container has-pattern-background has-mask-background nonhundred-percent-fullwidth non-hundred-percent-height-scrolling\" style=\"--awb-border-radius-top-left:0px;--awb-border-radius-top-right:0px;--awb-border-radius-bottom-right:0px;--awb-border-radius-bottom-left:0px;--awb-padding-bottom:40px;--awb-flex-wrap:wrap;\" ><div class=\"fusion-builder-row fusion-row fusion-flex-align-items-flex-start fusion-flex-content-wrap\" style=\"max-width:1248px;margin-left: calc(-4% \/ 2 );margin-right: calc(-4% \/ 2 );\"><div class=\"fusion-layout-column fusion_builder_column fusion-builder-column-0 fusion_builder_column_1_2 1_2 fusion-flex-column fusion-flex-align-self-center\" style=\"--awb-bg-size:cover;--awb-width-large:50%;--awb-margin-top-large:0px;--awb-spacing-right-large:3.84%;--awb-margin-bottom-large:20px;--awb-spacing-left-large:3.84%;--awb-width-medium:50%;--awb-order-medium:0;--awb-spacing-right-medium:3.84%;--awb-spacing-left-medium:3.84%;--awb-width-small:100%;--awb-order-small:0;--awb-spacing-right-small:1.92%;--awb-spacing-left-small:1.92%;\" data-scroll-devices=\"small-visibility,medium-visibility,large-visibility\"><div class=\"fusion-column-wrapper fusion-column-has-shadow fusion-flex-justify-content-flex-start fusion-content-layout-column\"><div class=\"fusion-image-element \" style=\"--awb-max-width:150px;--awb-caption-title-font-family:var(--h2_typography-font-family);--awb-caption-title-font-weight:var(--h2_typography-font-weight);--awb-caption-title-font-style:var(--h2_typography-font-style);--awb-caption-title-size:var(--h2_typography-font-size);--awb-caption-title-transform:var(--h2_typography-text-transform);--awb-caption-title-line-height:var(--h2_typography-line-height);--awb-caption-title-letter-spacing:var(--h2_typography-letter-spacing);\"><span class=\" fusion-imageframe imageframe-none imageframe-1 hover-type-none\"><img decoding=\"async\" width=\"1257\" height=\"1256\" src=\"https:\/\/dev01.lliuretic.cat\/avd\/webshopavd\/wp-content\/uploads\/2025\/12\/logo_avd-05.png\" data-orig-src=\"https:\/\/dev01.lliuretic.cat\/avd\/webshopavd\/wp-content\/uploads\/2025\/12\/logo_avd-05.png\" alt class=\"lazyload img-responsive wp-image-1489\" srcset=\"data:image\/svg+xml,%3Csvg%20xmlns%3D%27http%3A%2F%2Fwww.w3.org%2F2000%2Fsvg%27%20width%3D%271257%27%20height%3D%271256%27%20viewBox%3D%270%200%201257%201256%27%3E%3Crect%20width%3D%271257%27%20height%3D%271256%27%20fill-opacity%3D%220%22%2F%3E%3C%2Fsvg%3E\" data-srcset=\"https:\/\/dev01.lliuretic.cat\/avd\/webshopavd\/wp-content\/uploads\/2025\/12\/logo_avd-05-200x200.png 200w, https:\/\/dev01.lliuretic.cat\/avd\/webshopavd\/wp-content\/uploads\/2025\/12\/logo_avd-05-400x400.png 400w, https:\/\/dev01.lliuretic.cat\/avd\/webshopavd\/wp-content\/uploads\/2025\/12\/logo_avd-05-1200x1199.png 1200w, https:\/\/dev01.lliuretic.cat\/avd\/webshopavd\/wp-content\/uploads\/2025\/12\/logo_avd-05.png 1257w\" data-sizes=\"auto\" data-orig-sizes=\"(max-width: 640px) 100vw, 1257px\" \/><\/span><\/div><div class=\"fusion-text fusion-text-1\" style=\"--awb-text-color:#56944e;--awb-margin-top:15px;\"><h2><span style=\"color: #56944e;\">Bienvenidos a la Academia AVD<\/span><\/h2>\n<\/div><div class=\"fusion-text fusion-text-2\" style=\"--awb-margin-top:-30px;\"><p><b>Formaci\u00f3n cient\u00edfica en Micoterapia y Salud Integrativa para profesionales sanitarios<\/b><\/p>\n<p>Conocimiento independiente, rigor cl\u00ednico y ponentes de referencia internacional para una pr\u00e1ctica m\u00e1s segura, actualizada y basada en evidencia.<\/p>\n<\/div><div style=\"text-align:left;\"><a class=\"fusion-button button-flat fusion-button-default-size button-custom fusion-button-default button-1 fusion-button-default-span fusion-button-default-type\" style=\"--button_accent_color:var(--awb-color1);--button_accent_hover_color:var(--awb-color1);--button_border_hover_color:var(--awb-color1);--button-border-radius-top-left:50px;--button-border-radius-top-right:50px;--button-border-radius-bottom-right:50px;--button-border-radius-bottom-left:50px;--button_gradient_top_color:#56944e;--button_gradient_bottom_color:#56944e;--button_gradient_top_color_hover:hsla(var(--awb-color5-h),calc(var(--awb-color5-s) - 5%),calc(var(--awb-color5-l) - 10%),var(--awb-color5-a));--button_gradient_bottom_color_hover:hsla(var(--awb-color5-h),calc(var(--awb-color5-s) - 5%),calc(var(--awb-color5-l) - 10%),var(--awb-color5-a));\" target=\"_self\" href=\"#nuestros-cursos\"><span class=\"fusion-button-text\">VER PROGRAMAS FORMATIVOS<\/span><\/a><\/div><\/div><\/div><div class=\"fusion-layout-column fusion_builder_column fusion-builder-column-1 fusion_builder_column_1_2 1_2 fusion-flex-column\" style=\"--awb-bg-size:cover;--awb-width-large:50%;--awb-margin-top-large:0px;--awb-spacing-right-large:3.84%;--awb-margin-bottom-large:20px;--awb-spacing-left-large:3.84%;--awb-width-medium:50%;--awb-order-medium:0;--awb-spacing-right-medium:3.84%;--awb-spacing-left-medium:3.84%;--awb-width-small:100%;--awb-order-small:0;--awb-spacing-right-small:1.92%;--awb-spacing-left-small:1.92%;\"><div class=\"fusion-column-wrapper fusion-column-has-shadow fusion-flex-justify-content-flex-start fusion-content-layout-column\"><div class=\"fusion-image-element \" style=\"text-align:center;--awb-max-width:400px;--awb-caption-title-font-family:var(--h2_typography-font-family);--awb-caption-title-font-weight:var(--h2_typography-font-weight);--awb-caption-title-font-style:var(--h2_typography-font-style);--awb-caption-title-size:var(--h2_typography-font-size);--awb-caption-title-transform:var(--h2_typography-text-transform);--awb-caption-title-line-height:var(--h2_typography-line-height);--awb-caption-title-letter-spacing:var(--h2_typography-letter-spacing);\"><span class=\" fusion-imageframe imageframe-none imageframe-2 hover-type-none\"><img decoding=\"async\" width=\"630\" height=\"852\" src=\"https:\/\/dev01.lliuretic.cat\/avd\/webshopavd\/wp-content\/uploads\/2025\/12\/gota.png\" data-orig-src=\"https:\/\/dev01.lliuretic.cat\/avd\/webshopavd\/wp-content\/uploads\/2025\/12\/gota.png\" alt class=\"lazyload img-responsive wp-image-1491\" srcset=\"data:image\/svg+xml,%3Csvg%20xmlns%3D%27http%3A%2F%2Fwww.w3.org%2F2000%2Fsvg%27%20width%3D%27630%27%20height%3D%27852%27%20viewBox%3D%270%200%20630%20852%27%3E%3Crect%20width%3D%27630%27%20height%3D%27852%27%20fill-opacity%3D%220%22%2F%3E%3C%2Fsvg%3E\" data-srcset=\"https:\/\/dev01.lliuretic.cat\/avd\/webshopavd\/wp-content\/uploads\/2025\/12\/gota-200x270.png 200w, https:\/\/dev01.lliuretic.cat\/avd\/webshopavd\/wp-content\/uploads\/2025\/12\/gota-400x541.png 400w, https:\/\/dev01.lliuretic.cat\/avd\/webshopavd\/wp-content\/uploads\/2025\/12\/gota.png 630w\" data-sizes=\"auto\" data-orig-sizes=\"(max-width: 640px) 100vw, 630px\" \/><\/span><\/div><\/div><\/div><\/div><\/div><div class=\"fusion-fullwidth fullwidth-box fusion-builder-row-2 fusion-flex-container has-pattern-background has-mask-background nonhundred-percent-fullwidth non-hundred-percent-height-scrolling\" style=\"--awb-border-radius-top-left:0px;--awb-border-radius-top-right:0px;--awb-border-radius-bottom-right:0px;--awb-border-radius-bottom-left:0px;--awb-padding-bottom:40px;--awb-margin-top:50px;--awb-background-color:#56944e;--awb-flex-wrap:wrap;\" ><div class=\"fusion-builder-row fusion-row fusion-flex-align-items-flex-start fusion-flex-content-wrap\" style=\"max-width:1248px;margin-left: calc(-4% \/ 2 );margin-right: calc(-4% \/ 2 );\"><div class=\"fusion-layout-column fusion_builder_column fusion-builder-column-2 fusion_builder_column_1_2 1_2 fusion-flex-column\" style=\"--awb-padding-left:50px;--awb-padding-left-medium:0px;--awb-padding-left-small:0px;--awb-bg-size:cover;--awb-width-large:50%;--awb-margin-top-large:0px;--awb-spacing-right-large:3.84%;--awb-margin-bottom-large:20px;--awb-spacing-left-large:3.84%;--awb-width-medium:50%;--awb-order-medium:0;--awb-spacing-right-medium:3.84%;--awb-spacing-left-medium:3.84%;--awb-width-small:100%;--awb-order-small:0;--awb-spacing-right-small:1.92%;--awb-spacing-left-small:1.92%;\" data-scroll-devices=\"small-visibility,medium-visibility,large-visibility\"><div class=\"fusion-column-wrapper fusion-column-has-shadow fusion-flex-justify-content-flex-start fusion-content-layout-column\"><div class=\"fusion-text fusion-text-3\"><h3><span style=\"color: #ffffff;\"><b>Qui\u00e9nes somos<\/b><\/span><\/h3>\n<p><span style=\"color: #ffffff;\">ACADEMIA AVD es la plataforma formativa del Laboratorio <a style=\"white-space: nowrap;\" href=\"https:\/\/dev01.lliuretic.cat\/avd\/webshopavd\/quienes-somos\/\">AVD Reform<\/a>, un referente con m\u00e1s de cuatro d\u00e9cadas dise\u00f1ando nutrac\u00e9uticos y desarrollando investigaci\u00f3n en micoterapia cient\u00edfica.<\/span><\/p>\n<p><span style=\"color: #ffffff;\">Nuestra academia surge del di\u00e1logo constante con expertos, cl\u00ednicos e investigadores internacionales para ofrecer formaci\u00f3n rigurosa, independiente y aplicable a la pr\u00e1ctica profesional.<\/span><\/p>\n<\/div><\/div><\/div><div class=\"fusion-layout-column fusion_builder_column fusion-builder-column-3 fusion_builder_column_1_2 1_2 fusion-flex-column\" style=\"--awb-overflow:hidden;--awb-bg-size:cover;--awb-border-radius:50px 50px 50px 50px;--awb-width-large:50%;--awb-margin-top-large:30px;--awb-spacing-right-large:3.84%;--awb-margin-bottom-large:20px;--awb-spacing-left-large:3.84%;--awb-width-medium:50%;--awb-order-medium:0;--awb-spacing-right-medium:3.84%;--awb-spacing-left-medium:3.84%;--awb-width-small:100%;--awb-order-small:0;--awb-spacing-right-small:1.92%;--awb-spacing-left-small:1.92%;\" data-scroll-devices=\"small-visibility,medium-visibility,large-visibility\"><div class=\"fusion-column-wrapper fusion-column-has-shadow fusion-flex-justify-content-flex-start fusion-content-layout-column\"><div class=\"fusion-text fusion-text-4 caja-blanca-redondeada\" style=\"--awb-content-alignment:center;\" id=\"texto-formarte-con-nosotros\"><h3><span style=\"color: #56944e;\">\u00bfPor qu\u00e9 formarte con nosotros?<\/span><\/h3>\n<ul>\n<li style=\"text-align: left;\">Independencia y rigor cient\u00edfico<\/li>\n<li style=\"text-align: left;\">Ponentes internacionales de prestigio<\/li>\n<li style=\"text-align: left;\">Aplicabilidad cl\u00ednica inmediata<\/li>\n<li style=\"text-align: left;\">Actualizaci\u00f3n continua<\/li>\n<li style=\"text-align: left;\">Excelencia AVD Reform<\/li>\n<li style=\"text-align: left;\">Soluciones para la consulta diaria<\/li>\n<\/ul>\n<p><a class=\"btn-me-apunto\" href=\"#nuestros-cursos\">\u00a1ME APUNTO!<\/a><\/p>\n<\/div><\/div><\/div><\/div><\/div><div class=\"fusion-fullwidth fullwidth-box fusion-builder-row-3 fusion-flex-container has-pattern-background has-mask-background nonhundred-percent-fullwidth non-hundred-percent-height-scrolling\" style=\"--awb-border-radius-top-left:0px;--awb-border-radius-top-right:0px;--awb-border-radius-bottom-right:0px;--awb-border-radius-bottom-left:0px;--awb-flex-wrap:wrap;\" id=\"nuestros-cursos\" ><div class=\"fusion-builder-row fusion-row fusion-flex-align-items-flex-start fusion-flex-content-wrap\" style=\"max-width:1248px;margin-left: calc(-4% \/ 2 );margin-right: calc(-4% \/ 2 );\"><div class=\"fusion-layout-column fusion_builder_column fusion-builder-column-4 fusion_builder_column_1_1 1_1 fusion-flex-column\" style=\"--awb-bg-size:cover;--awb-width-large:100%;--awb-margin-top-large:0px;--awb-spacing-right-large:1.92%;--awb-margin-bottom-large:20px;--awb-spacing-left-large:1.92%;--awb-width-medium:100%;--awb-order-medium:0;--awb-spacing-right-medium:1.92%;--awb-spacing-left-medium:1.92%;--awb-width-small:100%;--awb-order-small:0;--awb-spacing-right-small:1.92%;--awb-spacing-left-small:1.92%;\" data-scroll-devices=\"small-visibility,medium-visibility,large-visibility\"><div class=\"fusion-column-wrapper fusion-column-has-shadow fusion-flex-justify-content-flex-start fusion-content-layout-column\"><div class=\"fusion-title title fusion-title-1 fusion-sep-none fusion-title-center fusion-title-text fusion-title-size-two\" style=\"--awb-text-color:#56944e;--awb-margin-top:40px;\"><h2 class=\"fusion-title-heading title-heading-center\" style=\"margin:0;\">Nuestro curso<\/h2><\/div><div class=\"fusion-text fusion-text-5\"><h3 style=\"text-align: center;\"><strong>formaci\u00f3n viva y continua<\/strong><\/h3>\n<\/div><\/div><\/div><div class=\"fusion-layout-column fusion_builder_column fusion-builder-column-5 fusion_builder_column_1_3 1_3 fusion-flex-column fusion-flex-align-self-center\" style=\"--awb-padding-top:20px;--awb-padding-right:20px;--awb-padding-bottom:20px;--awb-padding-left:20px;--awb-bg-size:cover;--awb-width-large:33.333333333333%;--awb-margin-top-large:0px;--awb-spacing-right-large:5.76%;--awb-margin-bottom-large:20px;--awb-spacing-left-large:5.76%;--awb-width-medium:33.333333333333%;--awb-order-medium:0;--awb-spacing-right-medium:5.76%;--awb-spacing-left-medium:5.76%;--awb-width-small:100%;--awb-order-small:0;--awb-spacing-right-small:1.92%;--awb-spacing-left-small:1.92%;\" data-scroll-devices=\"small-visibility,medium-visibility,large-visibility\"><div class=\"fusion-column-wrapper fusion-column-has-shadow fusion-flex-justify-content-flex-start fusion-content-layout-column\"><\/div><\/div><div class=\"fusion-layout-column fusion_builder_column fusion-builder-column-6 fusion_builder_column_1_3 1_3 fusion-flex-column fusion-flex-align-self-center\" style=\"--awb-padding-top:20px;--awb-padding-right:20px;--awb-padding-bottom:20px;--awb-padding-left:20px;--awb-bg-color:#56944e;--awb-bg-color-hover:#56944e;--awb-bg-size:cover;--awb-width-large:33.333333333333%;--awb-margin-top-large:0px;--awb-spacing-right-large:5.76%;--awb-margin-bottom-large:20px;--awb-spacing-left-large:5.76%;--awb-width-medium:33.333333333333%;--awb-order-medium:0;--awb-spacing-right-medium:5.76%;--awb-spacing-left-medium:5.76%;--awb-width-small:100%;--awb-order-small:0;--awb-spacing-right-small:1.92%;--awb-spacing-left-small:1.92%;\" data-scroll-devices=\"small-visibility,medium-visibility,large-visibility\"><div class=\"fusion-column-wrapper fusion-column-has-shadow fusion-flex-justify-content-flex-start fusion-content-layout-column\"><div class=\"fusion-image-element \" style=\"--awb-max-width:350px;--awb-caption-title-font-family:var(--h2_typography-font-family);--awb-caption-title-font-weight:var(--h2_typography-font-weight);--awb-caption-title-font-style:var(--h2_typography-font-style);--awb-caption-title-size:var(--h2_typography-font-size);--awb-caption-title-transform:var(--h2_typography-text-transform);--awb-caption-title-line-height:var(--h2_typography-line-height);--awb-caption-title-letter-spacing:var(--h2_typography-letter-spacing);\"><span class=\" fusion-imageframe imageframe-none imageframe-3 hover-type-none\"><a class=\"fusion-no-lightbox\" href=\"https:\/\/dev01.lliuretic.cat\/avd\/webshopavd\/landing\/\" target=\"_self\"><img decoding=\"async\" width=\"528\" height=\"658\" src=\"https:\/\/dev01.lliuretic.cat\/avd\/webshopavd\/wp-content\/uploads\/2026\/01\/avd-micoterapia.png\" data-orig-src=\"https:\/\/dev01.lliuretic.cat\/avd\/webshopavd\/wp-content\/uploads\/2026\/01\/avd-micoterapia.png\" alt class=\"lazyload img-responsive wp-image-1799\" srcset=\"data:image\/svg+xml,%3Csvg%20xmlns%3D%27http%3A%2F%2Fwww.w3.org%2F2000%2Fsvg%27%20width%3D%27528%27%20height%3D%27658%27%20viewBox%3D%270%200%20528%20658%27%3E%3Crect%20width%3D%27528%27%20height%3D%27658%27%20fill-opacity%3D%220%22%2F%3E%3C%2Fsvg%3E\" data-srcset=\"https:\/\/dev01.lliuretic.cat\/avd\/webshopavd\/wp-content\/uploads\/2026\/01\/avd-micoterapia-200x249.png 200w, https:\/\/dev01.lliuretic.cat\/avd\/webshopavd\/wp-content\/uploads\/2026\/01\/avd-micoterapia-400x498.png 400w, https:\/\/dev01.lliuretic.cat\/avd\/webshopavd\/wp-content\/uploads\/2026\/01\/avd-micoterapia.png 528w\" data-sizes=\"auto\" data-orig-sizes=\"(max-width: 640px) 100vw, 400px\" \/><\/a><\/span><\/div><div class=\"fusion-text fusion-text-6\" style=\"--awb-line-height:1;--awb-margin-top:15px;\"><p><span style=\"color: #ffffff;\"><b>Micoterapia Aplicada a <\/b><\/span><\/p>\n<p><span style=\"color: #ffffff;\"><b>la Pr\u00e1ctica Cl\u00ednica<\/b><\/span><\/p>\n<\/div><div style=\"text-align:center;\"><a class=\"fusion-button button-flat fusion-button-default-size button-default fusion-button-default button-2 fusion-button-default-span fusion-button-default-type\" target=\"_self\" href=\"https:\/\/dev01.lliuretic.cat\/avd\/webshopavd\/landing\/\"><span class=\"fusion-button-text\">Ver curso<\/span><\/a><\/div><\/div><\/div><div class=\"fusion-layout-column fusion_builder_column fusion-builder-column-7 fusion_builder_column_1_3 1_3 fusion-flex-column fusion-flex-align-self-center\" style=\"--awb-padding-top:20px;--awb-padding-right:20px;--awb-padding-bottom:20px;--awb-padding-left:20px;--awb-bg-size:cover;--awb-width-large:33.333333333333%;--awb-margin-top-large:0px;--awb-spacing-right-large:5.76%;--awb-margin-bottom-large:20px;--awb-spacing-left-large:5.76%;--awb-width-medium:33.333333333333%;--awb-order-medium:0;--awb-spacing-right-medium:5.76%;--awb-spacing-left-medium:5.76%;--awb-width-small:100%;--awb-order-small:0;--awb-spacing-right-small:1.92%;--awb-spacing-left-small:1.92%;\" data-scroll-devices=\"small-visibility,medium-visibility,large-visibility\"><div class=\"fusion-column-wrapper fusion-column-has-shadow fusion-flex-justify-content-flex-start fusion-content-layout-column\"><\/div><\/div><\/div><\/div><div class=\"fusion-fullwidth fullwidth-box fusion-builder-row-4 fusion-flex-container has-pattern-background has-mask-background nonhundred-percent-fullwidth non-hundred-percent-height-scrolling\" style=\"--awb-border-radius-top-left:0px;--awb-border-radius-top-right:0px;--awb-border-radius-bottom-right:0px;--awb-border-radius-bottom-left:0px;--awb-padding-top:60px;--awb-padding-bottom:40px;--awb-margin-top:40px;--awb-margin-bottom:0px;--awb-background-color:#56944e;--awb-flex-wrap:wrap;\" ><div class=\"fusion-builder-row fusion-row fusion-flex-align-items-flex-start fusion-flex-content-wrap\" style=\"max-width:1248px;margin-left: calc(-4% \/ 2 );margin-right: calc(-4% \/ 2 );\"><div class=\"fusion-layout-column fusion_builder_column fusion-builder-column-8 fusion_builder_column_1_2 1_2 fusion-flex-column\" style=\"--awb-bg-size:cover;--awb-width-large:50%;--awb-margin-top-large:0px;--awb-spacing-right-large:3.84%;--awb-margin-bottom-large:20px;--awb-spacing-left-large:3.84%;--awb-width-medium:50%;--awb-order-medium:0;--awb-spacing-right-medium:3.84%;--awb-spacing-left-medium:3.84%;--awb-width-small:100%;--awb-order-small:0;--awb-spacing-right-small:1.92%;--awb-spacing-left-small:1.92%;\" data-scroll-devices=\"small-visibility,medium-visibility,large-visibility\"><div class=\"fusion-column-wrapper fusion-column-has-shadow fusion-flex-justify-content-flex-start fusion-content-layout-column\"><div class=\"fusion-image-element \" style=\"--awb-max-width:400px;--awb-caption-title-font-family:var(--h2_typography-font-family);--awb-caption-title-font-weight:var(--h2_typography-font-weight);--awb-caption-title-font-style:var(--h2_typography-font-style);--awb-caption-title-size:var(--h2_typography-font-size);--awb-caption-title-transform:var(--h2_typography-text-transform);--awb-caption-title-line-height:var(--h2_typography-line-height);--awb-caption-title-letter-spacing:var(--h2_typography-letter-spacing);\"><span class=\" fusion-imageframe imageframe-none imageframe-4 hover-type-none\" style=\"border:5px solid var(--awb-color3);border-radius:50px;\"><img decoding=\"async\" width=\"484\" height=\"674\" src=\"https:\/\/dev01.lliuretic.cat\/avd\/webshopavd\/wp-content\/uploads\/2025\/12\/recursos_avd.png\" data-orig-src=\"https:\/\/dev01.lliuretic.cat\/avd\/webshopavd\/wp-content\/uploads\/2025\/12\/recursos_avd.png\" alt class=\"lazyload img-responsive wp-image-1504\" srcset=\"data:image\/svg+xml,%3Csvg%20xmlns%3D%27http%3A%2F%2Fwww.w3.org%2F2000%2Fsvg%27%20width%3D%27484%27%20height%3D%27674%27%20viewBox%3D%270%200%20484%20674%27%3E%3Crect%20width%3D%27484%27%20height%3D%27674%27%20fill-opacity%3D%220%22%2F%3E%3C%2Fsvg%3E\" data-srcset=\"https:\/\/dev01.lliuretic.cat\/avd\/webshopavd\/wp-content\/uploads\/2025\/12\/recursos_avd-200x279.png 200w, https:\/\/dev01.lliuretic.cat\/avd\/webshopavd\/wp-content\/uploads\/2025\/12\/recursos_avd-400x557.png 400w, https:\/\/dev01.lliuretic.cat\/avd\/webshopavd\/wp-content\/uploads\/2025\/12\/recursos_avd.png 484w\" data-sizes=\"auto\" data-orig-sizes=\"(max-width: 640px) 100vw, 484px\" \/><\/span><\/div><\/div><\/div><div class=\"fusion-layout-column fusion_builder_column fusion-builder-column-9 fusion_builder_column_1_2 1_2 fusion-flex-column fusion-flex-align-self-center caja-blanca-redondeada-info\" style=\"--awb-bg-size:cover;--awb-width-large:50%;--awb-margin-top-large:0px;--awb-spacing-right-large:3.84%;--awb-margin-bottom-large:20px;--awb-spacing-left-large:3.84%;--awb-width-medium:50%;--awb-order-medium:0;--awb-spacing-right-medium:3.84%;--awb-spacing-left-medium:3.84%;--awb-width-small:100%;--awb-order-small:0;--awb-spacing-right-small:1.92%;--awb-spacing-left-small:1.92%;\" data-scroll-devices=\"small-visibility,medium-visibility,large-visibility\"><div class=\"fusion-column-wrapper fusion-column-has-shadow fusion-flex-justify-content-flex-start fusion-content-layout-column\"><div class=\"fusion-text fusion-text-7 academia-info\"><h5><span style=\"color: #56944e;\"><strong>CURSOS ONLINE <\/strong><\/span><\/h5>\n<ul>\n<li>Micoterapia Aplicada, microbiota, cronobiolog\u00eda, nutrici\u00f3n cl\u00ednica\u2026<\/li>\n<\/ul>\n<h5><strong><span style=\"color: #56944e;\">WEBINARIOS EN DIRECTO<\/span><\/strong><\/h5>\n<ul>\n<li>Expertos internacionales y sesiones interactivas.<\/li>\n<\/ul>\n<p id=\"ver-webinarios\" style=\"padding-left: 40px;\"><a href=\"https:\/\/webmod-avd.lliuretic.cat\/\">Ver webinarios &gt;<\/a><\/p>\n<h5><strong><span style=\"color: #56944e;\">SEMINARIOS CL\u00cdNICOS BASADOS EN CASOS<\/span><\/strong><\/h5>\n<ul>\n<li>Aprendizaje aplicado al contexto real.<\/li>\n<\/ul>\n<h5><strong><span style=\"color: #56944e;\">BIBLIOTECA CIENT\u00cdFICA<\/span><\/strong><\/h5>\n<ul>\n<li>Revisiones, estudios, gu\u00edas y evidencia actualizada.<\/li>\n<\/ul>\n<h5><span style=\"color: #56944e;\"><strong>FORMACI\u00d3N<\/strong> <strong>MODULAR<\/strong><\/span><\/h5>\n<ul>\n<li>Para m\u00e9dicos, terapeutas y farmac\u00e9uticos.<\/li>\n<\/ul>\n<h5><strong><span style=\"color: #56944e;\">CERTIFICADOS PROFESIONALES<\/span> <\/strong><\/h5>\n<ul>\n<li>Acreditaci\u00f3n al finalizar los programas.<\/li>\n<\/ul>\n<\/div><\/div><\/div><\/div><\/div><\/p>\n","protected":false},"excerpt":{"rendered":"","protected":false},"author":1,"featured_media":0,"parent":0,"menu_order":0,"comment_status":"closed","ping_status":"closed","template":"100-width.php","meta":{"footnotes":""},"class_list":["post-1399","page","type-page","status-publish","hentry"],"_links":{"self":[{"href":"https:\/\/dev01.lliuretic.cat\/avd\/webshopavd\/wp-json\/wp\/v2\/pages\/1399","targetHints":{"allow":["GET"]}}],"collection":[{"href":"https:\/\/dev01.lliuretic.cat\/avd\/webshopavd\/wp-json\/wp\/v2\/pages"}],"about":[{"href":"https:\/\/dev01.lliuretic.cat\/avd\/webshopavd\/wp-json\/wp\/v2\/types\/page"}],"author":[{"embeddable":true,"href":"https:\/\/dev01.lliuretic.cat\/avd\/webshopavd\/wp-json\/wp\/v2\/users\/1"}],"replies":[{"embeddable":true,"href":"https:\/\/dev01.lliuretic.cat\/avd\/webshopavd\/wp-json\/wp\/v2\/comments?post=1399"}],"version-history":[{"count":97,"href":"https:\/\/dev01.lliuretic.cat\/avd\/webshopavd\/wp-json\/wp\/v2\/pages\/1399\/revisions"}],"predecessor-version":[{"id":1869,"href":"https:\/\/dev01.lliuretic.cat\/avd\/webshopavd\/wp-json\/wp\/v2\/pages\/1399\/revisions\/1869"}],"wp:attachment":[{"href":"https:\/\/dev01.lliuretic.cat\/avd\/webshopavd\/wp-json\/wp\/v2\/media?parent=1399"}],"curies":[{"name":"wp","href":"https:\/\/api.w.org\/{rel}","templated":true}]}}