{"id":283,"date":"2025-01-31T12:01:25","date_gmt":"2025-01-31T11:01:25","guid":{"rendered":"https:\/\/dev01.lliuretic.cat\/webshopavd\/?page_id=283"},"modified":"2025-04-15T11:18:34","modified_gmt":"2025-04-15T09:18:34","slug":"devoluciones-y-reembolso","status":"publish","type":"page","link":"https:\/\/dev01.lliuretic.cat\/avd\/webshopavd\/devoluciones-y-reembolso\/","title":{"rendered":"DEVOLUCIONES Y REEMBOLSO"},"content":{"rendered":"<div class=\"fusion-fullwidth fullwidth-box fusion-builder-row-1 fusion-flex-container nonhundred-percent-fullwidth non-hundred-percent-height-scrolling\" style=\"--awb-border-radius-top-left:0px;--awb-border-radius-top-right:0px;--awb-border-radius-bottom-right:0px;--awb-border-radius-bottom-left:0px;--awb-flex-wrap:wrap;\" ><div class=\"fusion-builder-row fusion-row fusion-flex-align-items-flex-start fusion-flex-content-wrap\" style=\"max-width:1248px;margin-left: calc(-4% \/ 2 );margin-right: calc(-4% \/ 2 );\"><div class=\"fusion-layout-column fusion_builder_column fusion-builder-column-0 fusion_builder_column_1_1 1_1 fusion-flex-column\" style=\"--awb-bg-size:cover;--awb-width-large:100%;--awb-margin-top-large:0px;--awb-spacing-right-large:1.92%;--awb-margin-bottom-large:0px;--awb-spacing-left-large:1.92%;--awb-width-medium:100%;--awb-spacing-right-medium:1.92%;--awb-spacing-left-medium:1.92%;--awb-width-small:100%;--awb-spacing-right-small:1.92%;--awb-spacing-left-small:1.92%;\"><div class=\"fusion-column-wrapper fusion-flex-justify-content-flex-start fusion-content-layout-column\"><div class=\"fusion-text fusion-text-1\" style=\"--awb-font-size:15px;--awb-line-height:1.5;--awb-letter-spacing:1px;\"><p><img decoding=\"async\" class=\"lazyload alignnone wp-image-288\" src=\"https:\/\/dev01.lliuretic.cat\/webshopavd\/wp-content\/uploads\/2025\/01\/2info-300x86.jpg\" data-orig-src=\"https:\/\/dev01.lliuretic.cat\/webshopavd\/wp-content\/uploads\/2025\/01\/2info-300x86.jpg\" alt=\"\" width=\"1235\" height=\"354\" srcset=\"data:image\/svg+xml,%3Csvg%20xmlns%3D%27http%3A%2F%2Fwww.w3.org%2F2000%2Fsvg%27%20width%3D%271235%27%20height%3D%27354%27%20viewBox%3D%270%200%201235%20354%27%3E%3Crect%20width%3D%271235%27%20height%3D%27354%27%20fill-opacity%3D%220%22%2F%3E%3C%2Fsvg%3E\" data-srcset=\"https:\/\/dev01.lliuretic.cat\/avd\/webshopavd\/wp-content\/uploads\/2025\/01\/2info-64x18.jpg 64w, https:\/\/dev01.lliuretic.cat\/avd\/webshopavd\/wp-content\/uploads\/2025\/01\/2info-200x57.jpg 200w, https:\/\/dev01.lliuretic.cat\/avd\/webshopavd\/wp-content\/uploads\/2025\/01\/2info-300x86.jpg 300w, https:\/\/dev01.lliuretic.cat\/avd\/webshopavd\/wp-content\/uploads\/2025\/01\/2info-400x114.jpg 400w, https:\/\/dev01.lliuretic.cat\/avd\/webshopavd\/wp-content\/uploads\/2025\/01\/2info-500x143.jpg 500w, https:\/\/dev01.lliuretic.cat\/avd\/webshopavd\/wp-content\/uploads\/2025\/01\/2info-600x171.jpg 600w, https:\/\/dev01.lliuretic.cat\/avd\/webshopavd\/wp-content\/uploads\/2025\/01\/2info-700x200.jpg 700w, https:\/\/dev01.lliuretic.cat\/avd\/webshopavd\/wp-content\/uploads\/2025\/01\/2info-768x219.jpg 768w, https:\/\/dev01.lliuretic.cat\/avd\/webshopavd\/wp-content\/uploads\/2025\/01\/2info-800x229.jpg 800w, https:\/\/dev01.lliuretic.cat\/avd\/webshopavd\/wp-content\/uploads\/2025\/01\/2info-1024x293.jpg 1024w, https:\/\/dev01.lliuretic.cat\/avd\/webshopavd\/wp-content\/uploads\/2025\/01\/2info-1200x343.jpg 1200w, https:\/\/dev01.lliuretic.cat\/avd\/webshopavd\/wp-content\/uploads\/2025\/01\/2info-1536x439.jpg 1536w, https:\/\/dev01.lliuretic.cat\/avd\/webshopavd\/wp-content\/uploads\/2025\/01\/2info.jpg 2489w\" data-sizes=\"auto\" data-orig-sizes=\"(max-width: 1235px) 100vw, 1235px\" \/><\/p>\n<p align=\"justify\"><strong>DEVOLUCIONES Y REEMBOLSO<\/strong> Debe tener en cuenta que, en nuestro af\u00e1n por prestarte un r\u00e1pido servicio, una vez confirmado el pedido y su pago, procederemos a la preparaci\u00f3n del env\u00edo de forma inmediata.<\/p>\n<p align=\"justify\">Una vez que el pedido sale de nuestros almacenes es imposible modificarlo o anularlo.<\/p>\n<p align=\"justify\">Usted dispone de 14 dias para devolver los productos adquiridos sin necesidad de justificaci\u00f3n, para ello debe comunicar a AVD su intenci\u00f3n con una carta certificada al correo <a href=\"mailto:support@avdreform.es\">support@avdreform.es<\/a><\/p>\n<p align=\"justify\">El producto devuelto ser\u00e1 revisado para evaluar que llegue en perfectas condiciones de inviolabilidad.<\/p>\n<p align=\"justify\">Posteriormente, en un plazo de 14 d\u00edas h\u00e1biles se proceder\u00e1 a la devoluci\u00f3n del importe recibido con la deducci\u00f3n del coste de env\u00edo ida y vuelta, as\u00ed como de los costes administrativos que se generen por su devoluci\u00f3n.<\/p>\n<p align=\"justify\">En el caso de que el cliente\u00a0indique err\u00f3neamente la direcci\u00f3n de entrega, la empresa AVD no se har\u00e1 cargo de los costes de reexpedici\u00f3n.<\/p>\n<p align=\"justify\">La empresa de mensajer\u00eda realizar\u00e1 como m\u00ednimo dos intentos de entrega entre las 9 y las 19h.<\/p>\n<p align=\"justify\">Cuando el paquete llegue con signos de haber sido manipulado el cliente lo debe evidenciar al transportista y no firmar el albar\u00e1n indicando en el documento la inconformidad, as\u00ed como notific\u00e1ndolo por un email a\u00a0<a href=\"mailto:support@avdreform.es\">support@avdreform.es<\/a><\/p>\n<\/div><\/div><\/div><\/div><\/div>\n","protected":false},"excerpt":{"rendered":"","protected":false},"author":1,"featured_media":0,"parent":0,"menu_order":0,"comment_status":"closed","ping_status":"closed","template":"100-width.php","meta":{"footnotes":""},"class_list":["post-283","page","type-page","status-publish","hentry"],"_links":{"self":[{"href":"https:\/\/dev01.lliuretic.cat\/avd\/webshopavd\/wp-json\/wp\/v2\/pages\/283","targetHints":{"allow":["GET"]}}],"collection":[{"href":"https:\/\/dev01.lliuretic.cat\/avd\/webshopavd\/wp-json\/wp\/v2\/pages"}],"about":[{"href":"https:\/\/dev01.lliuretic.cat\/avd\/webshopavd\/wp-json\/wp\/v2\/types\/page"}],"author":[{"embeddable":true,"href":"https:\/\/dev01.lliuretic.cat\/avd\/webshopavd\/wp-json\/wp\/v2\/users\/1"}],"replies":[{"embeddable":true,"href":"https:\/\/dev01.lliuretic.cat\/avd\/webshopavd\/wp-json\/wp\/v2\/comments?post=283"}],"version-history":[{"count":14,"href":"https:\/\/dev01.lliuretic.cat\/avd\/webshopavd\/wp-json\/wp\/v2\/pages\/283\/revisions"}],"predecessor-version":[{"id":596,"href":"https:\/\/dev01.lliuretic.cat\/avd\/webshopavd\/wp-json\/wp\/v2\/pages\/283\/revisions\/596"}],"wp:attachment":[{"href":"https:\/\/dev01.lliuretic.cat\/avd\/webshopavd\/wp-json\/wp\/v2\/media?parent=283"}],"curies":[{"name":"wp","href":"https:\/\/api.w.org\/{rel}","templated":true}]}}