{"id":42,"date":"2025-01-22T10:54:26","date_gmt":"2025-01-22T09:54:26","guid":{"rendered":"https:\/\/dev01.lliuretic.cat\/webshopavd\/?page_id=42"},"modified":"2025-04-15T11:37:14","modified_gmt":"2025-04-15T09:37:14","slug":"quienes-somos","status":"publish","type":"page","link":"https:\/\/dev01.lliuretic.cat\/avd\/webshopavd\/quienes-somos\/","title":{"rendered":"Quienes somos"},"content":{"rendered":"<div class=\"fusion-fullwidth fullwidth-box fusion-builder-row-1 fusion-flex-container nonhundred-percent-fullwidth non-hundred-percent-height-scrolling\" style=\"--awb-border-radius-top-left:0px;--awb-border-radius-top-right:0px;--awb-border-radius-bottom-right:0px;--awb-border-radius-bottom-left:0px;--awb-flex-wrap:wrap;\" ><div class=\"fusion-builder-row fusion-row fusion-flex-align-items-flex-start fusion-flex-content-wrap\" style=\"max-width:1248px;margin-left: calc(-4% \/ 2 );margin-right: calc(-4% \/ 2 );\"><div class=\"fusion-layout-column fusion_builder_column fusion-builder-column-0 fusion_builder_column_1_1 1_1 fusion-flex-column\" style=\"--awb-bg-blend:overlay;--awb-bg-size:cover;--awb-width-large:100%;--awb-margin-top-large:0px;--awb-spacing-right-large:1.92%;--awb-margin-bottom-large:0px;--awb-spacing-left-large:1.92%;--awb-width-medium:100%;--awb-spacing-right-medium:1.92%;--awb-spacing-left-medium:1.92%;--awb-width-small:100%;--awb-spacing-right-small:1.92%;--awb-spacing-left-small:1.92%;\"><div class=\"fusion-column-wrapper fusion-flex-justify-content-flex-start fusion-content-layout-column\"><div class=\"fusion-text fusion-text-1\" style=\"--awb-content-alignment:justify;\" id=\"justify-text\"><p><strong><img decoding=\"async\" class=\"lazyload wp-image-43 aligncenter\" src=\"https:\/\/dev01.lliuretic.cat\/webshopavd\/wp-content\/uploads\/2025\/01\/chisiamo2-300x86.jpg\" data-orig-src=\"https:\/\/dev01.lliuretic.cat\/webshopavd\/wp-content\/uploads\/2025\/01\/chisiamo2-300x86.jpg\" alt=\"\" width=\"1236\" height=\"354\" srcset=\"data:image\/svg+xml,%3Csvg%20xmlns%3D%27http%3A%2F%2Fwww.w3.org%2F2000%2Fsvg%27%20width%3D%271236%27%20height%3D%27354%27%20viewBox%3D%270%200%201236%20354%27%3E%3Crect%20width%3D%271236%27%20height%3D%27354%27%20fill-opacity%3D%220%22%2F%3E%3C%2Fsvg%3E\" data-srcset=\"https:\/\/dev01.lliuretic.cat\/avd\/webshopavd\/wp-content\/uploads\/2025\/01\/chisiamo2-64x18.jpg 64w, https:\/\/dev01.lliuretic.cat\/avd\/webshopavd\/wp-content\/uploads\/2025\/01\/chisiamo2-200x57.jpg 200w, https:\/\/dev01.lliuretic.cat\/avd\/webshopavd\/wp-content\/uploads\/2025\/01\/chisiamo2-300x86.jpg 300w, https:\/\/dev01.lliuretic.cat\/avd\/webshopavd\/wp-content\/uploads\/2025\/01\/chisiamo2-400x114.jpg 400w, https:\/\/dev01.lliuretic.cat\/avd\/webshopavd\/wp-content\/uploads\/2025\/01\/chisiamo2-500x143.jpg 500w, https:\/\/dev01.lliuretic.cat\/avd\/webshopavd\/wp-content\/uploads\/2025\/01\/chisiamo2-600x171.jpg 600w, https:\/\/dev01.lliuretic.cat\/avd\/webshopavd\/wp-content\/uploads\/2025\/01\/chisiamo2-700x200.jpg 700w, https:\/\/dev01.lliuretic.cat\/avd\/webshopavd\/wp-content\/uploads\/2025\/01\/chisiamo2-768x219.jpg 768w, https:\/\/dev01.lliuretic.cat\/avd\/webshopavd\/wp-content\/uploads\/2025\/01\/chisiamo2-800x228.jpg 800w, https:\/\/dev01.lliuretic.cat\/avd\/webshopavd\/wp-content\/uploads\/2025\/01\/chisiamo2-1024x292.jpg 1024w, https:\/\/dev01.lliuretic.cat\/avd\/webshopavd\/wp-content\/uploads\/2025\/01\/chisiamo2-1200x343.jpg 1200w, https:\/\/dev01.lliuretic.cat\/avd\/webshopavd\/wp-content\/uploads\/2025\/01\/chisiamo2-1536x439.jpg 1536w, https:\/\/dev01.lliuretic.cat\/avd\/webshopavd\/wp-content\/uploads\/2025\/01\/chisiamo2.jpg 1867w\" data-sizes=\"auto\" data-orig-sizes=\"(max-width: 1236px) 100vw, 1236px\" \/><\/strong><\/p>\n<p><b>QUIENES SOMOS<\/b><\/p>\n<p align=\"justify\">En el coraz\u00f3n de nuestra misi\u00f3n empresarial se encuentra el <b>bienestar integral del individuo<\/b> y su calidad de vida. Todo lo que hacemos gira en torno a este prop\u00f3sito: desde la cuidadosa selecci\u00f3n de materias primas cada vez m\u00e1s eficaces, hasta el desarrollo de <b>formulaciones innovadoras<\/b>, pasando por <b>procesos productivos exclusivos<\/b>, como la energizaci\u00f3n del agua, y un <b>compromiso inquebrantable con la calidad constante a lo largo del tiempo<\/b>. Nuestro objetivo es consolidarnos como <b>referente en la producci\u00f3n de complementos alimenticios<\/b> a base de <b>extractos de plantas y hongos medicinales<\/b>, con formulaciones pensadas tanto para el <b>tratamiento de patolog\u00edas espec\u00edficas<\/b>, como para <b>promover el equilibrio y el bienestar general del paciente<\/b>. Aspiramos a ser l\u00edderes en el \u00e1mbito de la <b>Micoterapia especializada<\/b>, combinando tradici\u00f3n, ciencia y tecnolog\u00eda. Cada d\u00eda trabajamos para garantizar productos <b>libres de contaminantes<\/b>, cultivados en <b>atm\u00f3sferas controladas y protegidas<\/b>, con el respaldo de certificados de calidad emitidos por la <b>Uni\u00f3n Europea<\/b> y el <b>Comit\u00e9 de Agricultura Ecol\u00f3gica<\/b>. Todo ello, con un profundo respeto por la salud, el entorno y las personas que forman parte de nuestra cadena de valor. Impulsados por la Investigaci\u00f3n, el Desarrollo y la Innovaci\u00f3n (<b>I+D+I<\/b>), invertimos de forma constante en la creaci\u00f3n de <b>fito y micoter\u00e1picos de alta calidad<\/b>. Nuestra fortaleza reside en el profundo conocimiento de las <b>plantas y hongos medicinales<\/b>, en la validaci\u00f3n cient\u00edfica de sus <b>principios activos<\/b>, en el estudio riguroso de su uso tradicional y en la formulaci\u00f3n moderna de extractos concentrados en diferentes presentaciones: gotas, c\u00e1psulas y macerados. Desde nuestros inicios, hemos apostado por fomentar una <b>cultura cient\u00edfica en torno al uso de plantas medicinales<\/b>, organizando <b>cursos y seminarios dirigidos a m\u00e9dicos, farmac\u00e9uticos, natur\u00f3patas y profesionales de la salud<\/b>. Nuestro valor fundamental es el <b>respeto<\/b>: por la salud del consumidor, por la naturaleza y por todas las personas que colaboran con nosotros.<\/p>\n<\/div><\/div><\/div><\/div><\/div>\n","protected":false},"excerpt":{"rendered":"","protected":false},"author":1,"featured_media":0,"parent":0,"menu_order":0,"comment_status":"closed","ping_status":"closed","template":"100-width.php","meta":{"footnotes":""},"class_list":["post-42","page","type-page","status-publish","hentry"],"_links":{"self":[{"href":"https:\/\/dev01.lliuretic.cat\/avd\/webshopavd\/wp-json\/wp\/v2\/pages\/42","targetHints":{"allow":["GET"]}}],"collection":[{"href":"https:\/\/dev01.lliuretic.cat\/avd\/webshopavd\/wp-json\/wp\/v2\/pages"}],"about":[{"href":"https:\/\/dev01.lliuretic.cat\/avd\/webshopavd\/wp-json\/wp\/v2\/types\/page"}],"author":[{"embeddable":true,"href":"https:\/\/dev01.lliuretic.cat\/avd\/webshopavd\/wp-json\/wp\/v2\/users\/1"}],"replies":[{"embeddable":true,"href":"https:\/\/dev01.lliuretic.cat\/avd\/webshopavd\/wp-json\/wp\/v2\/comments?post=42"}],"version-history":[{"count":89,"href":"https:\/\/dev01.lliuretic.cat\/avd\/webshopavd\/wp-json\/wp\/v2\/pages\/42\/revisions"}],"predecessor-version":[{"id":606,"href":"https:\/\/dev01.lliuretic.cat\/avd\/webshopavd\/wp-json\/wp\/v2\/pages\/42\/revisions\/606"}],"wp:attachment":[{"href":"https:\/\/dev01.lliuretic.cat\/avd\/webshopavd\/wp-json\/wp\/v2\/media?parent=42"}],"curies":[{"name":"wp","href":"https:\/\/api.w.org\/{rel}","templated":true}]}}