{"id":182,"date":"2025-01-24T11:10:20","date_gmt":"2025-01-24T10:10:20","guid":{"rendered":"https:\/\/dev01.lliuretic.cat\/webshopavd\/?post_type=product&#038;p=182"},"modified":"2026-04-01T09:03:12","modified_gmt":"2026-04-01T07:03:12","slug":"micotherapy-glico","status":"publish","type":"product","link":"https:\/\/dev01.lliuretic.cat\/avd\/webshopavd\/producto\/micotherapy-glico\/","title":{"rendered":"Micotherapy Glico"},"content":{"rendered":"<p><img decoding=\"async\" class=\"lazyload alignnone size-medium wp-image-186\" src=\"https:\/\/dev01.lliuretic.cat\/webshopavd\/wp-content\/uploads\/2025\/01\/logoAVDProd-300x113.png\" data-orig-src=\"https:\/\/dev01.lliuretic.cat\/webshopavd\/wp-content\/uploads\/2025\/01\/logoAVDProd-300x113.png\" alt=\"\" width=\"300\" height=\"113\" srcset=\"data:image\/svg+xml,%3Csvg%20xmlns%3D%27http%3A%2F%2Fwww.w3.org%2F2000%2Fsvg%27%20width%3D%27300%27%20height%3D%27113%27%20viewBox%3D%270%200%20300%20113%27%3E%3Crect%20width%3D%27300%27%20height%3D%27113%27%20fill-opacity%3D%220%22%2F%3E%3C%2Fsvg%3E\" data-srcset=\"https:\/\/dev01.lliuretic.cat\/avd\/webshopavd\/wp-content\/uploads\/2025\/01\/logoAVDProd-64x24.png 64w, https:\/\/dev01.lliuretic.cat\/avd\/webshopavd\/wp-content\/uploads\/2025\/01\/logoAVDProd-200x75.png 200w, https:\/\/dev01.lliuretic.cat\/avd\/webshopavd\/wp-content\/uploads\/2025\/01\/logoAVDProd-300x113.png 300w, https:\/\/dev01.lliuretic.cat\/avd\/webshopavd\/wp-content\/uploads\/2025\/01\/logoAVDProd-400x150.png 400w, https:\/\/dev01.lliuretic.cat\/avd\/webshopavd\/wp-content\/uploads\/2025\/01\/logoAVDProd-500x188.png 500w, https:\/\/dev01.lliuretic.cat\/avd\/webshopavd\/wp-content\/uploads\/2025\/01\/logoAVDProd-600x225.png 600w, https:\/\/dev01.lliuretic.cat\/avd\/webshopavd\/wp-content\/uploads\/2025\/01\/logoAVDProd-700x263.png 700w, https:\/\/dev01.lliuretic.cat\/avd\/webshopavd\/wp-content\/uploads\/2025\/01\/logoAVDProd-768x288.png 768w, https:\/\/dev01.lliuretic.cat\/avd\/webshopavd\/wp-content\/uploads\/2025\/01\/logoAVDProd.png 800w\" data-sizes=\"auto\" data-orig-sizes=\"(max-width: 300px) 100vw, 300px\" \/><br \/>\n<strong>Micotherapy Glico<\/strong><br \/>\nComplemento alimenticio a base de Coprinus comatus de agricultura ecol\u00f3gica, extractos de plantas y Cromo. Es una formulaci\u00f3n estudiada para favorecer el metabolismo de los hidratos de carbono, contribuyendo al mantenimiento de niveles normales de glucosa en sangre.<\/p>\n<p><strong>Propiedades<\/strong><\/p>\n<p>Com\u00fanmente conocido como \u00abShaggy mane\u00bb en Am\u00e9rica y como \u00abSeta de tinta\u00bb en Espa\u00f1a, el Coprinus comatus es un hongo que favorece la reducci\u00f3n de la glucemia y resulta muy \u00fatil como soporte en condiciones de control alterado de la glucosa sangu\u00ednea.<\/p>\n<p><strong>Propiedades de los componentes<\/strong><\/p>\n<p>&#8211; Gymnema: reduce la absorci\u00f3n de los az\u00facares hasta el 50%. Mejora el metabolismo de la glucosa a nivel intracelular y favorece el control de la glucemia.<\/p>\n<p>&#8211; Banaba: mejora el empleo de la glucosa por parte de las c\u00e9lulas, favoreciendo la reducci\u00f3n de la glucemia; adem\u00e1s, contribuye a la disminuci\u00f3n de las grasas en el h\u00edgado.<\/p>\n<p>&#8211; Escaramujo: es una de las fuentes naturales m\u00e1s ricas en vitamina C. Refuerza las defensas del organismo contra las infecciones y es especialmente importante en situaciones de control alterado de la glucemia.<\/p>\n<p>&#8211; Azufre sublimado: el azufre es un importante componente de la mol\u00e9cula del Glutati\u00f3n.<\/p>\n<p>&#8211; Picolinato de Cromo: favorece la acci\u00f3n anab\u00f3lica de la insulina y el anabolismo muscular; aumenta el metabolismo de grasas e hidratos de carbono y contribuye a regularizar los niveles gluc\u00e9micos. Reduce la sensaci\u00f3n de hambre y las \u201cganas de dulces\u201d.<\/p>\n<p><strong>Ingredientes<\/strong><\/p>\n<ul>\n<li style=\"list-style-type: none;\">\n<ul>&#8211; Coprino comatus micelio y cuerpo fruct\u00edfero<\/ul>\n<\/li>\n<\/ul>\n<p>&nbsp;<\/p>\n<ul>\n<li style=\"list-style-type: none;\">\n<ul>&#8211; Gymnema extr. seco (titulado al 75% en \u00e1cido gimn\u00e9mico)<\/ul>\n<\/li>\n<\/ul>\n<p>&nbsp;<\/p>\n<ul>\n<li style=\"list-style-type: none;\">\n<ul>&#8211; Banaba extr. seco (titulado al 1% en \u00e1cido coros\u00f3lico)<\/ul>\n<\/li>\n<\/ul>\n<p>&nbsp;<\/p>\n<ul>\n<li style=\"list-style-type: none;\">\n<ul>&#8211; Escaramujo extr. seco tit. vit. C (titulado al 70% en Vit. C)<\/ul>\n<\/li>\n<\/ul>\n<p>&nbsp;<\/p>\n<ul>\n<li style=\"list-style-type: none;\">\n<ul>&#8211; Azufre sublimado<\/ul>\n<\/li>\n<\/ul>\n<p>&nbsp;<\/p>\n<ul>&#8211; Picolinato de cromo<\/ul>\n<p><strong>Modo de empleo<\/strong><\/p>\n<p>1 c\u00e1psula tres veces al d\u00eda, una hora antes de las comidas.<\/p>\n<p><strong>Envase<\/strong><\/p>\n<p>90 c\u00e1psulas<\/p>\n","protected":false},"excerpt":{"rendered":"<p>Complemento alimenticio a base de Coprinus comatus de agricultura ecol\u00f3gica, extractos de plantas y Cromo. Es una formulaci\u00f3n estudiada para favorecer el metabolismo de los hidratos de carbono, contribuyendo al mantenimiento de niveles normales de glucosa en sangre.<\/p>\n","protected":false},"featured_media":555,"template":"","meta":[],"product_brand":[],"product_cat":[32,18],"product_tag":[],"class_list":{"0":"post-182","1":"product","2":"type-product","3":"status-publish","4":"has-post-thumbnail","6":"product_cat-control-de-la-glucemia","7":"product_cat-linea-micotherapy","9":"first","10":"instock","11":"sale","12":"taxable","13":"shipping-taxable","14":"purchasable","15":"product-type-simple"},"_links":{"self":[{"href":"https:\/\/dev01.lliuretic.cat\/avd\/webshopavd\/wp-json\/wp\/v2\/product\/182","targetHints":{"allow":["GET"]}}],"collection":[{"href":"https:\/\/dev01.lliuretic.cat\/avd\/webshopavd\/wp-json\/wp\/v2\/product"}],"about":[{"href":"https:\/\/dev01.lliuretic.cat\/avd\/webshopavd\/wp-json\/wp\/v2\/types\/product"}],"wp:featuredmedia":[{"embeddable":true,"href":"https:\/\/dev01.lliuretic.cat\/avd\/webshopavd\/wp-json\/wp\/v2\/media\/555"}],"wp:attachment":[{"href":"https:\/\/dev01.lliuretic.cat\/avd\/webshopavd\/wp-json\/wp\/v2\/media?parent=182"}],"wp:term":[{"taxonomy":"product_brand","embeddable":true,"href":"https:\/\/dev01.lliuretic.cat\/avd\/webshopavd\/wp-json\/wp\/v2\/product_brand?post=182"},{"taxonomy":"product_cat","embeddable":true,"href":"https:\/\/dev01.lliuretic.cat\/avd\/webshopavd\/wp-json\/wp\/v2\/product_cat?post=182"},{"taxonomy":"product_tag","embeddable":true,"href":"https:\/\/dev01.lliuretic.cat\/avd\/webshopavd\/wp-json\/wp\/v2\/product_tag?post=182"}],"curies":[{"name":"wp","href":"https:\/\/api.w.org\/{rel}","templated":true}]}}