{"id":184,"date":"2025-01-24T11:20:30","date_gmt":"2025-01-24T10:20:30","guid":{"rendered":"https:\/\/dev01.lliuretic.cat\/webshopavd\/?post_type=product&#038;p=184"},"modified":"2026-04-01T09:03:12","modified_gmt":"2026-04-01T07:03:12","slug":"micotherapy-shitake","status":"publish","type":"product","link":"https:\/\/dev01.lliuretic.cat\/avd\/webshopavd\/producto\/micotherapy-shitake\/","title":{"rendered":"Micotherapy Shitake"},"content":{"rendered":"<p><img decoding=\"async\" class=\"lazyload alignnone size-medium wp-image-186\" src=\"https:\/\/dev01.lliuretic.cat\/webshopavd\/wp-content\/uploads\/2025\/01\/logoAVDProd-300x113.png\" data-orig-src=\"https:\/\/dev01.lliuretic.cat\/webshopavd\/wp-content\/uploads\/2025\/01\/logoAVDProd-300x113.png\" alt=\"\" width=\"300\" height=\"113\" srcset=\"data:image\/svg+xml,%3Csvg%20xmlns%3D%27http%3A%2F%2Fwww.w3.org%2F2000%2Fsvg%27%20width%3D%27300%27%20height%3D%27113%27%20viewBox%3D%270%200%20300%20113%27%3E%3Crect%20width%3D%27300%27%20height%3D%27113%27%20fill-opacity%3D%220%22%2F%3E%3C%2Fsvg%3E\" data-srcset=\"https:\/\/dev01.lliuretic.cat\/avd\/webshopavd\/wp-content\/uploads\/2025\/01\/logoAVDProd-64x24.png 64w, https:\/\/dev01.lliuretic.cat\/avd\/webshopavd\/wp-content\/uploads\/2025\/01\/logoAVDProd-200x75.png 200w, https:\/\/dev01.lliuretic.cat\/avd\/webshopavd\/wp-content\/uploads\/2025\/01\/logoAVDProd-300x113.png 300w, https:\/\/dev01.lliuretic.cat\/avd\/webshopavd\/wp-content\/uploads\/2025\/01\/logoAVDProd-400x150.png 400w, https:\/\/dev01.lliuretic.cat\/avd\/webshopavd\/wp-content\/uploads\/2025\/01\/logoAVDProd-500x188.png 500w, https:\/\/dev01.lliuretic.cat\/avd\/webshopavd\/wp-content\/uploads\/2025\/01\/logoAVDProd-600x225.png 600w, https:\/\/dev01.lliuretic.cat\/avd\/webshopavd\/wp-content\/uploads\/2025\/01\/logoAVDProd-700x263.png 700w, https:\/\/dev01.lliuretic.cat\/avd\/webshopavd\/wp-content\/uploads\/2025\/01\/logoAVDProd-768x288.png 768w, https:\/\/dev01.lliuretic.cat\/avd\/webshopavd\/wp-content\/uploads\/2025\/01\/logoAVDProd.png 800w\" data-sizes=\"auto\" data-orig-sizes=\"(max-width: 300px) 100vw, 300px\" \/><br \/>\n<strong>Micotherapy Shiitake<\/strong><br \/>\nComplemento alimenticio a base de Shiitake (Lentinula edodes) de agricultura ecol\u00f3gica (IT BIO 006) &#8211; Made in Europe. Tambi\u00e9n llamado \u00abRey de los hongos\u00bb, el Shiitake tradicionalmente ha sido utilizado en Oriente para potenciar la respuesta inmunitaria, promover la longevidad y para el mantenimiento de la salud y el bienestar psicof\u00edsico.<\/p>\n<p><strong>Propiedades<\/strong><\/p>\n<p>El Shiitake es rico en mol\u00e9culas bioactivas, micro y macronutrientes, minerales, amino\u00e1cidos, vitaminas, enzimas, fibras y metabolitos secundarios. Entre los amino\u00e1cidos, una buena hay cantidad de \u00e1cido glut\u00e1mico, tambi\u00e9n llamado \u00abbrain food\u00bb, alimento para el cerebro, que favorece la producci\u00f3n de neurotransmisores y el transporte de Potasio a nivel cerebral. Contiene elevados niveles de polisac\u00e1ridos (betaglucanos), entre ellos el Lentinan, un betaglucano ramificado (\u03b2 1-3\u03b2 1-6) que ha puesto de manifiesto importantes propiedades de inmunomodulaci\u00f3n. Una sustancia particularmente eficaz contenida en el Shiitake es la eritadenina, considerada el componente bioactivo m\u00e1s importante responsable del descenso de los niveles de colesterol.<\/p>\n<p><strong>Ingredientes<\/strong><\/p>\n<p>Shiitake (Lentinula edodes) de agricultura ecol\u00f3gica cuerpo fruct\u00edfero y micelio<\/p>\n<p><strong>Modo de empleo<\/strong><\/p>\n<p>1 c\u00e1psula tres veces al d\u00eda, preferentemente alejada de las comidas.<\/p>\n<p><strong>Envase<\/strong><\/p>\n<p>90 c\u00e1psulas<\/p>\n","protected":false},"excerpt":{"rendered":"<p>Complemento alimenticio a base de Shiitake (Lentinula edodes) de agricultura ecol\u00f3gica (IT BIO 006) &#8211; Made in Europe. Tambi\u00e9n llamado \u00abRey de los hongos\u00bb, el Shiitake tradicionalmente ha sido utilizado en Oriente para potenciar la respuesta inmunitaria, promover la longevidad y para el mantenimiento de la salud y el bienestar psicof\u00edsico.<\/p>\n","protected":false},"featured_media":554,"template":"","meta":[],"product_brand":[],"product_cat":[22,18],"product_tag":[],"class_list":{"0":"post-184","1":"product","2":"type-product","3":"status-publish","4":"has-post-thumbnail","6":"product_cat-defensas-inmunitarias","7":"product_cat-linea-micotherapy","9":"first","10":"instock","11":"sale","12":"taxable","13":"shipping-taxable","14":"purchasable","15":"product-type-simple"},"_links":{"self":[{"href":"https:\/\/dev01.lliuretic.cat\/avd\/webshopavd\/wp-json\/wp\/v2\/product\/184","targetHints":{"allow":["GET"]}}],"collection":[{"href":"https:\/\/dev01.lliuretic.cat\/avd\/webshopavd\/wp-json\/wp\/v2\/product"}],"about":[{"href":"https:\/\/dev01.lliuretic.cat\/avd\/webshopavd\/wp-json\/wp\/v2\/types\/product"}],"wp:featuredmedia":[{"embeddable":true,"href":"https:\/\/dev01.lliuretic.cat\/avd\/webshopavd\/wp-json\/wp\/v2\/media\/554"}],"wp:attachment":[{"href":"https:\/\/dev01.lliuretic.cat\/avd\/webshopavd\/wp-json\/wp\/v2\/media?parent=184"}],"wp:term":[{"taxonomy":"product_brand","embeddable":true,"href":"https:\/\/dev01.lliuretic.cat\/avd\/webshopavd\/wp-json\/wp\/v2\/product_brand?post=184"},{"taxonomy":"product_cat","embeddable":true,"href":"https:\/\/dev01.lliuretic.cat\/avd\/webshopavd\/wp-json\/wp\/v2\/product_cat?post=184"},{"taxonomy":"product_tag","embeddable":true,"href":"https:\/\/dev01.lliuretic.cat\/avd\/webshopavd\/wp-json\/wp\/v2\/product_tag?post=184"}],"curies":[{"name":"wp","href":"https:\/\/api.w.org\/{rel}","templated":true}]}}