{"id":190,"date":"2025-01-24T11:33:14","date_gmt":"2025-01-24T10:33:14","guid":{"rendered":"https:\/\/dev01.lliuretic.cat\/webshopavd\/?post_type=product&#038;p=190"},"modified":"2026-04-01T09:03:12","modified_gmt":"2026-04-01T07:03:12","slug":"micotherapy-maitake","status":"publish","type":"product","link":"https:\/\/dev01.lliuretic.cat\/avd\/webshopavd\/producto\/micotherapy-maitake\/","title":{"rendered":"Micotherapy Maitake"},"content":{"rendered":"<p><img decoding=\"async\" class=\"lazyload alignnone size-medium wp-image-186\" src=\"https:\/\/dev01.lliuretic.cat\/webshopavd\/wp-content\/uploads\/2025\/01\/logoAVDProd-300x113.png\" data-orig-src=\"https:\/\/dev01.lliuretic.cat\/webshopavd\/wp-content\/uploads\/2025\/01\/logoAVDProd-300x113.png\" alt=\"\" width=\"300\" height=\"113\" srcset=\"data:image\/svg+xml,%3Csvg%20xmlns%3D%27http%3A%2F%2Fwww.w3.org%2F2000%2Fsvg%27%20width%3D%27300%27%20height%3D%27113%27%20viewBox%3D%270%200%20300%20113%27%3E%3Crect%20width%3D%27300%27%20height%3D%27113%27%20fill-opacity%3D%220%22%2F%3E%3C%2Fsvg%3E\" data-srcset=\"https:\/\/dev01.lliuretic.cat\/avd\/webshopavd\/wp-content\/uploads\/2025\/01\/logoAVDProd-64x24.png 64w, https:\/\/dev01.lliuretic.cat\/avd\/webshopavd\/wp-content\/uploads\/2025\/01\/logoAVDProd-200x75.png 200w, https:\/\/dev01.lliuretic.cat\/avd\/webshopavd\/wp-content\/uploads\/2025\/01\/logoAVDProd-300x113.png 300w, https:\/\/dev01.lliuretic.cat\/avd\/webshopavd\/wp-content\/uploads\/2025\/01\/logoAVDProd-400x150.png 400w, https:\/\/dev01.lliuretic.cat\/avd\/webshopavd\/wp-content\/uploads\/2025\/01\/logoAVDProd-500x188.png 500w, https:\/\/dev01.lliuretic.cat\/avd\/webshopavd\/wp-content\/uploads\/2025\/01\/logoAVDProd-600x225.png 600w, https:\/\/dev01.lliuretic.cat\/avd\/webshopavd\/wp-content\/uploads\/2025\/01\/logoAVDProd-700x263.png 700w, https:\/\/dev01.lliuretic.cat\/avd\/webshopavd\/wp-content\/uploads\/2025\/01\/logoAVDProd-768x288.png 768w, https:\/\/dev01.lliuretic.cat\/avd\/webshopavd\/wp-content\/uploads\/2025\/01\/logoAVDProd.png 800w\" data-sizes=\"auto\" data-orig-sizes=\"(max-width: 300px) 100vw, 300px\" \/><br \/>\n<strong>Micotherapy Maitake<\/strong><br \/>\nComplemento alimenticio a base de Maitake (Grifola frondosa) de agricultura ecol\u00f3gica (IT BIO 006) &#8211; Made in Europe. Llamado tambi\u00e9n \u201cRey de los hongos\u201d, el Maitake es considerado un t\u00f3nico adapt\u00f3geno, \u00fatil para reequilibrar las funciones del organismo, aumentar la vitalidad y potenciar la respuesta inmunitaria. Una serie de estudios ha puesto de manifiesto la importancia del Maitake en el tratamiento de las problem\u00e1ticas metab\u00f3licas.<\/p>\n<p><strong>Propiedades<\/strong><\/p>\n<p>Numerosos estudios realizados a partir de los a\u00f1os 80 han revelado que los polisac\u00e1ridos contenidos en el Maitake presentan una estructura singular y \u00fanica que lo hacen especialmente poderoso incluso cuando se administra por v\u00eda oral. Entre las distintas fracciones polisacar\u00eddicas aisladas se valor\u00f3 la eficacia de la fracci\u00f3n D y de la fracci\u00f3n X: la primera result\u00f3 particularmente eficaz sobre el sistema inmunitario, la segunda a nivel metab\u00f3lico. Estudios y observaciones m\u00e1s recientes han demostrado que el hongo entero (micelio y cuerpo fruct\u00edfero o esporocarpio) es m\u00e1s eficaz que el extracto a nivel metab\u00f3lico y puede resultar \u00fatil para controlar el aumento ponderal y para reequilibrar el perfil lip\u00eddico, sosteniendo al mismo tiempo la funcionalidad hep\u00e1tica.<\/p>\n<p><strong>Ingredientes<\/strong><\/p>\n<p>Maitake (Grifola frondosa) de agricultura ecol\u00f3gica, cuerpo fruct\u00edfero y micelio<\/p>\n<p><strong>Modo de empleo<\/strong><\/p>\n<p>1 c\u00e1psula tres veces al d\u00eda, preferentemente lejos de las comidas.<\/p>\n<p><strong>Envase<\/strong><\/p>\n<p>90 c\u00e1psulas<\/p>\n","protected":false},"excerpt":{"rendered":"<p>Complemento alimenticio a base de Maitake (Grifola frondosa) de agricultura ecol\u00f3gica (IT BIO 006) &#8211; Made in Europe. Llamado tambi\u00e9n \u201cRey de los hongos\u201d, el Maitake es considerado un t\u00f3nico adapt\u00f3geno, \u00fatil para reequilibrar las funciones del organismo, aumentar la vitalidad y potenciar la respuesta inmunitaria. Una serie de estudios ha puesto de manifiesto la importancia del Maitake en el tratamiento de las problem\u00e1ticas metab\u00f3licas.<\/p>\n","protected":false},"featured_media":553,"template":"","meta":[],"product_brand":[],"product_cat":[23,18],"product_tag":[],"class_list":{"0":"post-190","1":"product","2":"type-product","3":"status-publish","4":"has-post-thumbnail","6":"product_cat-control-del-peso","7":"product_cat-linea-micotherapy","9":"first","10":"instock","11":"sale","12":"taxable","13":"shipping-taxable","14":"purchasable","15":"product-type-simple"},"_links":{"self":[{"href":"https:\/\/dev01.lliuretic.cat\/avd\/webshopavd\/wp-json\/wp\/v2\/product\/190","targetHints":{"allow":["GET"]}}],"collection":[{"href":"https:\/\/dev01.lliuretic.cat\/avd\/webshopavd\/wp-json\/wp\/v2\/product"}],"about":[{"href":"https:\/\/dev01.lliuretic.cat\/avd\/webshopavd\/wp-json\/wp\/v2\/types\/product"}],"wp:featuredmedia":[{"embeddable":true,"href":"https:\/\/dev01.lliuretic.cat\/avd\/webshopavd\/wp-json\/wp\/v2\/media\/553"}],"wp:attachment":[{"href":"https:\/\/dev01.lliuretic.cat\/avd\/webshopavd\/wp-json\/wp\/v2\/media?parent=190"}],"wp:term":[{"taxonomy":"product_brand","embeddable":true,"href":"https:\/\/dev01.lliuretic.cat\/avd\/webshopavd\/wp-json\/wp\/v2\/product_brand?post=190"},{"taxonomy":"product_cat","embeddable":true,"href":"https:\/\/dev01.lliuretic.cat\/avd\/webshopavd\/wp-json\/wp\/v2\/product_cat?post=190"},{"taxonomy":"product_tag","embeddable":true,"href":"https:\/\/dev01.lliuretic.cat\/avd\/webshopavd\/wp-json\/wp\/v2\/product_tag?post=190"}],"curies":[{"name":"wp","href":"https:\/\/api.w.org\/{rel}","templated":true}]}}