{"id":192,"date":"2025-01-24T11:37:46","date_gmt":"2025-01-24T10:37:46","guid":{"rendered":"https:\/\/dev01.lliuretic.cat\/webshopavd\/?post_type=product&#038;p=192"},"modified":"2026-04-01T09:03:12","modified_gmt":"2026-04-01T07:03:12","slug":"micotherapy-reishi","status":"publish","type":"product","link":"https:\/\/dev01.lliuretic.cat\/avd\/webshopavd\/producto\/micotherapy-reishi\/","title":{"rendered":"Micotherapy Reishi"},"content":{"rendered":"<p><img decoding=\"async\" class=\"lazyload alignnone size-medium wp-image-186\" src=\"https:\/\/dev01.lliuretic.cat\/webshopavd\/wp-content\/uploads\/2025\/01\/logoAVDProd-300x113.png\" data-orig-src=\"https:\/\/dev01.lliuretic.cat\/webshopavd\/wp-content\/uploads\/2025\/01\/logoAVDProd-300x113.png\" alt=\"\" width=\"300\" height=\"113\" srcset=\"data:image\/svg+xml,%3Csvg%20xmlns%3D%27http%3A%2F%2Fwww.w3.org%2F2000%2Fsvg%27%20width%3D%27300%27%20height%3D%27113%27%20viewBox%3D%270%200%20300%20113%27%3E%3Crect%20width%3D%27300%27%20height%3D%27113%27%20fill-opacity%3D%220%22%2F%3E%3C%2Fsvg%3E\" data-srcset=\"https:\/\/dev01.lliuretic.cat\/avd\/webshopavd\/wp-content\/uploads\/2025\/01\/logoAVDProd-64x24.png 64w, https:\/\/dev01.lliuretic.cat\/avd\/webshopavd\/wp-content\/uploads\/2025\/01\/logoAVDProd-200x75.png 200w, https:\/\/dev01.lliuretic.cat\/avd\/webshopavd\/wp-content\/uploads\/2025\/01\/logoAVDProd-300x113.png 300w, https:\/\/dev01.lliuretic.cat\/avd\/webshopavd\/wp-content\/uploads\/2025\/01\/logoAVDProd-400x150.png 400w, https:\/\/dev01.lliuretic.cat\/avd\/webshopavd\/wp-content\/uploads\/2025\/01\/logoAVDProd-500x188.png 500w, https:\/\/dev01.lliuretic.cat\/avd\/webshopavd\/wp-content\/uploads\/2025\/01\/logoAVDProd-600x225.png 600w, https:\/\/dev01.lliuretic.cat\/avd\/webshopavd\/wp-content\/uploads\/2025\/01\/logoAVDProd-700x263.png 700w, https:\/\/dev01.lliuretic.cat\/avd\/webshopavd\/wp-content\/uploads\/2025\/01\/logoAVDProd-768x288.png 768w, https:\/\/dev01.lliuretic.cat\/avd\/webshopavd\/wp-content\/uploads\/2025\/01\/logoAVDProd.png 800w\" data-sizes=\"auto\" data-orig-sizes=\"(max-width: 300px) 100vw, 300px\" \/><br \/>\n<strong>Micotherapy Reishi<\/strong><br \/>\nComplemento alimenticio a base de Reishi (Ganoderma lucidum) de agricultura ecol\u00f3gica (IT BIO 006) &#8211; Made in Europe. el Reishi puede ayudar a reforzar el sistema inmunol\u00f3gico y a estimular el cuerpo cuando existe agotamiento.<\/p>\n<p><strong>Propiedades<\/strong><\/p>\n<p>El Reishi es un hongo en el que se han aislado numerosos compuestos bioactivos que explican en parte sus funciones. Los m\u00e1s relevantes son: polisac\u00e1ridos, en especial betaglucanos, glicoprote\u00ednas, triterpenos, esteroles, amino\u00e1cidos, nucle\u00f3sidos, vitaminas y minerales, entre ellos el Germanio en elevada cantidad. Gracias a sus propiedades, el Reishi ayuda a reforzar el sistema inmunitario, reducir el colesterol en sangre y potenciar nuestro bienestar f\u00edsico.<\/p>\n<p><strong>Ingredientes por dosis diaria (3 cps)<\/strong><\/p>\n<p>Reishi (Ganoderma lucidum) de agricultura ecol\u00f3gica, hongo entero pulverizado y extracto seco (tit. 25% en polisac\u00e1ridos)<\/p>\n<p>Ganoderma lucidum P. Karst, extracto seco (960 mg)<\/p>\n<p>Aporte en polisac\u00e1ridos (240 mg)<\/p>\n<p>Aporte en Ergotioneina (227 \u03bcg)<\/p>\n<p>Ganoderma lucidum sporophorum (240 mg)<\/p>\n<p>C\u00e1psula vegetal: hidroxipropilmetilcelulosa<\/p>\n<p><strong>Alergenos:<\/strong> No contiene<\/p>\n<p><strong>Modo de empleo<\/strong><\/p>\n<p>1 c\u00e1psula tres veces al d\u00eda, preferentemente lejos de las comidas.<\/p>\n<p><strong>Envase:<\/strong><\/p>\n<p>90 c\u00e1psulas<\/p>\n<p><strong>Modo de Conservaci\u00f3n:<\/strong><\/p>\n<p>Almacenar en un lugar fresco y seco, lejos de la luz solar y de fuentes de calor.<\/p>\n<p><strong>Advertencias:<\/strong><\/p>\n<p>No superar la dosis diaria expresamente recomendada. Mantener el producto fuera del alcance de los ni\u00f1os menores de 3 a\u00f1os. No utilizar durante el embarazo y la lactancia sin consultar al m\u00e9dico. Los complementos alimenticios no deben utilizarse como sustitutos de una dieta variada y equilibrada y un estilo de vida saludable.<\/p>\n","protected":false},"excerpt":{"rendered":"<p>Complemento alimenticio a base de Reishi (Ganoderma lucidum) de agricultura ecol\u00f3gica (IT BIO 006) &#8211; Made in Europe. el Reishi puede ayudar a reforzar el sistema inmunol\u00f3gico y a estimular el cuerpo cuando existe agotamiento.<\/p>\n","protected":false},"featured_media":552,"template":"","meta":[],"product_brand":[],"product_cat":[33,23,31,28,29,18],"product_tag":[],"class_list":{"0":"post-192","1":"product","2":"type-product","3":"status-publish","4":"has-post-thumbnail","6":"product_cat-colesterol-y-trigliceridos","7":"product_cat-control-del-peso","8":"product_cat-dormir-y-relajarse","9":"product_cat-higado","10":"product_cat-las-piernas-y-la-circulacion","11":"product_cat-linea-micotherapy","13":"first","14":"instock","15":"sale","16":"taxable","17":"shipping-taxable","18":"purchasable","19":"product-type-simple"},"_links":{"self":[{"href":"https:\/\/dev01.lliuretic.cat\/avd\/webshopavd\/wp-json\/wp\/v2\/product\/192","targetHints":{"allow":["GET"]}}],"collection":[{"href":"https:\/\/dev01.lliuretic.cat\/avd\/webshopavd\/wp-json\/wp\/v2\/product"}],"about":[{"href":"https:\/\/dev01.lliuretic.cat\/avd\/webshopavd\/wp-json\/wp\/v2\/types\/product"}],"wp:featuredmedia":[{"embeddable":true,"href":"https:\/\/dev01.lliuretic.cat\/avd\/webshopavd\/wp-json\/wp\/v2\/media\/552"}],"wp:attachment":[{"href":"https:\/\/dev01.lliuretic.cat\/avd\/webshopavd\/wp-json\/wp\/v2\/media?parent=192"}],"wp:term":[{"taxonomy":"product_brand","embeddable":true,"href":"https:\/\/dev01.lliuretic.cat\/avd\/webshopavd\/wp-json\/wp\/v2\/product_brand?post=192"},{"taxonomy":"product_cat","embeddable":true,"href":"https:\/\/dev01.lliuretic.cat\/avd\/webshopavd\/wp-json\/wp\/v2\/product_cat?post=192"},{"taxonomy":"product_tag","embeddable":true,"href":"https:\/\/dev01.lliuretic.cat\/avd\/webshopavd\/wp-json\/wp\/v2\/product_tag?post=192"}],"curies":[{"name":"wp","href":"https:\/\/api.w.org\/{rel}","templated":true}]}}