{"id":195,"date":"2025-01-24T11:42:27","date_gmt":"2025-01-24T10:42:27","guid":{"rendered":"https:\/\/dev01.lliuretic.cat\/webshopavd\/?post_type=product&#038;p=195"},"modified":"2026-04-01T09:03:12","modified_gmt":"2026-04-01T07:03:12","slug":"micotherapy-linfo","status":"publish","type":"product","link":"https:\/\/dev01.lliuretic.cat\/avd\/webshopavd\/producto\/micotherapy-linfo\/","title":{"rendered":"Micotherapy Linfo"},"content":{"rendered":"<p><strong>Micotherapy Linfo<\/strong><br \/>\nComplemento alimenticio a base de Polyporus umbellatus de agricultura ecol\u00f3gica, bromelina y extractos de plantas. Su acci\u00f3n es la de favorecer la funcionalidad de la microcirculaci\u00f3n y el drenaje de los l\u00edquidos corporales, combatiendo situaciones de retenci\u00f3n de l\u00edquidos.<\/p>\n<p><strong>Propiedades<\/strong><\/p>\n<p>El sistema linf\u00e1tico est\u00e1 constituido por un articulado sistema de vasos, muy similar al circulatorio venoso y arterial. A diferencia de la sangre, la linfa no es propulsada por la actividad card\u00edaca, sino que fluye por los vasos gracias al movimiento. Este se extiende por todo el cuerpo y tiene su origen en una fina red de capilares linf\u00e1ticos situados en el espacio extracelular; a lo largo del recorrido, a intervalos regulares, aparecen los ganglios linf\u00e1ticos, como un sistema de filtraci\u00f3n.<\/p>\n<p>Un sistema linf\u00e1tico que funciona adecuadamente garantiza una \u00ablimpieza\u00bb apropiada de la matriz extracelular inmersa en el l\u00edquido intersticial, con el fin de prevenir una intoxicaci\u00f3n celular. Teniendo en cuenta que la matriz extracelular es un sistema primario de biorregulaci\u00f3n, es fundamental que permanezca \u00ablimpia\u00bb para garantizar la comunicaci\u00f3n entre las c\u00e9lulas, sistemas y \u00f3rganos y, por lo tanto, para el mantenimiento de la homeostasis del organismo.<\/p>\n<p>Los remedios contenidos en esta formulaci\u00f3n presentan un marcado tropismo para el sistema linf\u00e1tico y venoso, favorecen el drenaje de las toxinas de los tejidos del organismo. Contribuyen as\u00ed a reducir situaciones de estasis linf\u00e1tica y venosa, hinchazones, edemas y retenci\u00f3n de l\u00edquidos.<\/p>\n<p><strong>Ingredientes<\/strong><\/p>\n<ul>\n<li style=\"list-style-type: none;\">\n<ul>&#8211; Polyporus umbellatus micelio y cuerpo fruct\u00edfero<\/ul>\n<\/li>\n<\/ul>\n<p>&nbsp;<\/p>\n<ul>\n<li style=\"list-style-type: none;\">\n<ul>&#8211; Centella extracto seco (tit. 40% en asiatic\u00f3sidos)<\/ul>\n<\/li>\n<\/ul>\n<p>&nbsp;<\/p>\n<ul>\n<li style=\"list-style-type: none;\">\n<ul>&#8211; Bromelina (tit. m\u00edn. 2400 GDU\/g)<\/ul>\n<\/li>\n<\/ul>\n<p>&nbsp;<\/p>\n<ul>&#8211; Meliloto extracto seco (tit. 20% en cumarinas)<\/ul>\n<p><strong>Propiedades de los componentes<\/strong><\/p>\n<p>&#8211; Polyporus umbellatus: es un hongo de acci\u00f3n diur\u00e9tica, que despliega su acci\u00f3n sobre todo en casos de retenci\u00f3n de l\u00edquidos, edemas y dificultades en la micci\u00f3n. De los estudios efectuados se desprende que el Polyporus no provoca efectos secundarios, ya que permite la eliminaci\u00f3n de sodio y cloro pero conserva el potasio. \u00datil en presencia de estasis linf\u00e1tica.<\/p>\n<p>&#8211; Centella extracto seco: mejora la circulaci\u00f3n venosa estimulando a los fibroblastos, c\u00e9lulas que regeneran el col\u00e1geno, sustancia fundamental para la salud de muchos tejidos del cuerpo. \u00datil para mejorar situaciones de insuficiencia venosa perif\u00e9rica, calambres, hemorroides y celulitis.<\/p>\n<p>&#8211; Bromelina extra\u00edda de los tallos de la pi\u00f1a: acci\u00f3n proteol\u00edtica, antitromb\u00f3tica, antiinflamatoria. \u00datil para sostener estados inflamatorios ligeros de los tejidos blandos y en el tratamiento de condiciones inflamatorias localizadas, especialmente en caso de edema.<\/p>\n<p>&#8211; Meliloto extracto seco (tit. 20% en cumarinas): act\u00faa sobre las paredes de las venas reduciendo su permeabilidad y aumentando la resistencia capilar. Mejora el retorno venoso y la circulaci\u00f3n linf\u00e1tica, manifestando actividad antiinflamatoria y antiedematosa. \u00datil en presencia de hemorroides, varices, tromboflebitis y estasis linf\u00e1tica.<\/p>\n<p><strong>Modo de empleo:<\/strong><\/p>\n<p>2 c\u00e1psulas dos veces al d\u00eda, preferentemente alejadas de las comidas.<\/p>\n<p><strong>Envase:<\/strong><\/p>\n<p>90 c\u00e1psulas<\/p>\n","protected":false},"excerpt":{"rendered":"<p>Complemento alimenticio a base de Polyporus umbellatus de agricultura ecol\u00f3gica, bromelina y extractos de plantas. Su acci\u00f3n es la de favorecer la funcionalidad de la microcirculaci\u00f3n y el drenaje de los l\u00edquidos corporales, combatiendo situaciones de retenci\u00f3n de l\u00edquidos.<\/p>\n","protected":false},"featured_media":551,"template":"","meta":[],"product_brand":[],"product_cat":[29,18],"product_tag":[],"class_list":{"0":"post-195","1":"product","2":"type-product","3":"status-publish","4":"has-post-thumbnail","6":"product_cat-las-piernas-y-la-circulacion","7":"product_cat-linea-micotherapy","9":"first","10":"instock","11":"sale","12":"taxable","13":"shipping-taxable","14":"purchasable","15":"product-type-simple"},"_links":{"self":[{"href":"https:\/\/dev01.lliuretic.cat\/avd\/webshopavd\/wp-json\/wp\/v2\/product\/195","targetHints":{"allow":["GET"]}}],"collection":[{"href":"https:\/\/dev01.lliuretic.cat\/avd\/webshopavd\/wp-json\/wp\/v2\/product"}],"about":[{"href":"https:\/\/dev01.lliuretic.cat\/avd\/webshopavd\/wp-json\/wp\/v2\/types\/product"}],"wp:featuredmedia":[{"embeddable":true,"href":"https:\/\/dev01.lliuretic.cat\/avd\/webshopavd\/wp-json\/wp\/v2\/media\/551"}],"wp:attachment":[{"href":"https:\/\/dev01.lliuretic.cat\/avd\/webshopavd\/wp-json\/wp\/v2\/media?parent=195"}],"wp:term":[{"taxonomy":"product_brand","embeddable":true,"href":"https:\/\/dev01.lliuretic.cat\/avd\/webshopavd\/wp-json\/wp\/v2\/product_brand?post=195"},{"taxonomy":"product_cat","embeddable":true,"href":"https:\/\/dev01.lliuretic.cat\/avd\/webshopavd\/wp-json\/wp\/v2\/product_cat?post=195"},{"taxonomy":"product_tag","embeddable":true,"href":"https:\/\/dev01.lliuretic.cat\/avd\/webshopavd\/wp-json\/wp\/v2\/product_tag?post=195"}],"curies":[{"name":"wp","href":"https:\/\/api.w.org\/{rel}","templated":true}]}}