{"id":197,"date":"2025-01-24T11:49:03","date_gmt":"2025-01-24T10:49:03","guid":{"rendered":"https:\/\/dev01.lliuretic.cat\/webshopavd\/?post_type=product&#038;p=197"},"modified":"2026-04-01T09:03:12","modified_gmt":"2026-04-01T07:03:12","slug":"micotherapy-gastro","status":"publish","type":"product","link":"https:\/\/dev01.lliuretic.cat\/avd\/webshopavd\/producto\/micotherapy-gastro\/","title":{"rendered":"Micotherapy Gastro"},"content":{"rendered":"<p><strong>Micotherapy Gastro<\/strong><br \/>\nComplemento alimenticio a base de Hericium erinaceus de agricultura ecol\u00f3gica y extractos de plantas, \u00fatil para la funcionalidad del sistema digestivo. Es una formulaci\u00f3n estudiada para mejorar las funciones fisiol\u00f3gicas del aparato gastrointestinal, sobre todo en caso de situaciones inflamatorias.<\/p>\n<p><strong>Propiedades de los componentes<\/strong><\/p>\n<p>&#8211; Hericium erinaceus: por lo com\u00fan conocido como \u201cMelena de Le\u00f3n\u201d, tradicionalmente se utiliza en el tratamiento de las enfermedades g\u00e1stricas.<br \/>\nGracias a sus propiedades antiinflamatorias y cicatrizantes, favorece la regeneraci\u00f3n de la mucosa gastrointestinal y puede resultar \u00fatil en los procesos inflamatorios e infecciosos que afectan a las mucosas del sistema digestivo.<\/p>\n<p>&#8211; Mastinat e.s.: resina producida por la planta Pistacia lentiscus que presenta distintas propiedades: en particular, resulta \u00fatil en las afecciones relacionadas con el est\u00f3mago, como gastritis y \u00falceras y, gracias a su acci\u00f3n antibacteriana, tambi\u00e9n en las infecciones por Helicobacter pylori.<\/p>\n<p>&#8211; Regaliz DGL: presenta propiedades antiinflamatorias, antiespasm\u00f3dicas, cicatrizantes y protectoras de la mucosa, demostr\u00e1ndo ser \u00fatil en las afecciones gastroesof\u00e1gicas como dolor de est\u00f3mago, ardor g\u00e1strico y reflujo esof\u00e1gico. El extracto desglicirrizado (m\u00e1x. 2% \u00e1c. glicirr\u00edcico) otorga los beneficios del regaliz entero, pero sin los efectos secundarios del \u00e1cido glicirr\u00edcico.<\/p>\n<p><strong>Ingredientes<\/strong><\/p>\n<ul>\n<li style=\"list-style-type: none;\">\n<ul>&#8211; Hericium erinaceus hongo entero pulverizado<\/ul>\n<\/li>\n<\/ul>\n<p>&nbsp;<\/p>\n<ul>\n<li style=\"list-style-type: none;\">\n<ul>&#8211; Mastinat (Pistacia lentiscus) extr. seco<\/ul>\n<\/li>\n<\/ul>\n<p>&nbsp;<\/p>\n<ul>\n<li style=\"list-style-type: none;\">\n<ul>&#8211; Regaliz DGL extr. seco (tit. m\u00e1x. 2% \u00e1c. glicirr\u00edcico)<\/ul>\n<\/li>\n<\/ul>\n<p>&nbsp;<\/p>\n<ul>&#8211; Hericium erinaceus extr. seco (titulado 50% en polisac\u00e1ridos)<\/ul>\n<p><strong>Modo de empleo<\/strong><\/p>\n<p>2 c\u00e1psulas dos veces al d\u00eda, antes de las comidas principales.<\/p>\n<p><strong>Envase<\/strong><\/p>\n<p>90 c\u00e1psulas<\/p>\n","protected":false},"excerpt":{"rendered":"<p>Complemento alimenticio a base de Hericium erinaceus de agricultura ecol\u00f3gica y extractos de plantas, \u00fatil para la funcionalidad del sistema digestivo. Es una formulaci\u00f3n estudiada para mejorar las funciones fisiol\u00f3gicas del aparato gastrointestinal, sobre todo en caso de situaciones inflamatorias.<\/p>\n","protected":false},"featured_media":550,"template":"","meta":[],"product_brand":[],"product_cat":[27,18],"product_tag":[],"class_list":{"0":"post-197","1":"product","2":"type-product","3":"status-publish","4":"has-post-thumbnail","6":"product_cat-estomago","7":"product_cat-linea-micotherapy","9":"first","10":"instock","11":"sale","12":"taxable","13":"shipping-taxable","14":"purchasable","15":"product-type-simple"},"_links":{"self":[{"href":"https:\/\/dev01.lliuretic.cat\/avd\/webshopavd\/wp-json\/wp\/v2\/product\/197","targetHints":{"allow":["GET"]}}],"collection":[{"href":"https:\/\/dev01.lliuretic.cat\/avd\/webshopavd\/wp-json\/wp\/v2\/product"}],"about":[{"href":"https:\/\/dev01.lliuretic.cat\/avd\/webshopavd\/wp-json\/wp\/v2\/types\/product"}],"wp:featuredmedia":[{"embeddable":true,"href":"https:\/\/dev01.lliuretic.cat\/avd\/webshopavd\/wp-json\/wp\/v2\/media\/550"}],"wp:attachment":[{"href":"https:\/\/dev01.lliuretic.cat\/avd\/webshopavd\/wp-json\/wp\/v2\/media?parent=197"}],"wp:term":[{"taxonomy":"product_brand","embeddable":true,"href":"https:\/\/dev01.lliuretic.cat\/avd\/webshopavd\/wp-json\/wp\/v2\/product_brand?post=197"},{"taxonomy":"product_cat","embeddable":true,"href":"https:\/\/dev01.lliuretic.cat\/avd\/webshopavd\/wp-json\/wp\/v2\/product_cat?post=197"},{"taxonomy":"product_tag","embeddable":true,"href":"https:\/\/dev01.lliuretic.cat\/avd\/webshopavd\/wp-json\/wp\/v2\/product_tag?post=197"}],"curies":[{"name":"wp","href":"https:\/\/api.w.org\/{rel}","templated":true}]}}