{"id":199,"date":"2025-01-24T11:51:56","date_gmt":"2025-01-24T10:51:56","guid":{"rendered":"https:\/\/dev01.lliuretic.cat\/webshopavd\/?post_type=product&#038;p=199"},"modified":"2026-04-01T09:03:11","modified_gmt":"2026-04-01T07:03:11","slug":"micotherapy-bm","status":"publish","type":"product","link":"https:\/\/dev01.lliuretic.cat\/avd\/webshopavd\/producto\/micotherapy-bm\/","title":{"rendered":"Micotherapy BM"},"content":{"rendered":"<p><strong>Micotherapy BM<\/strong><br \/>\nComplemento alimenticio a base de extracto seco de Reishi (Ganoderma lucidum) de agricultura ecol\u00f3gica, extractos de plantas y vitaminas del grupo B en forma natural. Micotherapy BM despliega una acci\u00f3n como calmante natural, atenuando de manera sencilla los estados de ansiedad. Gracias a la acci\u00f3n sin\u00e9rgica de sus componentes, ayuda a mejorar la calidad del sue\u00f1o y la capacidad de manejar el estr\u00e9s psicof\u00edsico, contribuyendo a proporcionar una mayor lucidez mental.<\/p>\n<p><strong>Propiedades de los componentes<\/strong><\/p>\n<p>&#8211; Reishi: Ganoderma lucidum llamado tambi\u00e9n \u00abhongo de la eterna juventud\u00bb u \u00abhongo de la inmortalidad\u00bb porque se considera que favorece la longevidad, el Reishi es considerado tradicionalmente un remedio capaz de restablecer el equilibrio del organismo, mejorando la resistencia ante las enfermedades. Adem\u00e1s, act\u00faa sobre el sistema nervioso y sobre la liberaci\u00f3n de endorfinas end\u00f3genas, desempe\u00f1ando una acci\u00f3n calmante natural, mejora la calidad del sue\u00f1o y la capacidad de recuperaci\u00f3n del organismo.<\/p>\n<p>&#8211; Hip\u00e9rico extracto seco: favorece la relajaci\u00f3n y el bienestar mental, contribuyendo al tono normal del humor; es utilizado com\u00fanmente en situaciones de depresi\u00f3n leve o moderada, acompa\u00f1ada de ansiedad, cansancio, p\u00e9rdida del apetito y alteraciones del sue\u00f1o.<\/p>\n<p>&#8211; Pasionaria: presenta acci\u00f3n sedante y calmante sobre el sistema nervioso central, con efectos importantes en situaciones de estr\u00e9s, nerviosismo e insomnio.<\/p>\n<p>&#8211; Centella: Despliega una acci\u00f3n antiinflamatoria y aumenta la oxigenaci\u00f3n cerebral, mejorando la lucidez mental, la concentraci\u00f3n y los ritmos del sue\u00f1o.<\/p>\n<p>&#8211; Vitaminas del grupo B en forma natural: altamente biodisponibles, son importantes en el mantenimiento del equilibrio y en la protecci\u00f3n del sistema nervioso, desde el punto de vista estructural como funcional.<\/p>\n<p><strong>Ingredientes<\/strong><\/p>\n<ul>\n<li style=\"list-style-type: none;\">\n<ul>&#8211; Reishi (Ganoderma lucidum) extracto seco<\/ul>\n<\/li>\n<\/ul>\n<p>&nbsp;<\/p>\n<ul>\n<li style=\"list-style-type: none;\">\n<ul>&#8211; Complejo vegetal de vitaminas del grupo B de trigo sarraceno<\/ul>\n<\/li>\n<\/ul>\n<p>&nbsp;<\/p>\n<ul>\n<li style=\"list-style-type: none;\">\n<ul>&#8211; Hip\u00e9rico extr. seco<\/ul>\n<\/li>\n<\/ul>\n<p>&nbsp;<\/p>\n<ul>\n<li style=\"list-style-type: none;\">\n<ul>&#8211; Pasionaria extr. seco<\/ul>\n<\/li>\n<\/ul>\n<p>&nbsp;<\/p>\n<ul>&#8211; Centella extr. seco<\/ul>\n<p><strong>Modo de empleo<\/strong><\/p>\n<p>2-4 c\u00e1psulas al d\u00eda<\/p>\n<p><strong>Envase:<\/strong><\/p>\n<p>70 c\u00e1psulas<\/p>\n","protected":false},"excerpt":{"rendered":"<p>Complemento alimenticio a base de extracto seco de Reishi (Ganoderma lucidum) de agricultura ecol\u00f3gica, extractos de plantas y vitaminas del grupo B en forma natural. Micotherapy BM despliega una acci\u00f3n como calmante natural, atenuando de manera sencilla los estados de ansiedad. Gracias a la acci\u00f3n sin\u00e9rgica de sus componentes, ayuda a mejorar la calidad del sue\u00f1o y la capacidad de manejar el estr\u00e9s psicof\u00edsico, contribuyendo a proporcionar una mayor lucidez mental.<\/p>\n","protected":false},"featured_media":549,"template":"","meta":[],"product_brand":[],"product_cat":[31,24,18],"product_tag":[],"class_list":{"0":"post-199","1":"product","2":"type-product","3":"status-publish","4":"has-post-thumbnail","6":"product_cat-dormir-y-relajarse","7":"product_cat-estado-de-animo","8":"product_cat-linea-micotherapy","10":"first","11":"instock","12":"sale","13":"taxable","14":"shipping-taxable","15":"purchasable","16":"product-type-simple"},"_links":{"self":[{"href":"https:\/\/dev01.lliuretic.cat\/avd\/webshopavd\/wp-json\/wp\/v2\/product\/199","targetHints":{"allow":["GET"]}}],"collection":[{"href":"https:\/\/dev01.lliuretic.cat\/avd\/webshopavd\/wp-json\/wp\/v2\/product"}],"about":[{"href":"https:\/\/dev01.lliuretic.cat\/avd\/webshopavd\/wp-json\/wp\/v2\/types\/product"}],"wp:featuredmedia":[{"embeddable":true,"href":"https:\/\/dev01.lliuretic.cat\/avd\/webshopavd\/wp-json\/wp\/v2\/media\/549"}],"wp:attachment":[{"href":"https:\/\/dev01.lliuretic.cat\/avd\/webshopavd\/wp-json\/wp\/v2\/media?parent=199"}],"wp:term":[{"taxonomy":"product_brand","embeddable":true,"href":"https:\/\/dev01.lliuretic.cat\/avd\/webshopavd\/wp-json\/wp\/v2\/product_brand?post=199"},{"taxonomy":"product_cat","embeddable":true,"href":"https:\/\/dev01.lliuretic.cat\/avd\/webshopavd\/wp-json\/wp\/v2\/product_cat?post=199"},{"taxonomy":"product_tag","embeddable":true,"href":"https:\/\/dev01.lliuretic.cat\/avd\/webshopavd\/wp-json\/wp\/v2\/product_tag?post=199"}],"curies":[{"name":"wp","href":"https:\/\/api.w.org\/{rel}","templated":true}]}}