{"id":201,"date":"2025-01-24T11:56:17","date_gmt":"2025-01-24T10:56:17","guid":{"rendered":"https:\/\/dev01.lliuretic.cat\/webshopavd\/?post_type=product&#038;p=201"},"modified":"2026-04-01T09:03:11","modified_gmt":"2026-04-01T07:03:11","slug":"micotherapy-cordyceps","status":"publish","type":"product","link":"https:\/\/dev01.lliuretic.cat\/avd\/webshopavd\/producto\/micotherapy-cordyceps\/","title":{"rendered":"Micotherapy Cordyceps"},"content":{"rendered":"<p><strong>Micotherapy Cordyceps<\/strong><br \/>\n<em>El Cordyceps sinensis es un hongo medicinal con una amplia gama de utilizaci\u00f3n; originario del Himalaya, crece a altitudes superiores a 3.000 metros y es utilizado en China desde hace unos dos mil a\u00f1os. En Medicina Tradicional China es considerado un potente t\u00f3nico de los ri\u00f1ones, sede de nuestra energ\u00eda vital.<\/em><\/p>\n<p><strong>Propiedades<\/strong><\/p>\n<p>A base de Cordyceps sinensis de cultivo org\u00e1nico europeo, Micotherapy Cordyceps surge de la investigaci\u00f3n y estudio de los m\u00e9todos de cultivo de Cordyceps sinensis, con el fin de maximizar el contenido de Cordicepina, hasta 10 mg\/g, caracter\u00edstica que le otorga ser un producto \u00fanico en el programa de la suplementaci\u00f3n micoter\u00e1pica.<\/p>\n<p>Actualmente es considerado un remedio antiedad capaz de mejorar la utilizaci\u00f3n y la producci\u00f3n de energ\u00eda celular.<\/p>\n<p>Tambi\u00e9n conocido como \u00abhongo oruga\u00bb o \u00abviagra del Himalaya\u00bb, Cordyceps sinensis es uno de los remedios m\u00e1s interesantes de la medicina oriental. Utilizado tradicionalmente para contrarrestar los trastornos relacionados con la altura, favorece la respiraci\u00f3n y la oxigenaci\u00f3n celular. Numerosos estudios cient\u00edficos han demostrado que este remedio es \u00fatil para favorecer la correcta producci\u00f3n de hormonas esteroides, favoreciendo as\u00ed la libido y el deseo, adem\u00e1s su acci\u00f3n t\u00f3nica y de apoyo metab\u00f3lico lo convierte en un remedio \u00fatil en deportistas, pero tambi\u00e9n en ancianos y en las fases de recuperaci\u00f3n de estados dif\u00edciles de convalecencia. Se ha vuelto particularmente popular en Occidente desde 1993 y desde entonces se ha utilizado para mejorar el rendimiento deportivo, promover el crecimiento de la masa muscular y contrarrestar los niveles inflamatorios excesivos posteriores al entrenamiento.<\/p>\n<p>Micotherapy Cordyceps se cultiva en Europa siguiendo una metodolog\u00eda propia, encaminada a garantizar niveles de cordicepina por encima de 10 mg\/g, tiene certificaci\u00f3n BIO, es apto para veganos y no contiene gluten.<\/p>\n<p><strong>Efecto fisiol\u00f3gico<\/strong><\/p>\n<ul>\n<li style=\"list-style-type: none;\">\n<ul>&#8211; Promueve la correcta producci\u00f3n de hormonas esteroides (Estr\u00f3geno-Testosterona)<\/ul>\n<\/li>\n<\/ul>\n<p>&nbsp;<\/p>\n<ul>\n<li style=\"list-style-type: none;\">\n<ul>&#8211; Contribuye al control de los niveles inflamatorios excesivos<\/ul>\n<\/li>\n<\/ul>\n<p>&nbsp;<\/p>\n<ul>&#8211; \u00datil en caso de astenia, cansancio y estados prolongados de cansancio f\u00edsico y mental<\/ul>\n<p><strong>Ingredientes<\/strong><\/p>\n<ul>\n<li style=\"list-style-type: none;\">\n<ul>&#8211; Cordyceps sinensis hongo entero titulado en cordicepina y polisac\u00e1ridos<\/ul>\n<\/li>\n<\/ul>\n<p>&nbsp;<\/p>\n<ul>&#8211; C\u00e1psula de celulosa vegetal<\/ul>\n<p><strong>Dosis diaria recomendada:<\/strong><br \/>\n1-2 c\u00e1psulas al d\u00eda preferiblemente separadas de las comidas<\/p>\n<p><strong>Formato<\/strong><\/p>\n<p>Envase de 90 c\u00e1psulas<\/p>\n","protected":false},"excerpt":{"rendered":"<p>A base de Cordyceps sinensis de cultivo org\u00e1nico europeo, Micotherapy Cordyceps surge de la investigaci\u00f3n y estudio de los m\u00e9todos de cultivo de Cordyceps sinensis, con el fin de maximizar el contenido de Cordicepina, hasta 10 mg\/g, caracter\u00edstica que le otorga ser un producto \u00fanico en el programa de la suplementaci\u00f3n micoter\u00e1pica.<\/p>\n","protected":false},"featured_media":548,"template":"","meta":[],"product_brand":[],"product_cat":[22,18],"product_tag":[],"class_list":{"0":"post-201","1":"product","2":"type-product","3":"status-publish","4":"has-post-thumbnail","6":"product_cat-defensas-inmunitarias","7":"product_cat-linea-micotherapy","9":"first","10":"instock","11":"sale","12":"taxable","13":"shipping-taxable","14":"purchasable","15":"product-type-simple"},"_links":{"self":[{"href":"https:\/\/dev01.lliuretic.cat\/avd\/webshopavd\/wp-json\/wp\/v2\/product\/201","targetHints":{"allow":["GET"]}}],"collection":[{"href":"https:\/\/dev01.lliuretic.cat\/avd\/webshopavd\/wp-json\/wp\/v2\/product"}],"about":[{"href":"https:\/\/dev01.lliuretic.cat\/avd\/webshopavd\/wp-json\/wp\/v2\/types\/product"}],"wp:featuredmedia":[{"embeddable":true,"href":"https:\/\/dev01.lliuretic.cat\/avd\/webshopavd\/wp-json\/wp\/v2\/media\/548"}],"wp:attachment":[{"href":"https:\/\/dev01.lliuretic.cat\/avd\/webshopavd\/wp-json\/wp\/v2\/media?parent=201"}],"wp:term":[{"taxonomy":"product_brand","embeddable":true,"href":"https:\/\/dev01.lliuretic.cat\/avd\/webshopavd\/wp-json\/wp\/v2\/product_brand?post=201"},{"taxonomy":"product_cat","embeddable":true,"href":"https:\/\/dev01.lliuretic.cat\/avd\/webshopavd\/wp-json\/wp\/v2\/product_cat?post=201"},{"taxonomy":"product_tag","embeddable":true,"href":"https:\/\/dev01.lliuretic.cat\/avd\/webshopavd\/wp-json\/wp\/v2\/product_tag?post=201"}],"curies":[{"name":"wp","href":"https:\/\/api.w.org\/{rel}","templated":true}]}}