{"id":205,"date":"2025-01-24T12:02:35","date_gmt":"2025-01-24T11:02:35","guid":{"rendered":"https:\/\/dev01.lliuretic.cat\/webshopavd\/?post_type=product&#038;p=205"},"modified":"2026-03-10T12:10:46","modified_gmt":"2026-03-10T11:10:46","slug":"micotherapy-abm","status":"publish","type":"product","link":"https:\/\/dev01.lliuretic.cat\/avd\/webshopavd\/producto\/micotherapy-abm\/","title":{"rendered":"Micotherapy ABM"},"content":{"rendered":"<p><img decoding=\"async\" class=\"lazyload alignnone size-medium wp-image-186\" src=\"https:\/\/dev01.lliuretic.cat\/webshopavd\/wp-content\/uploads\/2025\/01\/logoAVDProd-300x113.png\" data-orig-src=\"https:\/\/dev01.lliuretic.cat\/webshopavd\/wp-content\/uploads\/2025\/01\/logoAVDProd-300x113.png\" alt=\"\" width=\"300\" height=\"113\" srcset=\"data:image\/svg+xml,%3Csvg%20xmlns%3D%27http%3A%2F%2Fwww.w3.org%2F2000%2Fsvg%27%20width%3D%27300%27%20height%3D%27113%27%20viewBox%3D%270%200%20300%20113%27%3E%3Crect%20width%3D%27300%27%20height%3D%27113%27%20fill-opacity%3D%220%22%2F%3E%3C%2Fsvg%3E\" data-srcset=\"https:\/\/dev01.lliuretic.cat\/avd\/webshopavd\/wp-content\/uploads\/2025\/01\/logoAVDProd-64x24.png 64w, https:\/\/dev01.lliuretic.cat\/avd\/webshopavd\/wp-content\/uploads\/2025\/01\/logoAVDProd-200x75.png 200w, https:\/\/dev01.lliuretic.cat\/avd\/webshopavd\/wp-content\/uploads\/2025\/01\/logoAVDProd-300x113.png 300w, https:\/\/dev01.lliuretic.cat\/avd\/webshopavd\/wp-content\/uploads\/2025\/01\/logoAVDProd-400x150.png 400w, https:\/\/dev01.lliuretic.cat\/avd\/webshopavd\/wp-content\/uploads\/2025\/01\/logoAVDProd-500x188.png 500w, https:\/\/dev01.lliuretic.cat\/avd\/webshopavd\/wp-content\/uploads\/2025\/01\/logoAVDProd-600x225.png 600w, https:\/\/dev01.lliuretic.cat\/avd\/webshopavd\/wp-content\/uploads\/2025\/01\/logoAVDProd-700x263.png 700w, https:\/\/dev01.lliuretic.cat\/avd\/webshopavd\/wp-content\/uploads\/2025\/01\/logoAVDProd-768x288.png 768w, https:\/\/dev01.lliuretic.cat\/avd\/webshopavd\/wp-content\/uploads\/2025\/01\/logoAVDProd.png 800w\" data-sizes=\"auto\" data-orig-sizes=\"(max-width: 300px) 100vw, 300px\" \/><br \/>\n<strong> Micotherapy ABM<\/strong><br \/>\nComplemento alimentario a base de Agaricus Blazei Murrill (ABM) procedente de cultivo ecol\u00f3gico (IT BIO 006) \u2013 Fabricado en Europa &#8211; Micotherapy ABM es \u00fatil para promover las defensas naturales del cuerpo, como protecci\u00f3n antimicrobiana y antiparasitaria, para detoxificaci\u00f3n.<\/p>\n<p><strong>Propiedades<\/strong><\/p>\n<p>Desde su descubrimiento en la d\u00e9cada de 1990, se han llevado a cabo un gran n\u00famero de estudios cient\u00edficos, con resultados que documentan su e\ufb01cacia sobre la salud, especialmente a nivel preventivo y como apoyo antitumoral, se le atribuyen acciones antioxidantes, inmunomoduladoras, antiinflamatorias antial\u00e9rgicas, antimicrobianas, antiparasitarias y antitumorales.<\/p>\n<p><strong>Ingredientes<\/strong><\/p>\n<p>Agaricus Blazei Murrill (ABM) procedente de agricultura ecol\u00f3gica, sporophorum y extracto seco tit. 25% en polisac\u00e1ridos.<\/p>\n<p><strong>Modo de empleo<\/strong><\/p>\n<p>3 c\u00e1psulas al d\u00eda preferentemente alejadas de las comidas<\/p>\n<p><strong>Envase<\/strong><\/p>\n<p>90 c\u00e1psulas<\/p>\n","protected":false},"excerpt":{"rendered":"<p>Complemento alimentario a base de Agaricus Blazei Murrill (ABM) procedente de cultivo ecol\u00f3gico (IT BIO 006) \u2013 Fabricado en Europa &#8211; Micotherapy ABM es \u00fatil para promover las defensas naturales del cuerpo, como protecci\u00f3n antimicrobiana y antiparasitaria, para detoxificaci\u00f3n.<\/p>\n","protected":false},"featured_media":546,"template":"","meta":[],"product_brand":[],"product_cat":[18],"product_tag":[],"class_list":{"0":"post-205","1":"product","2":"type-product","3":"status-publish","4":"has-post-thumbnail","6":"product_cat-linea-micotherapy","8":"first","9":"instock","10":"sale","11":"taxable","12":"shipping-taxable","13":"purchasable","14":"product-type-simple"},"_links":{"self":[{"href":"https:\/\/dev01.lliuretic.cat\/avd\/webshopavd\/wp-json\/wp\/v2\/product\/205","targetHints":{"allow":["GET"]}}],"collection":[{"href":"https:\/\/dev01.lliuretic.cat\/avd\/webshopavd\/wp-json\/wp\/v2\/product"}],"about":[{"href":"https:\/\/dev01.lliuretic.cat\/avd\/webshopavd\/wp-json\/wp\/v2\/types\/product"}],"wp:featuredmedia":[{"embeddable":true,"href":"https:\/\/dev01.lliuretic.cat\/avd\/webshopavd\/wp-json\/wp\/v2\/media\/546"}],"wp:attachment":[{"href":"https:\/\/dev01.lliuretic.cat\/avd\/webshopavd\/wp-json\/wp\/v2\/media?parent=205"}],"wp:term":[{"taxonomy":"product_brand","embeddable":true,"href":"https:\/\/dev01.lliuretic.cat\/avd\/webshopavd\/wp-json\/wp\/v2\/product_brand?post=205"},{"taxonomy":"product_cat","embeddable":true,"href":"https:\/\/dev01.lliuretic.cat\/avd\/webshopavd\/wp-json\/wp\/v2\/product_cat?post=205"},{"taxonomy":"product_tag","embeddable":true,"href":"https:\/\/dev01.lliuretic.cat\/avd\/webshopavd\/wp-json\/wp\/v2\/product_tag?post=205"}],"curies":[{"name":"wp","href":"https:\/\/api.w.org\/{rel}","templated":true}]}}