{"id":207,"date":"2025-01-24T12:06:48","date_gmt":"2025-01-24T11:06:48","guid":{"rendered":"https:\/\/dev01.lliuretic.cat\/webshopavd\/?post_type=product&#038;p=207"},"modified":"2026-03-10T12:10:46","modified_gmt":"2026-03-10T11:10:46","slug":"micotherapy-auricularia","status":"publish","type":"product","link":"https:\/\/dev01.lliuretic.cat\/avd\/webshopavd\/producto\/micotherapy-auricularia\/","title":{"rendered":"Micotherapy Auricularia"},"content":{"rendered":"<p><img decoding=\"async\" class=\"lazyload alignnone size-medium wp-image-186\" src=\"https:\/\/dev01.lliuretic.cat\/webshopavd\/wp-content\/uploads\/2025\/01\/logoAVDProd-300x113.png\" data-orig-src=\"https:\/\/dev01.lliuretic.cat\/webshopavd\/wp-content\/uploads\/2025\/01\/logoAVDProd-300x113.png\" alt=\"\" width=\"300\" height=\"113\" srcset=\"data:image\/svg+xml,%3Csvg%20xmlns%3D%27http%3A%2F%2Fwww.w3.org%2F2000%2Fsvg%27%20width%3D%27300%27%20height%3D%27113%27%20viewBox%3D%270%200%20300%20113%27%3E%3Crect%20width%3D%27300%27%20height%3D%27113%27%20fill-opacity%3D%220%22%2F%3E%3C%2Fsvg%3E\" data-srcset=\"https:\/\/dev01.lliuretic.cat\/avd\/webshopavd\/wp-content\/uploads\/2025\/01\/logoAVDProd-64x24.png 64w, https:\/\/dev01.lliuretic.cat\/avd\/webshopavd\/wp-content\/uploads\/2025\/01\/logoAVDProd-200x75.png 200w, https:\/\/dev01.lliuretic.cat\/avd\/webshopavd\/wp-content\/uploads\/2025\/01\/logoAVDProd-300x113.png 300w, https:\/\/dev01.lliuretic.cat\/avd\/webshopavd\/wp-content\/uploads\/2025\/01\/logoAVDProd-400x150.png 400w, https:\/\/dev01.lliuretic.cat\/avd\/webshopavd\/wp-content\/uploads\/2025\/01\/logoAVDProd-500x188.png 500w, https:\/\/dev01.lliuretic.cat\/avd\/webshopavd\/wp-content\/uploads\/2025\/01\/logoAVDProd-600x225.png 600w, https:\/\/dev01.lliuretic.cat\/avd\/webshopavd\/wp-content\/uploads\/2025\/01\/logoAVDProd-700x263.png 700w, https:\/\/dev01.lliuretic.cat\/avd\/webshopavd\/wp-content\/uploads\/2025\/01\/logoAVDProd-768x288.png 768w, https:\/\/dev01.lliuretic.cat\/avd\/webshopavd\/wp-content\/uploads\/2025\/01\/logoAVDProd.png 800w\" data-sizes=\"auto\" data-orig-sizes=\"(max-width: 300px) 100vw, 300px\" \/><br \/>\n<strong>Micotherapy Auricularia<\/strong><br \/>\n<em>Complemento alimenticio a base de Auricularia (Auricularia auricula judae) de cultivo ecol\u00f3gico (IT BIO 006) \u2013 Fabricado en Europa. Se utiliza tradicionalmente para fortalecer y apoyar el sistema inmunol\u00f3gico y para contrarrestar el cansancio y falta de energ\u00eda.<\/em><\/p>\n<p><strong>Propiedades<\/strong><\/p>\n<p>Gracias al alto contenido en melanina, que en esta seta llega hasta el 30% (referido al peso seco del hongo), Auricularia es uno de los hongos con mayor valor antioxidante. Su acci\u00f3n se ejerce sobre el sistema cardiovascular, en particular sobre la circulaci\u00f3n venosa perif\u00e9rica, por lo que est\u00e1 especialmente indicado para la estasis venosa, las hemorroides y la insuficiencia venosa perif\u00e9rica. Gracias a los efectos de vasodilataci\u00f3n, ayuda a regular la presi\u00f3n arterial. La presencia de polisac\u00e1ridos y muc\u00edlagos insolubles, con acci\u00f3n prebi\u00f3tica y reguladora del tr\u00e1nsito intestinal, la hacen \u00fatil en caso de s\u00edndrome metab\u00f3lico.<\/p>\n<p><strong>Ingredientes<\/strong><\/p>\n<p>Auricularia auricula Judae sporophorum de agricultura biol\u00f3gica.<\/p>\n<p><strong>Modo de empleo<\/strong><\/p>\n<p>3 c\u00e1psulas al d\u00eda preferentemente alejadas de las comidas<\/p>\n<p><strong>Envase<\/strong><\/p>\n<p>90 c\u00e1psulas<\/p>\n","protected":false},"excerpt":{"rendered":"<p>Complemento alimenticio a base de Auricularia (Auricularia auricula judae) de cultivo ecol\u00f3gico (IT BIO 006) \u2013 Fabricado en Europa. Se utiliza tradicionalmente para fortalecer y apoyar el sistema inmunol\u00f3gico y para contrarrestar el cansancio y falta de energ\u00eda.<\/p>\n","protected":false},"featured_media":545,"template":"","meta":[],"product_brand":[],"product_cat":[18],"product_tag":[],"class_list":{"0":"post-207","1":"product","2":"type-product","3":"status-publish","4":"has-post-thumbnail","6":"product_cat-linea-micotherapy","8":"first","9":"instock","10":"sale","11":"taxable","12":"shipping-taxable","13":"purchasable","14":"product-type-simple"},"_links":{"self":[{"href":"https:\/\/dev01.lliuretic.cat\/avd\/webshopavd\/wp-json\/wp\/v2\/product\/207","targetHints":{"allow":["GET"]}}],"collection":[{"href":"https:\/\/dev01.lliuretic.cat\/avd\/webshopavd\/wp-json\/wp\/v2\/product"}],"about":[{"href":"https:\/\/dev01.lliuretic.cat\/avd\/webshopavd\/wp-json\/wp\/v2\/types\/product"}],"wp:featuredmedia":[{"embeddable":true,"href":"https:\/\/dev01.lliuretic.cat\/avd\/webshopavd\/wp-json\/wp\/v2\/media\/545"}],"wp:attachment":[{"href":"https:\/\/dev01.lliuretic.cat\/avd\/webshopavd\/wp-json\/wp\/v2\/media?parent=207"}],"wp:term":[{"taxonomy":"product_brand","embeddable":true,"href":"https:\/\/dev01.lliuretic.cat\/avd\/webshopavd\/wp-json\/wp\/v2\/product_brand?post=207"},{"taxonomy":"product_cat","embeddable":true,"href":"https:\/\/dev01.lliuretic.cat\/avd\/webshopavd\/wp-json\/wp\/v2\/product_cat?post=207"},{"taxonomy":"product_tag","embeddable":true,"href":"https:\/\/dev01.lliuretic.cat\/avd\/webshopavd\/wp-json\/wp\/v2\/product_tag?post=207"}],"curies":[{"name":"wp","href":"https:\/\/api.w.org\/{rel}","templated":true}]}}