{"id":214,"date":"2025-01-24T12:51:28","date_gmt":"2025-01-24T11:51:28","guid":{"rendered":"https:\/\/dev01.lliuretic.cat\/webshopavd\/?post_type=product&#038;p=214"},"modified":"2026-03-10T12:10:46","modified_gmt":"2026-03-10T11:10:46","slug":"acticolon","status":"publish","type":"product","link":"https:\/\/dev01.lliuretic.cat\/avd\/webshopavd\/producto\/acticolon\/","title":{"rendered":"Acticolon"},"content":{"rendered":"<p><strong>Acticolon<\/strong><br \/>\nComplemento alimenticio a base de fermentos l\u00e1cticos vivos gastroprotegidos (10 billones por c\u00e1psula), \u00fatil para favorecer el equilibrio de la microflora del colon<\/p>\n<p><strong>Propiedades<\/strong><\/p>\n<p>Gracias al aporte de fermentos l\u00e1cticos vivos de acci\u00f3n probi\u00f3tica como Lactobacillus rhamnosus LRH11, Lactobacillus acidophilus LA5 y Bifidobacterium bifidum BB12, Acticolon favorece el reequilibrio de la flora intestinal y resulta especialmente \u00fatil en caso de *disbiosis intestinal. Favorece el desarrollo y la modulaci\u00f3n del sistema inmunitario y la formaci\u00f3n de una barrera sobre el epitelio intestinal, que contrarresta el asentamiento de bacterias perjudiciales; puede resultar \u00fatil en caso de malabsorci\u00f3n del colon, intolerancias, diarrea y enfermedades de las v\u00edas a\u00e9reas. La gastroprotecci\u00f3n hace posible que los fermentos superen la barrera g\u00e1strica y las sales biliares para llegar al colon.<\/p>\n<p><strong>Ingredientes<\/strong><\/p>\n<ul>\n<li style=\"list-style-type: none;\">\n<ul>&#8211; Fermentos l\u00e1cticos vivos<\/ul>\n<\/li>\n<\/ul>\n<p>&nbsp;<\/p>\n<ul>\n<li style=\"list-style-type: none;\">\n<ul>&#8211; Lactobacillus rhamnosus LRH11<\/ul>\n<\/li>\n<\/ul>\n<p>&nbsp;<\/p>\n<ul>\n<li style=\"list-style-type: none;\">\n<ul>&#8211; Lactobacillus acidophilus LA5 gastroprotegido<\/ul>\n<\/li>\n<\/ul>\n<p>&nbsp;<\/p>\n<ul>\n<li style=\"list-style-type: none;\">\n<ul>&#8211; Bifidobacterium BB12 gastroprotegido<\/ul>\n<\/li>\n<\/ul>\n<p>&nbsp;<\/p>\n<ul>\n<li style=\"list-style-type: none;\">\n<ul>&#8211; FOS (fructooligosac\u00e1ridos): fibras solubles especiales no digeribles de acci\u00f3n prebi\u00f3tica, que ejercen efectos bifid\u00f3genos facilitando el asentamiento probi\u00f3tico.<\/ul>\n<\/li>\n<\/ul>\n<p>&nbsp;<\/p>\n<ul>\n<li style=\"list-style-type: none;\">\n<ul>&#8211; Antiaglomerantes: almid\u00f3n de ma\u00edz, carbonato de calcio, di\u00f3xido de silicio, estearato de magnesio.<\/ul>\n<\/li>\n<\/ul>\n<p>&nbsp;<\/p>\n<ul>&#8211; C\u00e1psula vegetal<\/ul>\n<p><strong>Modo de empleo<\/strong><\/p>\n<p>2 c\u00e1psulas al d\u00eda, preferentemente por la noche antes de acostarse.<\/p>\n<p><strong>Envase<\/strong><\/p>\n<p>30 c\u00e1psulas de 400 mg<\/p>\n","protected":false},"excerpt":{"rendered":"<p>Complemento alimenticio a base de fermentos l\u00e1cticos vivos gastroprotegidos (10 billones por c\u00e1psula), \u00fatil para favorecer el equilibrio de la microflora del colon<\/p>\n","protected":false},"featured_media":544,"template":"","meta":[],"product_brand":[],"product_cat":[19,22,34,26,30,25],"product_tag":[],"class_list":{"0":"post-214","1":"product","2":"type-product","3":"status-publish","4":"has-post-thumbnail","6":"product_cat-avd-medicals","7":"product_cat-defensas-inmunitarias","8":"product_cat-disbiosis-intestinal","9":"product_cat-intolerancia-a-los-alimentos","10":"product_cat-la-flora-intestinal","11":"product_cat-vientre-inchado","13":"first","14":"instock","15":"sale","16":"taxable","17":"shipping-taxable","18":"purchasable","19":"product-type-simple"},"_links":{"self":[{"href":"https:\/\/dev01.lliuretic.cat\/avd\/webshopavd\/wp-json\/wp\/v2\/product\/214","targetHints":{"allow":["GET"]}}],"collection":[{"href":"https:\/\/dev01.lliuretic.cat\/avd\/webshopavd\/wp-json\/wp\/v2\/product"}],"about":[{"href":"https:\/\/dev01.lliuretic.cat\/avd\/webshopavd\/wp-json\/wp\/v2\/types\/product"}],"wp:featuredmedia":[{"embeddable":true,"href":"https:\/\/dev01.lliuretic.cat\/avd\/webshopavd\/wp-json\/wp\/v2\/media\/544"}],"wp:attachment":[{"href":"https:\/\/dev01.lliuretic.cat\/avd\/webshopavd\/wp-json\/wp\/v2\/media?parent=214"}],"wp:term":[{"taxonomy":"product_brand","embeddable":true,"href":"https:\/\/dev01.lliuretic.cat\/avd\/webshopavd\/wp-json\/wp\/v2\/product_brand?post=214"},{"taxonomy":"product_cat","embeddable":true,"href":"https:\/\/dev01.lliuretic.cat\/avd\/webshopavd\/wp-json\/wp\/v2\/product_cat?post=214"},{"taxonomy":"product_tag","embeddable":true,"href":"https:\/\/dev01.lliuretic.cat\/avd\/webshopavd\/wp-json\/wp\/v2\/product_tag?post=214"}],"curies":[{"name":"wp","href":"https:\/\/api.w.org\/{rel}","templated":true}]}}