{"id":216,"date":"2025-01-24T13:11:54","date_gmt":"2025-01-24T12:11:54","guid":{"rendered":"https:\/\/dev01.lliuretic.cat\/webshopavd\/?post_type=product&#038;p=216"},"modified":"2026-03-10T12:10:46","modified_gmt":"2026-03-10T11:10:46","slug":"epadx","status":"publish","type":"product","link":"https:\/\/dev01.lliuretic.cat\/avd\/webshopavd\/producto\/epadx\/","title":{"rendered":"Epadx"},"content":{"rendered":"<p><strong>Epadx<\/strong><br \/>\nComplemento alimenticio a base de SAMe, NAC, Silimarina fitosoma\u00ae de Cardo mariano, Fumaria, Zinc y vitaminas del grupo B, \u00fatil para favorecer la funcionalidad hep\u00e1tica.<\/p>\n<p><strong>Propiedades<\/strong><\/p>\n<p>EPADX es una formulaci\u00f3n espec\u00edficamente dise\u00f1ada para favorecer la detoxificaci\u00f3n hep\u00e1tica y la regeneraci\u00f3n del hepatocito. Gracias a la elevada biodisponibilidad de sus componentes, EPADX se revela particularmente eficaz como hepatoprotector como antioxidante y antiinflamatorio.<\/p>\n<p><strong> Ingredientes EPADX: por dosis diaria (2 caps)<\/strong><\/p>\n<p>N-acetilciste\u00edna (NAC) (400 mg)<\/p>\n<p>Silimarina Fitosomada\u00ae (Silybum marianum L. Gaerth) frutos extr. seco tit. en silimarina, lecitina de soja (400 mg)<\/p>\n<p>de la cual Silybum marianum extr. seco (132 mg)<\/p>\n<p>Fumaria officinalis L extr. seco tit. 0,04% protopina (200 mg)<\/p>\n<p>SAMe (S-adenosil-metionina), (200 mg)<\/p>\n<p>Cultavit\u00ae: complejo vegetal de vitaminas del grupo B del trigo sarraceno (Fagopyrum esculentum Moench) fruto entero (150,5 mg)<\/p>\n<p>Gluconato de Zinc (10 mg (100% VRN))<\/p>\n<p>Vitamina B1 (tiamina) (0,31 mg (28% VRN))<\/p>\n<p>Vitamina B2 (Riboflavina) (0,5 mg (36% VRN))<\/p>\n<p>Vitamina B3 (niacina) (5,4 mg (34% VRN))<\/p>\n<p>Vitamina B5 ac. pantot\u00e9nico (2 mg (34% VRN))<\/p>\n<p>Vitamina B6 (piridoxina) (0,31 mg (22% VRN))<\/p>\n<p>\u00c1cido f\u00f3lico (68 \u03bcg (34% VRN))<\/p>\n<p>Vitamina B12 (metilcobalamina) (0,6 \u03bcg (24 % VRN))<\/p>\n<p>Biotina (16,5 \u03bcg (33% VRN))<\/p>\n<p>Antiaglomerantes: fosfato c\u00e1lcico, di\u00f3xido de silicio, sales magn\u00e9sicas de \u00e1cidos grasos.<\/p>\n<p>C\u00e1psula vegetal: hidroxipropilmetilcelulosa, \u00f3xido de zinc<\/p>\n<p><strong>Propiedades de los componentes<\/strong><\/p>\n<p>Fumaria extracto seco: Favorece la eliminaci\u00f3n de toxinas gracias a las saponinas, polifenoles, fitosteroles y derivados antrac\u00e9nicos, constituyentes presentes en la planta.<\/p>\n<p>Acetilciste\u00edna (NAC): es un amino\u00e1cido sulfurado en su forma m\u00e1s biodisponible. Estimula la s\u00edntesis del GLUTATI\u00d3N (GSH), la principal mol\u00e9cula detoxificante de fase 1, y es fundamental para la eliminaci\u00f3n de xenobi\u00f3ticos. Adem\u00e1s, el glutati\u00f3n es el precursor de la Glutati\u00f3n peroxidasa, el m\u00e1s potente antioxidante enzim\u00e1tico<\/p>\n<p>Silimarina fitosoma extracto seco: es el flavonoide del Cardo Mariano (Silybum marianum), fundamental como hepatoprotector. La silimarina es fitosomada, aumentando considerablemente su biodisponibilidad y por tanto su eficacia. Protege el h\u00edgado de los radicales libres y de los metabolitos intermedios t\u00f3xicos y aumenta la s\u00edntesis del Glutati\u00f3n.<\/p>\n<p>SAMe (S-Adenosil-metionina): amino\u00e1cido esencial para los procesos de metilaci\u00f3n, una de las etapas fundamentales del proceso de conjugaci\u00f3n (fase 2). Empleada desde hace tiempo como antidepresivo y antiinflamatorio articular, adem\u00e1s tiene varias acciones, como es la de favorecer la eliminaci\u00f3n de la histamina, de los estr\u00f3genos en exceso, de la dopamina y adrenalina, responsables de la hiperactivaci\u00f3n del eje del estr\u00e9s. Asimismo, favorece la eliminaci\u00f3n de los l\u00edpidos en exceso del h\u00edgado, combatiendo la formaci\u00f3n de c\u00e1lculos biliares. Tambi\u00e9n de ello, la SAMe favorece la reducci\u00f3n de la Homociste\u00edna, amino\u00e1cido pro-inflamatorio y de factor de riesgo cardiovascular.<\/p>\n<p>Cultavit\u00ae (trigo sarraceno): las vitaminas del grupo B, presentes en su totalidad en esta formulaci\u00f3n, adem\u00e1s de cumplir sus funciones enzim\u00e1ticas sobre los procesos digestivos y sobre la formaci\u00f3n de serotonina y melatonina, son fundamentales en la s\u00edntesis del glutati\u00f3n.<\/p>\n<p>Gluconato de Zinc: presenta una excelente biodisponibilidad. El Zinc, del que a menudo carece la alimentaci\u00f3n, es un mineral fundamental para la activaci\u00f3n de m\u00e1s de 300 reacciones enzim\u00e1ticas, entre ellas la formaci\u00f3n de la enzima alcohol-deshidrogenasa, necesaria para la degradaci\u00f3n del alcohol. Resulta indispensable para la producci\u00f3n de las prostaglandinas antiinflamatorias, y adem\u00e1s estimula el sistema inmunitario y la reparaci\u00f3n de piel y mucosas.<\/p>\n<p><strong>Alergenos: Contiene Soja<\/strong><\/p>\n<p><strong>Modo de empleo<\/strong><\/p>\n<p>1-2 c\u00e1psulas al d\u00eda, preferentemente lejos de las comidas.<\/p>\n<p><strong>Envase<\/strong><\/p>\n<p>40 c\u00e1psulas<\/p>\n<p><strong>Modo de Conservaci\u00f3n:<\/strong><\/p>\n<p>Almacenar en un lugar fresco y seco, lejos de la luz solar y de fuentes de calor.<\/p>\n<p><strong>Advertencias:<\/strong><\/p>\n<p>No superar la dosis diaria expresamente recomendada. Los complementos alimenticios no pretenden ser un sustituto de una dieta variada y equilibrada y de un estilo de vida saludable. Mantenga el producto fuera del alcance de los ni\u00f1os menores de 3 a\u00f1os.<\/p>\n","protected":false},"excerpt":{"rendered":"<p>Complemento alimenticio a base de SAMe, NAC, Silimarina fitosoma\u00ae de Cardo mariano, Fumaria, Zinc y vitaminas del grupo B, \u00fatil para favorecer la funcionalidad hep\u00e1tica.<\/p>\n","protected":false},"featured_media":543,"template":"","meta":[],"product_brand":[],"product_cat":[19,33,32,23,34,24,28,26,25],"product_tag":[],"class_list":{"0":"post-216","1":"product","2":"type-product","3":"status-publish","4":"has-post-thumbnail","6":"product_cat-avd-medicals","7":"product_cat-colesterol-y-trigliceridos","8":"product_cat-control-de-la-glucemia","9":"product_cat-control-del-peso","10":"product_cat-disbiosis-intestinal","11":"product_cat-estado-de-animo","12":"product_cat-higado","13":"product_cat-intolerancia-a-los-alimentos","14":"product_cat-vientre-inchado","16":"first","17":"instock","18":"sale","19":"taxable","20":"shipping-taxable","21":"purchasable","22":"product-type-simple"},"_links":{"self":[{"href":"https:\/\/dev01.lliuretic.cat\/avd\/webshopavd\/wp-json\/wp\/v2\/product\/216","targetHints":{"allow":["GET"]}}],"collection":[{"href":"https:\/\/dev01.lliuretic.cat\/avd\/webshopavd\/wp-json\/wp\/v2\/product"}],"about":[{"href":"https:\/\/dev01.lliuretic.cat\/avd\/webshopavd\/wp-json\/wp\/v2\/types\/product"}],"wp:featuredmedia":[{"embeddable":true,"href":"https:\/\/dev01.lliuretic.cat\/avd\/webshopavd\/wp-json\/wp\/v2\/media\/543"}],"wp:attachment":[{"href":"https:\/\/dev01.lliuretic.cat\/avd\/webshopavd\/wp-json\/wp\/v2\/media?parent=216"}],"wp:term":[{"taxonomy":"product_brand","embeddable":true,"href":"https:\/\/dev01.lliuretic.cat\/avd\/webshopavd\/wp-json\/wp\/v2\/product_brand?post=216"},{"taxonomy":"product_cat","embeddable":true,"href":"https:\/\/dev01.lliuretic.cat\/avd\/webshopavd\/wp-json\/wp\/v2\/product_cat?post=216"},{"taxonomy":"product_tag","embeddable":true,"href":"https:\/\/dev01.lliuretic.cat\/avd\/webshopavd\/wp-json\/wp\/v2\/product_tag?post=216"}],"curies":[{"name":"wp","href":"https:\/\/api.w.org\/{rel}","templated":true}]}}