{"id":220,"date":"2025-01-24T13:55:33","date_gmt":"2025-01-24T12:55:33","guid":{"rendered":"https:\/\/dev01.lliuretic.cat\/webshopavd\/?post_type=product&#038;p=220"},"modified":"2026-03-10T12:10:46","modified_gmt":"2026-03-10T11:10:46","slug":"alka-flor-capsulas","status":"publish","type":"product","link":"https:\/\/dev01.lliuretic.cat\/avd\/webshopavd\/producto\/alka-flor-capsulas\/","title":{"rendered":"Alka Flor capsulas"},"content":{"rendered":"<p><strong>ALKA FLOR capsulas<\/strong><\/p>\n<p>Complemento alimenticio a base de fibras y sales minerales alcalinizantes<\/p>\n<p><strong>Propiedades<\/strong><\/p>\n<p>Las dietas modernas, cada vez m\u00e1s ausentes en alimentos alcalinizantes, una vida sedentaria, el estr\u00e9s, el alcohol, el tabaquismo y la ingesta de drogas pueden provocar una acumulaci\u00f3n de desechos metab\u00f3licos \u00e1cidos que deben ser eliminados. Incluso una actividad deportiva particularmente intensa o estresante puede generar la acumulaci\u00f3n de sustancias \u00e1cidas con la consiguiente formaci\u00f3n de acidosis tisular. La acidosis compromete el correcto funcionamiento de los sistemas reguladores, incluido el neurol\u00f3gico, mermando la \u00abclaridad mental\u00bb. Una acumulaci\u00f3n de \u00e1cidos a nivel mesenquimatoso crea cambios en su ambiente que altera el funcionamiento y la respuesta celular mientras que un equilibrio \u00e1cido-base promueve el mantenimiento de la salud psicof\u00edsica<\/p>\n<p><strong>Efecto fisiol\u00f3gico<\/strong><\/p>\n<p>La deficiencia de ox\u00edgeno est\u00e1 asociada con altos niveles de acidez y, a diferencia de los tejidos sanos, las c\u00e9lulas enfermas viven en un ambiente \u00e1cido y anaer\u00f3bico. Las soluciones alcalinizantes como los citratos alcalinos y el bicarbonato liberan OH-, lo que conduce a la producci\u00f3n de agua y ox\u00edgeno. La combinaci\u00f3n de minerales y aniones presentes en las c\u00e1psulas de Alka flor es capaz de cambiar un estado de acidosis devolviendo el pH intestinal a un nivel fisiol\u00f3gico.<\/p>\n<p>Alka flor tiene una acci\u00f3n anti\u00e1cida y alcalinizante natural sobre el tracto digestivo y el pH urinario y puede ser \u00fatil en la acidosis y cetosis de los ni\u00f1os, diarrea, calambres, taquicardia, hipotensi\u00f3n, actividades deportivas, gastritis, dispepsia, aerofagia, dolores de cabeza digestivos, disbiosis intestinal, intolerancias alimentarias y alergias, cuando el pH urinario tiene un valor entre 5,2 a 5,8.<\/p>\n<p>Gracias a la ausencia total de edulcorantes, tambi\u00e9n es adecuado para quienes tienen problemas de az\u00facar en sangre.<\/p>\n<p><strong>Ingredientes<\/strong><\/p>\n<ul>\n<li style=\"list-style-type: none;\">\n<ul>&#8211; Citrato de sodio<\/ul>\n<\/li>\n<\/ul>\n<p>&nbsp;<\/p>\n<ul>\n<li style=\"list-style-type: none;\">\n<ul>&#8211; Bicarbonato de sodio<\/ul>\n<\/li>\n<\/ul>\n<p>&nbsp;<\/p>\n<ul>\n<li style=\"list-style-type: none;\">\n<ul>&#8211; Citrato de magnesio<\/ul>\n<\/li>\n<\/ul>\n<p>&nbsp;<\/p>\n<ul>\n<li style=\"list-style-type: none;\">\n<ul>&#8211; Citrato de potasio<\/ul>\n<\/li>\n<\/ul>\n<p>&nbsp;<\/p>\n<ul>\n<li style=\"list-style-type: none;\">\n<ul>&#8211; Fructooligosac\u00e1ridos (FOS)<\/ul>\n<\/li>\n<\/ul>\n<p>&nbsp;<\/p>\n<ul>&#8211; Estearato de magnesio<\/ul>\n<p><strong>Dosis recomendada<\/strong><\/p>\n<p>* Para favorecer la digesti\u00f3n: 2 c\u00e1psulas al d\u00eda, despu\u00e9s de las principales comidas.<\/p>\n<p>* Como alcalinizante: 2-3 capsulas en la noche antes de dormir<\/p>\n","protected":false},"excerpt":{"rendered":"<p>Complemento alimenticio a base de fibras y sales minerales alcalinizantes<\/p>\n","protected":false},"featured_media":585,"template":"","meta":[],"product_brand":[],"product_cat":[19],"product_tag":[],"class_list":{"0":"post-220","1":"product","2":"type-product","3":"status-publish","4":"has-post-thumbnail","6":"product_cat-avd-medicals","8":"first","9":"instock","10":"sale","11":"taxable","12":"shipping-taxable","13":"purchasable","14":"product-type-simple"},"_links":{"self":[{"href":"https:\/\/dev01.lliuretic.cat\/avd\/webshopavd\/wp-json\/wp\/v2\/product\/220","targetHints":{"allow":["GET"]}}],"collection":[{"href":"https:\/\/dev01.lliuretic.cat\/avd\/webshopavd\/wp-json\/wp\/v2\/product"}],"about":[{"href":"https:\/\/dev01.lliuretic.cat\/avd\/webshopavd\/wp-json\/wp\/v2\/types\/product"}],"wp:featuredmedia":[{"embeddable":true,"href":"https:\/\/dev01.lliuretic.cat\/avd\/webshopavd\/wp-json\/wp\/v2\/media\/585"}],"wp:attachment":[{"href":"https:\/\/dev01.lliuretic.cat\/avd\/webshopavd\/wp-json\/wp\/v2\/media?parent=220"}],"wp:term":[{"taxonomy":"product_brand","embeddable":true,"href":"https:\/\/dev01.lliuretic.cat\/avd\/webshopavd\/wp-json\/wp\/v2\/product_brand?post=220"},{"taxonomy":"product_cat","embeddable":true,"href":"https:\/\/dev01.lliuretic.cat\/avd\/webshopavd\/wp-json\/wp\/v2\/product_cat?post=220"},{"taxonomy":"product_tag","embeddable":true,"href":"https:\/\/dev01.lliuretic.cat\/avd\/webshopavd\/wp-json\/wp\/v2\/product_tag?post=220"}],"curies":[{"name":"wp","href":"https:\/\/api.w.org\/{rel}","templated":true}]}}