{"id":222,"date":"2025-01-24T14:07:06","date_gmt":"2025-01-24T13:07:06","guid":{"rendered":"https:\/\/dev01.lliuretic.cat\/webshopavd\/?post_type=product&#038;p=222"},"modified":"2026-03-10T12:10:46","modified_gmt":"2026-03-10T11:10:46","slug":"flogisen","status":"publish","type":"product","link":"https:\/\/dev01.lliuretic.cat\/avd\/webshopavd\/producto\/flogisen\/","title":{"rendered":"Flogisen"},"content":{"rendered":"<p><strong>FLOGISEN<\/strong><\/p>\n<p>Complemento alimenticio a base de Curcuma Meriva\u00ae y Casperome\u00ae (extracto fitosomado de Boswellia con alta titulaci\u00f3n de \u00e1cidos bosw\u00e9licos).<\/p>\n<p><strong>Propiedades<\/strong><\/p>\n<p>Gracias a las propiedades y a la alta biodisponibilidad de sus componentes naturales, Flogisen mejora la funci\u00f3n articular y los estados de tensi\u00f3n localizados, ayudando a m\u00fasculos y articulaciones a contrarrestar la inflamaci\u00f3n provocada por el envejecimiento celular. Particularmente \u00fatil en caso de dolor de las articulaciones, m\u00fasculos y tendones.<\/p>\n<p><strong>Ingredientes<\/strong><\/p>\n<p>* Casperome\u00ae: Boswellia fitosomada (Boswellia serrata Roxb. Gomorresina extracto seco tit. \u2265 25% en \u00e1cidos bosw\u00e9licos, fosfol\u00edpidos de soja)<\/p>\n<p>* Meriva\u00ae: C\u00farcuma fitosomada (Curcuma longa L. extracto seco de rizoma tit. 20% en curcuminoides; fosfol\u00edpidos de soja)<\/p>\n<p>* Jengibre extr. seco (rizoma de Zingiber officinale Roscoe extr. seco tit. 5% en gingeroles<\/p>\n<p>* S\u00edlice micronizada, Estearato de magnesio<\/p>\n<p>* C\u00e1psula vegetal de hidroxipropilmetilcelulosa<\/p>\n<p><strong>Propiedades de sus componentes<\/strong><\/p>\n<p><strong>Casperome\u00ae Fitosoma:<\/strong> extracto seco de Boswellia serrata, tit. \u2265 25% en ac. bosw\u00e9licos: inhibe la s\u00edntesis de leucotrienos. \u00datil en inflamaciones cut\u00e1neas (psoriasis, eczema), inflamaciones mucosas (colitis ulcerosa, asma, Crohn), contrarresta la neuroinflamaci\u00f3n. Acci\u00f3n antioxidante<\/p>\n<p><strong>Meriva\u00ae Fitosoma:<\/strong> extracto seco de Curcuma longa tit. 20% en curcuminoides: antiinflamatorio (artritis, artrosis), \u00fatil para la eliminaci\u00f3n de AGE y metales pesados, para la desintoxicaci\u00f3n del h\u00edgado. Acci\u00f3n antioxidante<\/p>\n<p><strong>Jengibre:<\/strong> extracto seco de Zingiber officinale Roscoe tit seco. 5% en gingeroles: antial\u00e9rgico, antiinflamatorio (artritis, osteoartritis), estimula las enzimas desintoxicantes del h\u00edgado de fase II. Acci\u00f3n antin\u00e1useas. Disminuye el az\u00facar en sangre. Contrasta la neuroinflamaci\u00f3n, \u00fatil en caso de aterosclerosis e hipertensi\u00f3n. Acci\u00f3n antioxidante<\/p>\n<p><strong>Dosis recomendada<\/strong><\/p>\n<p>Una c\u00e1psulas dos veces al d\u00eda preferentemente durante las comidas.<\/p>\n","protected":false},"excerpt":{"rendered":"<p>Complemento alimenticio a base de Curcuma Meriva\u00ae y Casperome\u00ae (extracto fitosomado de Boswellia con alta titulaci\u00f3n de \u00e1cidos bosw\u00e9licos).<\/p>\n","protected":false},"featured_media":541,"template":"","meta":[],"product_brand":[],"product_cat":[19],"product_tag":[],"class_list":{"0":"post-222","1":"product","2":"type-product","3":"status-publish","4":"has-post-thumbnail","6":"product_cat-avd-medicals","8":"first","9":"instock","10":"sale","11":"taxable","12":"shipping-taxable","13":"purchasable","14":"product-type-simple"},"_links":{"self":[{"href":"https:\/\/dev01.lliuretic.cat\/avd\/webshopavd\/wp-json\/wp\/v2\/product\/222","targetHints":{"allow":["GET"]}}],"collection":[{"href":"https:\/\/dev01.lliuretic.cat\/avd\/webshopavd\/wp-json\/wp\/v2\/product"}],"about":[{"href":"https:\/\/dev01.lliuretic.cat\/avd\/webshopavd\/wp-json\/wp\/v2\/types\/product"}],"wp:featuredmedia":[{"embeddable":true,"href":"https:\/\/dev01.lliuretic.cat\/avd\/webshopavd\/wp-json\/wp\/v2\/media\/541"}],"wp:attachment":[{"href":"https:\/\/dev01.lliuretic.cat\/avd\/webshopavd\/wp-json\/wp\/v2\/media?parent=222"}],"wp:term":[{"taxonomy":"product_brand","embeddable":true,"href":"https:\/\/dev01.lliuretic.cat\/avd\/webshopavd\/wp-json\/wp\/v2\/product_brand?post=222"},{"taxonomy":"product_cat","embeddable":true,"href":"https:\/\/dev01.lliuretic.cat\/avd\/webshopavd\/wp-json\/wp\/v2\/product_cat?post=222"},{"taxonomy":"product_tag","embeddable":true,"href":"https:\/\/dev01.lliuretic.cat\/avd\/webshopavd\/wp-json\/wp\/v2\/product_tag?post=222"}],"curies":[{"name":"wp","href":"https:\/\/api.w.org\/{rel}","templated":true}]}}