{"id":224,"date":"2025-01-24T14:31:49","date_gmt":"2025-01-24T13:31:49","guid":{"rendered":"https:\/\/dev01.lliuretic.cat\/webshopavd\/?post_type=product&#038;p=224"},"modified":"2026-03-10T12:10:45","modified_gmt":"2026-03-10T11:10:45","slug":"mycoflor","status":"publish","type":"product","link":"https:\/\/dev01.lliuretic.cat\/avd\/webshopavd\/producto\/mycoflor\/","title":{"rendered":"MYCOFLOR"},"content":{"rendered":"<p><strong>Mycoflor<\/strong><\/p>\n<p>Mycoflor es un complemento alimenticio a base de aceites esenciales y extractos vegetales con acci\u00f3n antibacteriana y antif\u00fangica que act\u00faa favorablemente como protector de las mucosas, contrarrestando el establecimiento de hongos y bacterias nocivos o potencialmente pat\u00f3genos.<\/p>\n<p>Mycoflor act\u00faa en el intestino, tambi\u00e9n como inmunomodulador, siendo particularmente eficaz en casos de candidiasis intestinal, vulvovaginal, vaginosis bacteriana por flora mixta, s\u00edndrome de sobrecrecimiento bacteriano (SIBO), infecciones urinarias recurrentes, tendencia al estre\u00f1imiento obstructivo y en preparaci\u00f3n para \u00abterreno \u00abal uso de probi\u00f3ticos espec\u00edficos.<\/p>\n<p><strong>Propiedades<\/strong><\/p>\n<p>En la base de la excelente eficacia de Mycoflor se encuentra su compleja y estudiada formulaci\u00f3n, con aceites esenciales de Melaleuca alternifolia , Or\u00e9gano, Lim\u00f3n y Albahaca, como antimicrobiano, antidermatitis, antibacteriano, antimic\u00f3tico, anticandida, Actigerm\u00ae, un extracto concentrado de Thymus vulgaris, Rosmarinus officinalis , Salvia lavandulifolia , Origanum vulgare, con propiedades antibacterianas, antiinflamatorias y antioxidantes, tambi\u00e9n \u00fatiles en la lucha contra los trastornos que afectan al aparato respiratorio y la cavidad bucal, como es el caso de la candidiasis oral. Adicionalmente est\u00e1n presentes en la formulaci\u00f3n de Tabebuia impetiginosa, como agente inmunomodulador, Olea europaea ES, con acci\u00f3n inmunoestimulante, antibacteriana y antif\u00fangica, y yemas de Ulmus campestris, \u00fatil para el trofismo de las mucosas.<\/p>\n<p><strong>Ingredientes<\/strong><\/p>\n<ul>\n<li style=\"list-style-type: none;\">\n<ul>&#8211; Tabebuia impetiginosa seco (Tit. m\u00edn. 3% de naftoquinonas)<\/ul>\n<\/li>\n<\/ul>\n<p>&nbsp;<\/p>\n<ul>\n<li style=\"list-style-type: none;\">\n<ul>-Actigerm\u00ae: extracto concentrado de Thymus vulgare<\/ul>\n<\/li>\n<\/ul>\n<p>&nbsp;<\/p>\n<ul>\n<li style=\"list-style-type: none;\">\n<ul>-Rosmarinus officinalis<\/ul>\n<\/li>\n<\/ul>\n<p>&nbsp;<\/p>\n<ul>\n<li style=\"list-style-type: none;\">\n<ul>&#8211; Salvia lavandulifolia<\/ul>\n<\/li>\n<\/ul>\n<p>&nbsp;<\/p>\n<ul>\n<li style=\"list-style-type: none;\">\n<ul>&#8211; Origanum vulgare titulado al 15% en \u00e1cido rosmar\u00ednico<\/ul>\n<\/li>\n<\/ul>\n<p>&nbsp;<\/p>\n<ul>\n<li style=\"list-style-type: none;\">\n<ul>&#8211; Aceituna (Olea europaea) estr. seco (Tit.15% en oleurope\u00edna)<\/ul>\n<\/li>\n<\/ul>\n<p>&nbsp;<\/p>\n<ul>\n<li style=\"list-style-type: none;\">\n<ul>&#8211; Aceites esenciales de: Melaleuca alternifolia, or\u00e9gano, lim\u00f3n y albahaca<\/ul>\n<\/li>\n<\/ul>\n<p>&nbsp;<\/p>\n<ul>\n<li style=\"list-style-type: none;\">\n<ul>&#8211; Agentes antiaglomerantes: carbonato de calcio, di\u00f3xido de silicio, estearato de magnesio<\/ul>\n<\/li>\n<\/ul>\n<p>&nbsp;<\/p>\n<ul>&#8211; C\u00e1psulas vegetales resistentes a los \u00e1cidos DR caps<\/ul>\n<p><strong>Modo de empleo<\/strong><\/p>\n<p>Se recomienda tomar 2-4 c\u00e1psulas al d\u00eda con agua junto a las comidas<\/p>\n<p><strong>Envase<\/strong><\/p>\n<p>60 c\u00e1psulas DRcaps acidorresistentes<\/p>\n","protected":false},"excerpt":{"rendered":"<p>Mycoflor es un complemento alimenticio a base de aceites esenciales y extractos vegetales con acci\u00f3n antibacteriana y antif\u00fangica que act\u00faa favorablemente como protector de las mucosas, contrarrestando el establecimiento de hongos y bacterias nocivos o potencialmente pat\u00f3genos.<\/p>\n","protected":false},"featured_media":539,"template":"","meta":[],"product_brand":[],"product_cat":[19],"product_tag":[],"class_list":{"0":"post-224","1":"product","2":"type-product","3":"status-publish","4":"has-post-thumbnail","6":"product_cat-avd-medicals","8":"first","9":"instock","10":"sale","11":"taxable","12":"shipping-taxable","13":"purchasable","14":"product-type-simple"},"_links":{"self":[{"href":"https:\/\/dev01.lliuretic.cat\/avd\/webshopavd\/wp-json\/wp\/v2\/product\/224","targetHints":{"allow":["GET"]}}],"collection":[{"href":"https:\/\/dev01.lliuretic.cat\/avd\/webshopavd\/wp-json\/wp\/v2\/product"}],"about":[{"href":"https:\/\/dev01.lliuretic.cat\/avd\/webshopavd\/wp-json\/wp\/v2\/types\/product"}],"wp:featuredmedia":[{"embeddable":true,"href":"https:\/\/dev01.lliuretic.cat\/avd\/webshopavd\/wp-json\/wp\/v2\/media\/539"}],"wp:attachment":[{"href":"https:\/\/dev01.lliuretic.cat\/avd\/webshopavd\/wp-json\/wp\/v2\/media?parent=224"}],"wp:term":[{"taxonomy":"product_brand","embeddable":true,"href":"https:\/\/dev01.lliuretic.cat\/avd\/webshopavd\/wp-json\/wp\/v2\/product_brand?post=224"},{"taxonomy":"product_cat","embeddable":true,"href":"https:\/\/dev01.lliuretic.cat\/avd\/webshopavd\/wp-json\/wp\/v2\/product_cat?post=224"},{"taxonomy":"product_tag","embeddable":true,"href":"https:\/\/dev01.lliuretic.cat\/avd\/webshopavd\/wp-json\/wp\/v2\/product_tag?post=224"}],"curies":[{"name":"wp","href":"https:\/\/api.w.org\/{rel}","templated":true}]}}