{"id":226,"date":"2025-01-27T11:10:33","date_gmt":"2025-01-27T10:10:33","guid":{"rendered":"https:\/\/dev01.lliuretic.cat\/webshopavd\/?post_type=product&#038;p=226"},"modified":"2026-03-10T12:10:45","modified_gmt":"2026-03-10T11:10:45","slug":"microbiotin-fibra-100gr","status":"publish","type":"product","link":"https:\/\/dev01.lliuretic.cat\/avd\/webshopavd\/producto\/microbiotin-fibra-100gr\/","title":{"rendered":"MICROBIOTIN FIBRA 100gr"},"content":{"rendered":"<p>Microbiotin Fibra \u00e8 il prebiotico naturale innovativo con aggiunta di enzimi digestivi, studiato per favorire l\u2019eubiosi intestinale, migliorando la biodiversit\u00e0 del microbiota, controllando l\u2019eccessiva prevalenza di specie batteriche di tipo anaerobio a fermentazione putrefattiva, senza causare effetti indesiderati come gonfiore o eccessiva fermentazione spesso indotta dalle comuni fibre alimentari.<\/p>\n<p>Microbiotin Fibra es un prebi\u00f3tico natural innovador con enzimas digestivas a\u00f1adidas, dise\u00f1ado para promover la eubiosis intestinal, mejorando la biodiversidad de la microbiota, controlando la prevalencia excesiva de especies bacterianas anaerobias con fermentaci\u00f3n putrefacta, sin provocar efectos indeseables como hinchaz\u00f3n o fermentaci\u00f3n excesiva, muchas veces inducida por fibras alimentarias comunes.<\/p>\n<p><strong>Propiedades<\/strong><\/p>\n<p>Microbiotin Fibra contiene el extracto de semilla de Guar parcialmente hidrolizado (PHGG), de alta solubilidad e \u00edndice prebi\u00f3tico, adem\u00e1s el polvo del fruto de Baobab, alfa y beta galactosidasas y extracto de Carum carvi con acci\u00f3n antiespasm\u00f3dica.<\/p>\n<p>El uso de Microbiotin Fibra ayuda a mejorar la robustez y la plasticidad de la microbiota, un \u00ab\u00f3rgano\u00bb implicado en la respuesta del sistema inmunitario, favorece la correcta asimilaci\u00f3n de nutrientes y la sensaci\u00f3n de saciedad, mejora la integridad de la mucosa intestinal y la inflamaci\u00f3n cr\u00f3nica de bajo grado.<\/p>\n<p>El producto est\u00e1 indicado en caso de s\u00edndrome del intestino irritable (SII) con diarrea o con estre\u00f1imiento, en caso de disbiosis intestinal, hinchaz\u00f3n abdominal y dificultades digestivas, \u00fatil en dietas LOW FODMAP o con contenido reducido en fibra, intolerancia a la lactosa, legumbres, cruc\u00edferas y carbohidratos complejos y en caso de s\u00edndrome metab\u00f3lico donde hay necesidad de p\u00e9rdida de peso.<\/p>\n<p><strong>Ingredientes<\/strong><\/p>\n<ul>\n<li style=\"list-style-type: none;\">\n<ul>&#8211; Sunfiber\u00ae (goma Guar parcialmente hidrolizada)<\/ul>\n<\/li>\n<\/ul>\n<p>&#8211; Baobab (Adansonia digitata L.) fruto<\/p>\n<p>&#8211; Carvi (Carum carvi L.) semillas de extracto seco<\/p>\n<p>&#8211; Lactasas (Beta-galactosidasa 100.000 un. FCC\/g)<\/p>\n<p>&#8211; Alfa-galactosidasas (30.000 un. GAL\/g)<\/p>\n<p><strong>Modo de empleo<\/strong><\/p>\n<p>2 cucharaditas (4 gramos) al d\u00eda disueltas en agua antes de la cena<\/p>\n<p><strong>Envase<\/strong><\/p>\n<p>Envase de 100 g<\/p>\n","protected":false},"excerpt":{"rendered":"<p>Microbiotin Fibra es un complemento alimenticio a base de fibras prebi\u00f3ticas (SUNFIBER\u00ae), Baobab y enzimas digestivas, estudiado para favorecer la eubiosis intestinal.<\/p>\n","protected":false},"featured_media":538,"template":"","meta":[],"product_brand":[],"product_cat":[19],"product_tag":[],"class_list":{"0":"post-226","1":"product","2":"type-product","3":"status-publish","4":"has-post-thumbnail","6":"product_cat-avd-medicals","8":"first","9":"instock","10":"sale","11":"taxable","12":"shipping-taxable","13":"purchasable","14":"product-type-simple"},"_links":{"self":[{"href":"https:\/\/dev01.lliuretic.cat\/avd\/webshopavd\/wp-json\/wp\/v2\/product\/226","targetHints":{"allow":["GET"]}}],"collection":[{"href":"https:\/\/dev01.lliuretic.cat\/avd\/webshopavd\/wp-json\/wp\/v2\/product"}],"about":[{"href":"https:\/\/dev01.lliuretic.cat\/avd\/webshopavd\/wp-json\/wp\/v2\/types\/product"}],"wp:featuredmedia":[{"embeddable":true,"href":"https:\/\/dev01.lliuretic.cat\/avd\/webshopavd\/wp-json\/wp\/v2\/media\/538"}],"wp:attachment":[{"href":"https:\/\/dev01.lliuretic.cat\/avd\/webshopavd\/wp-json\/wp\/v2\/media?parent=226"}],"wp:term":[{"taxonomy":"product_brand","embeddable":true,"href":"https:\/\/dev01.lliuretic.cat\/avd\/webshopavd\/wp-json\/wp\/v2\/product_brand?post=226"},{"taxonomy":"product_cat","embeddable":true,"href":"https:\/\/dev01.lliuretic.cat\/avd\/webshopavd\/wp-json\/wp\/v2\/product_cat?post=226"},{"taxonomy":"product_tag","embeddable":true,"href":"https:\/\/dev01.lliuretic.cat\/avd\/webshopavd\/wp-json\/wp\/v2\/product_tag?post=226"}],"curies":[{"name":"wp","href":"https:\/\/api.w.org\/{rel}","templated":true}]}}