{"id":230,"date":"2025-01-27T11:18:07","date_gmt":"2025-01-27T10:18:07","guid":{"rendered":"https:\/\/dev01.lliuretic.cat\/webshopavd\/?post_type=product&#038;p=230"},"modified":"2026-03-10T12:10:45","modified_gmt":"2026-03-10T11:10:45","slug":"serebiotin","status":"publish","type":"product","link":"https:\/\/dev01.lliuretic.cat\/avd\/webshopavd\/producto\/serebiotin\/","title":{"rendered":"Serebiotin"},"content":{"rendered":"<p><strong>SEREBIOTIN<\/strong><br \/>\nSerebiotin es un complemento alimenticio a base de fermentos l\u00e1cticos vivos, \u00fatil para favorecer el bienestar de la madre durante el \u00faltimo trimestre de gestaci\u00f3n y la lactancia, y para favorecer la nutrici\u00f3n e inmunidad del beb\u00e9.<\/p>\n<p><strong>Propiedades<\/strong><\/p>\n<p>Gracias al aporte de fermentos l\u00e1cticos vivos de acci\u00f3n psicobi\u00f3tica como Lactobacillus gasseri LG050, Lactobacillus reuteri PBS072 y Bifidobacterium breve BB077, Serebiotin promueve la producci\u00f3n de neurotransmisores que reestablecen la calma, la serenidad y mejoran la calidad de la lactancia materna, as\u00ed como tambi\u00e9n aportan beneficios significativos al beb\u00e9, tales como reducir los c\u00f3licos y la producci\u00f3n de gases intestinales, con lo cual ayuda a reducir el llanto del beb\u00e9, prevenir alergias y dermatitis at\u00f3pica, y favorecer el correcto desarrollo del sistema inmunitario del beb\u00e9.<\/p>\n<p><strong>Ingredientes<\/strong><\/p>\n<ul>\n<li style=\"list-style-type: none;\">\n<ul>&#8211; Maltodextrina de ma\u00edz<\/ul>\n<\/li>\n<\/ul>\n<p>&nbsp;<\/p>\n<ul>\n<li style=\"list-style-type: none;\">\n<ul>&#8211; Fermentos l\u00e1cticos vivos:<\/ul>\n<\/li>\n<\/ul>\n<p>&nbsp;<\/p>\n<ul>\n<li style=\"list-style-type: none;\">\n<ul>&#8211; Lactobacillus gasseri LG050<\/ul>\n<\/li>\n<\/ul>\n<p>&nbsp;<\/p>\n<ul>\n<li style=\"list-style-type: none;\">\n<ul>&#8211; Lactobacillus reuteri PBS072<\/ul>\n<\/li>\n<\/ul>\n<p>&nbsp;<\/p>\n<ul>\n<li style=\"list-style-type: none;\">\n<ul>&#8211; Bifidobacterium breve BB077<\/ul>\n<\/li>\n<\/ul>\n<p>&nbsp;<\/p>\n<ul>\n<li style=\"list-style-type: none;\">\n<ul>&#8211; Antiaglomerantes: carbonato de calcio, estearato de magnesio vegetal<\/ul>\n<\/li>\n<\/ul>\n<p>&nbsp;<\/p>\n<ul>&#8211; C\u00e1psula vegetal: hidroxipropilmetilcelulosa<\/ul>\n<p><strong>Modo de empleo<\/strong><\/p>\n<p>1 c\u00e1psula al d\u00eda por al menos 3 meses, alejada de las comidas<\/p>\n<p><strong>Envase<\/strong><\/p>\n<p>20 c\u00e1psulas. Peso Neto 8 g<\/p>\n","protected":false},"excerpt":{"rendered":"<p>Serebiotin es un complemento alimenticio a base de fermentos l\u00e1cticos vivos, \u00fatil para favorecer el bienestar de la madre durante el \u00faltimo trimestre de gestaci\u00f3n y la lactancia, y para favorecer la nutrici\u00f3n e inmunidad del beb\u00e9.<\/p>\n","protected":false},"featured_media":536,"template":"","meta":[],"product_brand":[],"product_cat":[19],"product_tag":[],"class_list":{"0":"post-230","1":"product","2":"type-product","3":"status-publish","4":"has-post-thumbnail","6":"product_cat-avd-medicals","8":"first","9":"instock","10":"sale","11":"taxable","12":"shipping-taxable","13":"purchasable","14":"product-type-simple"},"_links":{"self":[{"href":"https:\/\/dev01.lliuretic.cat\/avd\/webshopavd\/wp-json\/wp\/v2\/product\/230","targetHints":{"allow":["GET"]}}],"collection":[{"href":"https:\/\/dev01.lliuretic.cat\/avd\/webshopavd\/wp-json\/wp\/v2\/product"}],"about":[{"href":"https:\/\/dev01.lliuretic.cat\/avd\/webshopavd\/wp-json\/wp\/v2\/types\/product"}],"wp:featuredmedia":[{"embeddable":true,"href":"https:\/\/dev01.lliuretic.cat\/avd\/webshopavd\/wp-json\/wp\/v2\/media\/536"}],"wp:attachment":[{"href":"https:\/\/dev01.lliuretic.cat\/avd\/webshopavd\/wp-json\/wp\/v2\/media?parent=230"}],"wp:term":[{"taxonomy":"product_brand","embeddable":true,"href":"https:\/\/dev01.lliuretic.cat\/avd\/webshopavd\/wp-json\/wp\/v2\/product_brand?post=230"},{"taxonomy":"product_cat","embeddable":true,"href":"https:\/\/dev01.lliuretic.cat\/avd\/webshopavd\/wp-json\/wp\/v2\/product_cat?post=230"},{"taxonomy":"product_tag","embeddable":true,"href":"https:\/\/dev01.lliuretic.cat\/avd\/webshopavd\/wp-json\/wp\/v2\/product_tag?post=230"}],"curies":[{"name":"wp","href":"https:\/\/api.w.org\/{rel}","templated":true}]}}