{"id":232,"date":"2025-01-27T11:20:51","date_gmt":"2025-01-27T10:20:51","guid":{"rendered":"https:\/\/dev01.lliuretic.cat\/webshopavd\/?post_type=product&#038;p=232"},"modified":"2026-03-10T12:10:45","modified_gmt":"2026-03-10T11:10:45","slug":"estromin","status":"publish","type":"product","link":"https:\/\/dev01.lliuretic.cat\/avd\/webshopavd\/producto\/estromin\/","title":{"rendered":"Estromin"},"content":{"rendered":"<p><strong>ESTROMIN<\/strong><br \/>\nEstromin es un complemento alimenticio a base de T\u00e9 Verde Greenselect\u00ae, Camelia sinensais, Agnocasto, Vitamina B6 y Zinc, \u00fatil para contrarrestar los trastornos del ciclo menstrual.<\/p>\n<p><strong>Propiedades<\/strong><\/p>\n<p>Formulado para contrarrestar eficazmente los trastornos del ciclo menstrual, en casos de s\u00edndrome premenstrual, trastornos funcionales como menstruaciones dolorosas, trastornos del estado de \u00e1nimo relacionados, acn\u00e9 premenstrual y retenci\u00f3n de l\u00edquidos, pero tambi\u00e9n puede resultar \u00fatil en otros problemas con patog\u00e9nesis estr\u00f3geno-dependiente<\/p>\n<p><strong>Ingredientes<\/strong><\/p>\n<ul>\n<li style=\"list-style-type: none;\">\n<ul>&#8211; T\u00e9 Verde Greenselect\u00ae fitosoma\u00ae (extracto seco descafeinado)<\/ul>\n<\/li>\n<\/ul>\n<p>&nbsp;<\/p>\n<ul>\n<li style=\"list-style-type: none;\">\n<ul>&#8211; camelia sinensis Kuntze (hojas) estandarizado y titulado 17% en epigalocatequina-3-0-galato, fitosomado con fosfol\u00edpidos de soja<\/ul>\n<\/li>\n<\/ul>\n<p>&nbsp;<\/p>\n<ul>\n<li style=\"list-style-type: none;\">\n<ul>&#8211; Agnocasto extracto seco (Vitex agnus-castus L. frutos) titulado 0,5% en agnusidos<\/ul>\n<\/li>\n<\/ul>\n<p>&nbsp;<\/p>\n<ul>\n<li style=\"list-style-type: none;\">\n<ul>&#8211; Vitamina B6 Piridoxina<\/ul>\n<\/li>\n<\/ul>\n<p>&nbsp;<\/p>\n<ul>\n<li style=\"list-style-type: none;\">\n<ul>&#8211; Gluconato de Zinc<\/ul>\n<\/li>\n<\/ul>\n<p>&nbsp;<\/p>\n<ul>\n<li style=\"list-style-type: none;\">\n<ul>&#8211; Antiaglomerantes: almid\u00f3n de ma\u00edz, carbonato de calcio, estearato de magnesio vegetal, di\u00f3xido de silicio<\/ul>\n<\/li>\n<\/ul>\n<p>&nbsp;<\/p>\n<ul>&#8211; C\u00e1psula vegetal: hidroxipropilmetilcelulosa 1 c\u00e1psula al d\u00eda por la ma\u00f1ana, nada m\u00e1s levantarse.<\/ul>\n<p><strong>Modo de empleo<\/strong><\/p>\n<p>1 c\u00e1psula al d\u00eda por la ma\u00f1ana, nada m\u00e1s levantarse<\/p>\n<p><strong>Envase<\/strong><\/p>\n<p>30 c\u00e1psulas. Peso Neto 18 g<\/p>\n","protected":false},"excerpt":{"rendered":"<p>Estromin es un omplemento alimenticio a base de T\u00e9 Verde Greenselect\u00ae, Camelia sinensais, Agnocasto, Vitamina B6 y Zinc, \u00fatil para contrarrestar los trastornos del ciclo menstrual.<\/p>\n","protected":false},"featured_media":535,"template":"","meta":[],"product_brand":[],"product_cat":[19],"product_tag":[],"class_list":{"0":"post-232","1":"product","2":"type-product","3":"status-publish","4":"has-post-thumbnail","6":"product_cat-avd-medicals","8":"first","9":"instock","10":"sale","11":"taxable","12":"shipping-taxable","13":"purchasable","14":"product-type-simple"},"_links":{"self":[{"href":"https:\/\/dev01.lliuretic.cat\/avd\/webshopavd\/wp-json\/wp\/v2\/product\/232","targetHints":{"allow":["GET"]}}],"collection":[{"href":"https:\/\/dev01.lliuretic.cat\/avd\/webshopavd\/wp-json\/wp\/v2\/product"}],"about":[{"href":"https:\/\/dev01.lliuretic.cat\/avd\/webshopavd\/wp-json\/wp\/v2\/types\/product"}],"wp:featuredmedia":[{"embeddable":true,"href":"https:\/\/dev01.lliuretic.cat\/avd\/webshopavd\/wp-json\/wp\/v2\/media\/535"}],"wp:attachment":[{"href":"https:\/\/dev01.lliuretic.cat\/avd\/webshopavd\/wp-json\/wp\/v2\/media?parent=232"}],"wp:term":[{"taxonomy":"product_brand","embeddable":true,"href":"https:\/\/dev01.lliuretic.cat\/avd\/webshopavd\/wp-json\/wp\/v2\/product_brand?post=232"},{"taxonomy":"product_cat","embeddable":true,"href":"https:\/\/dev01.lliuretic.cat\/avd\/webshopavd\/wp-json\/wp\/v2\/product_cat?post=232"},{"taxonomy":"product_tag","embeddable":true,"href":"https:\/\/dev01.lliuretic.cat\/avd\/webshopavd\/wp-json\/wp\/v2\/product_tag?post=232"}],"curies":[{"name":"wp","href":"https:\/\/api.w.org\/{rel}","templated":true}]}}