{"id":239,"date":"2025-01-27T11:31:12","date_gmt":"2025-01-27T10:31:12","guid":{"rendered":"https:\/\/dev01.lliuretic.cat\/webshopavd\/?post_type=product&#038;p=239"},"modified":"2026-03-10T12:10:45","modified_gmt":"2026-03-10T11:10:45","slug":"actigerm-fast","status":"publish","type":"product","link":"https:\/\/dev01.lliuretic.cat\/avd\/webshopavd\/producto\/actigerm-fast\/","title":{"rendered":"Actigerm Fast"},"content":{"rendered":"<p><strong>Actigerm Fast<\/strong><br \/>\nComplemento alimenticio a base de Cistus, Cordyceps sinensis, Matricaria, Actigerm\u00ae, olivo y Zinc, \u00fatil para favorecer la funcionalidad y bienestar de las v\u00edas respiratorias altas.<\/p>\n<p><strong>Propiedades<\/strong><\/p>\n<p>Actigerm\u00ae fast es una formulaci\u00f3n espec\u00edficamente dise\u00f1ada para la prevenci\u00f3n de las enfermedades de las v\u00edas respiratorias altas y el control de los s\u00edntomas frecuentemente asociados, brindando un adecuado apoyo al sistema inmunol\u00f3gico para una r\u00e1pida recuperaci\u00f3n.<\/p>\n<p>Ingredientes Actigerm\u00ae fast<\/p>\n<p><strong>Ingredientes:<\/strong> por dosis diaria (4 caps) % VRN<\/p>\n<ul>\n<li style=\"list-style-type: none;\">\n<ul>&#8211; Cistus e.s. tit 20 % polifenoles (998 mg)<\/ul>\n<\/li>\n<\/ul>\n<p>&#8211; Cordyceps sinensis tit. 1% en cordicepina (604 mg)<\/p>\n<p>&#8211; Matricaria e.s tit. 0,8% en parten\u00f3lido (500 mg)<\/p>\n<p>&#8211; Actigerm\u00ae tit. 15% en \u00e1cido rosmar\u00ednico (375 mg)<\/p>\n<p>&#8211; Olivo e.s. tit. 40% oleurope\u00edna (200 mg)<\/p>\n<p>&#8211; Zinc (como gluconato de zinc) (10 mg) 100%<\/p>\n<p>&#8211; Antiaglomerante: sales magn\u00e9sicas de \u00e1cidos grasos<\/p>\n<p>&#8211; C\u00e1psula vegetal: hidroxipropilmetilcelulosa<\/p>\n<p>*VRN: Valor de referencia nutricional<\/p>\n<p><strong>Propiedades de los componentes:<\/strong><\/p>\n<p>Cistus incanus: rico en polifenoles espec\u00edficos y proantocianidinas, Cistus tiene una acci\u00f3n antimicrobiana y ayuda a mejorar los s\u00edntomas de las infecciones respiratorias.<br \/>\nCordyceps sinensis: alto en cordicepina, ayuda a inhibir la inflamaci\u00f3n no fisiol\u00f3gica y ayuda a prevenir infecciones al apoyar el sistema inmunol\u00f3gico.<br \/>\nMatricaria: acci\u00f3n antiinflamatoria, \u00fatil en caso de migra\u00f1a y dolor musculoesquel\u00e9tico.<br \/>\nActigerm\u00ae (extracto concentrado titulado al 15% en \u00e1cido rosmar\u00ednico de Thymus vulgare, Rosmarinus officinalis, Salvia lavandulifolia, Origanum vulgare): con fuertes propiedades antibacterianas, antiinflamatorias y antioxidantes, es \u00fatil para contrarrestar los trastornos que afectan al sistema respiratorio y a la cavidad bucal.<br \/>\nOlivo: titulado en oleurope\u00edna, un polifenol con actividad antimicrobiana ya que da\u00f1a la membrana bacteriana, inhibiendo la viabilidad y la replicaci\u00f3n de los microorganismos.<br \/>\nZinc: oligoelemento esencial, gracias a sus propiedades inmunomoduladoras desempe\u00f1a un papel crucial en el apoyo al sistema inmunitario.<\/p>\n<p><strong>Alergenos:<\/strong> No Contiene<\/p>\n<p><strong>Nota:<\/strong> Sin Gluten<\/p>\n<p><strong>Modo de empleo<\/strong><\/p>\n<p>2 c\u00e1psulas 2 veces al d\u00eda.<\/p>\n<p><strong>Envase<\/strong><\/p>\n<p>20 c\u00e1psulas<\/p>\n<p><strong>Modo de Conservaci\u00f3n:<\/strong><\/p>\n<p>Almacenar en un lugar fresco y seco, lejos de la luz solar y de fuentes de calor.<\/p>\n<p><strong>Advertencias:<\/strong><\/p>\n<p>No superar la dosis diaria expresamente recomendada. Los complementos alimenticios no pretenden ser un sustituto de una dieta variada y equilibrada y de un estilo de vida saludable. Mantenga el producto fuera del alcance de los ni\u00f1os menores de 3 a\u00f1os.<\/p>\n","protected":false},"excerpt":{"rendered":"<p>Complemento alimenticio a base de Cistus, Cordyceps sinensis, Matricaria, Actigerm\u00ae, olivo y Zinc, \u00fatil para favorecer la funcionalidad y bienestar de las v\u00edas respiratorias altas.<\/p>\n","protected":false},"featured_media":532,"template":"","meta":[],"product_brand":[],"product_cat":[19],"product_tag":[],"class_list":{"0":"post-239","1":"product","2":"type-product","3":"status-publish","4":"has-post-thumbnail","6":"product_cat-avd-medicals","8":"first","9":"instock","10":"sale","11":"taxable","12":"shipping-taxable","13":"purchasable","14":"product-type-simple"},"_links":{"self":[{"href":"https:\/\/dev01.lliuretic.cat\/avd\/webshopavd\/wp-json\/wp\/v2\/product\/239","targetHints":{"allow":["GET"]}}],"collection":[{"href":"https:\/\/dev01.lliuretic.cat\/avd\/webshopavd\/wp-json\/wp\/v2\/product"}],"about":[{"href":"https:\/\/dev01.lliuretic.cat\/avd\/webshopavd\/wp-json\/wp\/v2\/types\/product"}],"wp:featuredmedia":[{"embeddable":true,"href":"https:\/\/dev01.lliuretic.cat\/avd\/webshopavd\/wp-json\/wp\/v2\/media\/532"}],"wp:attachment":[{"href":"https:\/\/dev01.lliuretic.cat\/avd\/webshopavd\/wp-json\/wp\/v2\/media?parent=239"}],"wp:term":[{"taxonomy":"product_brand","embeddable":true,"href":"https:\/\/dev01.lliuretic.cat\/avd\/webshopavd\/wp-json\/wp\/v2\/product_brand?post=239"},{"taxonomy":"product_cat","embeddable":true,"href":"https:\/\/dev01.lliuretic.cat\/avd\/webshopavd\/wp-json\/wp\/v2\/product_cat?post=239"},{"taxonomy":"product_tag","embeddable":true,"href":"https:\/\/dev01.lliuretic.cat\/avd\/webshopavd\/wp-json\/wp\/v2\/product_tag?post=239"}],"curies":[{"name":"wp","href":"https:\/\/api.w.org\/{rel}","templated":true}]}}