{"id":242,"date":"2025-01-27T11:39:11","date_gmt":"2025-01-27T10:39:11","guid":{"rendered":"https:\/\/dev01.lliuretic.cat\/webshopavd\/?post_type=product&#038;p=242"},"modified":"2026-03-10T12:10:45","modified_gmt":"2026-03-10T11:10:45","slug":"bio-activa-c","status":"publish","type":"product","link":"https:\/\/dev01.lliuretic.cat\/avd\/webshopavd\/producto\/bio-activa-c\/","title":{"rendered":"BIO Activa C"},"content":{"rendered":"<p><strong>BIO Activa C<\/strong><br \/>\nComplemento alimenticio a base de extracto de Rosa Canina, rico en vitamina C.<\/p>\n<p><strong>Propiedades<\/strong><\/p>\n<p>Bioactiva C. contiene un extracto de Rosa canina rico en vitamina C, que tiene una acci\u00f3n antioxidante natural y es particularmente \u00fatil para promover las defensas naturales del cuerpo. La vitamina C tambi\u00e9n promueve la absorci\u00f3n de betaglucanos, lo que ayuda a aumentar la biodisponibilidad de los hongos medicinales.<\/p>\n<p><strong>Ingredientes Bioactiva C<\/strong><\/p>\n<p><strong>Ingredientes:<\/strong> por dosis diaria (3 caps)<\/p>\n<ul>\n<li style=\"list-style-type: none;\">\n<ul>Rosa Canina extracto seco tit. 70% en vitamina C (714 mg) % CDR*<\/ul>\n<\/li>\n<\/ul>\n<p>Aporte de vitamina C (500 mg) 625%<\/p>\n<p><strong>Antiaglomerantes:<\/strong> almid\u00f3n de ma\u00edz, carbonato de calcio, di\u00f3xido de silicio, sales magn\u00e9sicas de \u00e1cidos grasos<\/p>\n<p><strong>C\u00e1psula vegetal:<\/strong> hidroxipropilmetilcelulosa<\/p>\n<p>*CDR: Cantidad diaria recomendada<\/p>\n<p><strong>Propiedad de la Vitamina C:<\/strong><\/p>\n<ul>\n<li style=\"list-style-type: none;\">\n<ul>&#8211; La vitamina C (\u00e1cido asc\u00f3rbico) debe tomarse diariamente con la dieta ya que nuestro cuerpo no es capaz de producirla. Est\u00e1 implicado en numerosos procesos bioqu\u00edmicos dentro de la c\u00e9lula, en particular:<\/ul>\n<\/li>\n<\/ul>\n<p>&nbsp;<\/p>\n<ul>\n<li style=\"list-style-type: none;\">\n<ul>&#8211; Mejora la resistencia a las infecciones por su acci\u00f3n inmunoestimulante<\/ul>\n<\/li>\n<\/ul>\n<p>&nbsp;<\/p>\n<ul>\n<li style=\"list-style-type: none;\">\n<ul>&#8211; Favorece la absorci\u00f3n de hierro en el intestino, aumentando el nivel de hemoglobina<\/ul>\n<\/li>\n<\/ul>\n<p>&nbsp;<\/p>\n<ul>\n<li style=\"list-style-type: none;\">\n<ul>&#8211; Esencial para las actividades vitales de todas las c\u00e9lulas y para la producci\u00f3n de energ\u00eda<\/ul>\n<\/li>\n<\/ul>\n<p>&nbsp;<\/p>\n<ul>\n<li style=\"list-style-type: none;\">\n<ul>&#8211; Interviene en la s\u00edntesis de col\u00e1geno, una prote\u00edna necesaria para la formaci\u00f3n de tejido conectivo en la piel, ligamentos y huesos<\/ul>\n<\/li>\n<\/ul>\n<p>&nbsp;<\/p>\n<ul>\n<li style=\"list-style-type: none;\">\n<ul>&#8211; Contribuye al desarrollo muscular<\/ul>\n<\/li>\n<\/ul>\n<p>&nbsp;<\/p>\n<ul>&#8211; Protege a las c\u00e9lulas y los tejidos contra el da\u00f1o oxidativo<\/ul>\n<p><strong>Alergenos:<\/strong> No Contiene<\/p>\n<p><strong>Nota: <\/strong>Sin Gluten<\/p>\n<p><strong>Modo de empleo<\/strong><\/p>\n<p>1 c\u00e1psula 3 veces al d\u00eda preferiblemente con las comidas<\/p>\n<p><strong>Envase<\/strong><\/p>\n<p>60 c\u00e1psulas<\/p>\n<p><strong>Modo de Conservaci\u00f3n:<\/strong><\/p>\n<p>Almacenar en un lugar fresco y seco, lejos de la luz solar y de fuentes de calor.<\/p>\n<p><strong>Advertencias:<\/strong><\/p>\n<p>No superar la dosis diaria expresamente recomendada. Los complementos alimenticios no pretenden ser un sustituto de una dieta variada y equilibrada y de un estilo de vida saludable. Mantenga el producto fuera del alcance de los ni\u00f1os menores de 3 a\u00f1os.<\/p>\n","protected":false},"excerpt":{"rendered":"<p>Complemento alimenticio a base de extracto de Rosa Canina, rico en vitamina C.<\/p>\n","protected":false},"featured_media":531,"template":"","meta":[],"product_brand":[],"product_cat":[19],"product_tag":[],"class_list":{"0":"post-242","1":"product","2":"type-product","3":"status-publish","4":"has-post-thumbnail","6":"product_cat-avd-medicals","8":"first","9":"instock","10":"sale","11":"taxable","12":"shipping-taxable","13":"purchasable","14":"product-type-simple"},"_links":{"self":[{"href":"https:\/\/dev01.lliuretic.cat\/avd\/webshopavd\/wp-json\/wp\/v2\/product\/242","targetHints":{"allow":["GET"]}}],"collection":[{"href":"https:\/\/dev01.lliuretic.cat\/avd\/webshopavd\/wp-json\/wp\/v2\/product"}],"about":[{"href":"https:\/\/dev01.lliuretic.cat\/avd\/webshopavd\/wp-json\/wp\/v2\/types\/product"}],"wp:featuredmedia":[{"embeddable":true,"href":"https:\/\/dev01.lliuretic.cat\/avd\/webshopavd\/wp-json\/wp\/v2\/media\/531"}],"wp:attachment":[{"href":"https:\/\/dev01.lliuretic.cat\/avd\/webshopavd\/wp-json\/wp\/v2\/media?parent=242"}],"wp:term":[{"taxonomy":"product_brand","embeddable":true,"href":"https:\/\/dev01.lliuretic.cat\/avd\/webshopavd\/wp-json\/wp\/v2\/product_brand?post=242"},{"taxonomy":"product_cat","embeddable":true,"href":"https:\/\/dev01.lliuretic.cat\/avd\/webshopavd\/wp-json\/wp\/v2\/product_cat?post=242"},{"taxonomy":"product_tag","embeddable":true,"href":"https:\/\/dev01.lliuretic.cat\/avd\/webshopavd\/wp-json\/wp\/v2\/product_tag?post=242"}],"curies":[{"name":"wp","href":"https:\/\/api.w.org\/{rel}","templated":true}]}}