{"id":244,"date":"2025-01-27T11:42:01","date_gmt":"2025-01-27T10:42:01","guid":{"rendered":"https:\/\/dev01.lliuretic.cat\/webshopavd\/?post_type=product&#038;p=244"},"modified":"2026-03-10T12:10:45","modified_gmt":"2026-03-10T11:10:45","slug":"performance-slow-aging","status":"publish","type":"product","link":"https:\/\/dev01.lliuretic.cat\/avd\/webshopavd\/producto\/performance-slow-aging\/","title":{"rendered":"Performance Slow Aging"},"content":{"rendered":"<p><strong>PERFORMANCE SLOW AGING <\/strong><br \/>\nContribuye al envejecimiento lento.<br \/>\nComplemento alimenticio a base de Curcuma, NAC y Astaxantina con acci\u00f3n antioxidante, \u00fatil para reducir la inflamaci\u00f3n y el estr\u00e9s oxidativo producido por la actividad deportiva, ralentizando los procesos de envejecimiento celular.<\/p>\n<p><strong>Objetivos de salud:<\/strong><br \/>\nGracias a la sinergia de los extractos de plantas de \u00faltima generaci\u00f3n, el rendimiento del envejecimiento lento es una formulaci\u00f3n capaz de contrarrestar la incidencia de da\u00f1o muscular y la reducci\u00f3n de las capacidades de rendimiento de los deportistas. El envejecimiento lento de rendimiento permite frenar el envejecimiento prematuro y contrarrestar los radicales libres de ox\u00edgeno producidos por las sesiones de entrenamiento intenso, que a menudo inducen altos niveles de estr\u00e9s oxidativo con repercusiones negativas en el sistema musculoesquel\u00e9tico y el sistema inmunol\u00f3gico, aumentando as\u00ed la tiempos de recuperaci\u00f3n y la probabilidad de accidentes aumentando as\u00ed los tiempos.<\/p>\n<p><strong>Propiedades de los componentes<\/strong><\/p>\n<p><strong>TurmacinTM Extracto estandarizado de C\u00f9rcuma longa tit. 12.5%:<\/strong> \u200b\u200balto contenido de turmerosac\u00e1ridos, polisac\u00e1ridos solubles de c\u00farcuma con alta biodisponibilidad, con actividad antiinflamatoria y analg\u00e9sica espec\u00edfica a nivel osteoarticular, en parte debido a la inhibici\u00f3n de PGE2 dentro del l\u00edquido sinovial, y a la inhibici\u00f3n de IL-12, COX2 e IFN-y, responsables de la inflamaci\u00f3n cr\u00f3nica que se sostiene. En estudios cl\u00ednicos la ingesta en el atleta mostr\u00f3 un aumento en el rendimiento deportivo y una disminuci\u00f3n en las interleucinas proinflamatorias, como 1\u03b2, 6 y TNF\u221d, una referencia tangible del da\u00f1o real a las c\u00e9lulas musculares.<\/p>\n<p><strong>N-acetilciste\u00edna (NAC):<\/strong> Tiene una acci\u00f3n antioxidante, act\u00faa como precursor de la ciste\u00edna intracelular con el consiguiente aumento en la producci\u00f3n de glutati\u00f3n reducido (GSH), un proceso esencial para la desintoxicaci\u00f3n del h\u00edgado. En algunos estudios ha mostrado concentraciones reducidas de marcadores de da\u00f1o muscular (LDH y CPK) despu\u00e9s de la actividad f\u00edsica, reducci\u00f3n de la concentraci\u00f3n de citocinas inflamatorias libres de Fe, y de fatiga post-entrenamiento. Tambi\u00e9n se observ\u00f3 una mejora general en el rendimiento de actividades de fuerza subm\u00e1xima en individuos bien entrenados.<\/p>\n<p><strong>Astareal\u00ae Haematococcus pluvialis tallo. Astaxantina tit. 5%:<\/strong> un carotenoide de xantofila con propiedades antioxidantes, que interact\u00faa positivamente con las membranas mitocondriales, acumul\u00e1ndose en ellas y protegi\u00e9ndolas del estr\u00e9s oxidativo. Tambi\u00e9n aumenta la producci\u00f3n de energ\u00eda en las mitocondrias, favoreciendo la beta oxidaci\u00f3n de los \u00e1cidos grasos. Los estudios realizados confirman que los atletas que usan este nutrac\u00e9utico pueden mejorar la oxidaci\u00f3n de las grasas con fines energ\u00e9ticos y, por lo tanto, ahorrar valioso gluc\u00f3geno. La suplementaci\u00f3n con astaxantina se vuelve particularmente indicada en deportes de resistencia, pero tambi\u00e9n en deportes mixtos, como el calcio, ya que podr\u00eda permitir preservar las reservas de gluc\u00f3geno que luego pueden explotarse en momentos de necesidad.<\/p>\n<p><strong>Grosella negra, Ribes nigrum frutas tit seco Antocianinas al 35%:<\/strong> la acci\u00f3n de las antocianinas de Grosella negra se manifiesta en la atenuaci\u00f3n del da\u00f1o muscular y la inflamaci\u00f3n, con eficacia demostrada y cuantificable con la determinaci\u00f3n de la enzima CPK en sangre. Tiene una acci\u00f3n natural de \u00abcortisona\u00bb e inhibe la producci\u00f3n de prostaglandinas tipo E e iNOS, actividades fundamentales en el control de la inflamaci\u00f3n excesiva, para el atleta que no desea sufrir lesiones musculares. Las antocianinas y los polifenoles presentes tienen una fuerte acci\u00f3n inhibitoria contra los radicales libres, contribuyendo a la actividad antiinflamatoria y antial\u00e9rgica. Adem\u00e1s, la suplementaci\u00f3n de antocianinas de Grosella negra tambi\u00e9n parece influir positivamente en la calidad del sue\u00f1o.<\/p>\n<p><strong>Modo de empleo<\/strong><\/p>\n<p>Se recomienda tomar 3 c\u00e1psulas justo antes de la cena en una sola toma.<\/p>\n","protected":false},"excerpt":{"rendered":"<p>Contribuye al envejecimiento lento.<br \/>\nComplemento alimenticio a base de Curcuma, NAC y Astaxantina con acci\u00f3n antioxidante, \u00fatil para reducir la inflamaci\u00f3n y el estr\u00e9s oxidativo producido por la actividad deportiva, ralentizando los procesos de envejecimiento celular.<\/p>\n","protected":false},"featured_media":530,"template":"","meta":[],"product_brand":[],"product_cat":[20],"product_tag":[],"class_list":{"0":"post-244","1":"product","2":"type-product","3":"status-publish","4":"has-post-thumbnail","6":"product_cat-linea-deporte","8":"first","9":"instock","10":"sale","11":"taxable","12":"shipping-taxable","13":"purchasable","14":"product-type-simple"},"_links":{"self":[{"href":"https:\/\/dev01.lliuretic.cat\/avd\/webshopavd\/wp-json\/wp\/v2\/product\/244","targetHints":{"allow":["GET"]}}],"collection":[{"href":"https:\/\/dev01.lliuretic.cat\/avd\/webshopavd\/wp-json\/wp\/v2\/product"}],"about":[{"href":"https:\/\/dev01.lliuretic.cat\/avd\/webshopavd\/wp-json\/wp\/v2\/types\/product"}],"wp:featuredmedia":[{"embeddable":true,"href":"https:\/\/dev01.lliuretic.cat\/avd\/webshopavd\/wp-json\/wp\/v2\/media\/530"}],"wp:attachment":[{"href":"https:\/\/dev01.lliuretic.cat\/avd\/webshopavd\/wp-json\/wp\/v2\/media?parent=244"}],"wp:term":[{"taxonomy":"product_brand","embeddable":true,"href":"https:\/\/dev01.lliuretic.cat\/avd\/webshopavd\/wp-json\/wp\/v2\/product_brand?post=244"},{"taxonomy":"product_cat","embeddable":true,"href":"https:\/\/dev01.lliuretic.cat\/avd\/webshopavd\/wp-json\/wp\/v2\/product_cat?post=244"},{"taxonomy":"product_tag","embeddable":true,"href":"https:\/\/dev01.lliuretic.cat\/avd\/webshopavd\/wp-json\/wp\/v2\/product_tag?post=244"}],"curies":[{"name":"wp","href":"https:\/\/api.w.org\/{rel}","templated":true}]}}