{"id":246,"date":"2025-01-27T11:45:00","date_gmt":"2025-01-27T10:45:00","guid":{"rendered":"https:\/\/dev01.lliuretic.cat\/webshopavd\/?post_type=product&#038;p=246"},"modified":"2026-03-10T12:10:44","modified_gmt":"2026-03-10T11:10:44","slug":"performance-brain","status":"publish","type":"product","link":"https:\/\/dev01.lliuretic.cat\/avd\/webshopavd\/producto\/performance-brain\/","title":{"rendered":"Performance Brain"},"content":{"rendered":"<p><strong>Performance Brain<\/strong><br \/>\nPerformance Brain es una sinergia \u00abnootr\u00f3pica\u00bb creada para optimizar las funciones cognitivas, el rendimiento f\u00edsico y mental para todas las personas sometidas a estr\u00e9s f\u00edsico y ps\u00edquico que necesitan una mejora de las habilidades de atenci\u00f3n y concentraci\u00f3n, para lograr un rendimiento \u00f3ptimo particularmente en los deportistas de \u00e9lite y profesionales como en los amateurs.<\/p>\n<p><strong>Propiedades de los componentes<\/strong><\/p>\n<p><strong>Reishi \/ Ganoderma lucidum BIO:<\/strong> Es uno de los hongos m\u00e1s utilizados por los deportistas. Aumenta los niveles de energ\u00eda, mejora la respiraci\u00f3n celular, protege la funci\u00f3n mitocondrial del estr\u00e9s oxidativo, reduce la inflamaci\u00f3n cr\u00f3nica de bajo grado, contrarresta la fatiga psicof\u00edsica. Tambi\u00e9n mejora la memoria y la concentraci\u00f3n focalizada. Gracias a la presencia de una cantidad considerable de triterpenos, modula el eje del estr\u00e9s, soporta las gl\u00e1ndulas suprarrenales y el Eje hipotal\u00e1mico-hipofisario-adrenal, reduce la sensaci\u00f3n de fatiga y regulariza el ritmo del sue\u00f1o.<\/p>\n<p><strong>Cognivia \u2122:<\/strong> Combina las propiedades de dos especies de Salvia, la Salvia officinalis, que mejora el rendimiento cognitivo al aumentar el enfoque en el logro de los objetivos, y los aceites esenciales de Salvia lavandulifolia que acelera los procesos mnem\u00f3nicos. Los estudios realizados muestran un aumento en las funciones cognitivas y los procesos de memoria ejecutiva a largo plazo despu\u00e9s de la primera administraci\u00f3n.<\/p>\n<p><strong>Bacopin\u00ae Extracto estandarizado de Bacopa monnieri con tit. de 20% en bac\u00f3sidos:<\/strong> promueve y mejora la memoria, la concentraci\u00f3n y las funciones cognitivas. A nivel f\u00edsico, Bacopa contribuye a mejorar el rendimiento deportivo al aliviar la fatiga muscular y aumentar las reservas de gluc\u00f3geno muscular. A nivel cognitivo, mejora la velocidad de reacci\u00f3n, la atenci\u00f3n y la memoria espacial y de trabajo, aumentando los reflejos.<\/p>\n<p><strong>L-Teanina:<\/strong> aislada del t\u00e9 verde es una mol\u00e9cula que act\u00faa a nivel cerebral promoviendo la relajaci\u00f3n y la lucidez mental, manteniendo la concentraci\u00f3n durante un per\u00edodo prolongado de tiempo, sin ejercer una acci\u00f3n sedante.<\/p>\n<p><strong>Newcaff\u00ae Cafe\u00edna microencapsulada:<\/strong> Es una sustancia ergog\u00e9nica, la microencapsulaci\u00f3n mejora su biodisponibilidad permitiendo una liberaci\u00f3n controlada y prolongada a lo largo del tiempo durante 4 horas. Su efectividad ha sido demostrada tanto en atletas sometidos a un esfuerzo prolongado con sprints intermitentes, as\u00ed como en atletas de resistencia y tambi\u00e9n en deportes de fuerza sin alterar los niveles de insulina y glucosa en la sangre.<\/p>\n<p>La sinergia de ambas sustancias se hace m\u00e1s efectiva que la Teanina o la Cafe\u00edna por si sola, inhibiendo los posibles efectos negativos de la Cafe\u00edna, como son la irritabilidad y el aumento de la presi\u00f3n arterial.<\/p>\n<p><strong>Modo de empleo<\/strong><\/p>\n<p>Se recomienda tomar 1 c\u00e1psula al d\u00eda como mantenimiento, luego aumentar la dosis 1 c\u00e1psula cada d\u00eda hasta antes de la carrera y tomar 4 c\u00e0psulas el d\u00eda del evento deportivo.<\/p>\n","protected":false},"excerpt":{"rendered":"<p>Complemento alimenticio a base de Reishi, Cognivia \u2122 y Bacopin\u00ae, \u00fatil para mejorar la memoria y la concentraci\u00f3n al optimizar el rendimiento cognitivo y reducir la percepci\u00f3n de estr\u00e9s durante cada actuaci\u00f3n.<\/p>\n","protected":false},"featured_media":529,"template":"","meta":[],"product_brand":[],"product_cat":[20],"product_tag":[],"class_list":{"0":"post-246","1":"product","2":"type-product","3":"status-publish","4":"has-post-thumbnail","6":"product_cat-linea-deporte","8":"first","9":"instock","10":"sale","11":"taxable","12":"shipping-taxable","13":"purchasable","14":"product-type-simple"},"_links":{"self":[{"href":"https:\/\/dev01.lliuretic.cat\/avd\/webshopavd\/wp-json\/wp\/v2\/product\/246","targetHints":{"allow":["GET"]}}],"collection":[{"href":"https:\/\/dev01.lliuretic.cat\/avd\/webshopavd\/wp-json\/wp\/v2\/product"}],"about":[{"href":"https:\/\/dev01.lliuretic.cat\/avd\/webshopavd\/wp-json\/wp\/v2\/types\/product"}],"wp:featuredmedia":[{"embeddable":true,"href":"https:\/\/dev01.lliuretic.cat\/avd\/webshopavd\/wp-json\/wp\/v2\/media\/529"}],"wp:attachment":[{"href":"https:\/\/dev01.lliuretic.cat\/avd\/webshopavd\/wp-json\/wp\/v2\/media?parent=246"}],"wp:term":[{"taxonomy":"product_brand","embeddable":true,"href":"https:\/\/dev01.lliuretic.cat\/avd\/webshopavd\/wp-json\/wp\/v2\/product_brand?post=246"},{"taxonomy":"product_cat","embeddable":true,"href":"https:\/\/dev01.lliuretic.cat\/avd\/webshopavd\/wp-json\/wp\/v2\/product_cat?post=246"},{"taxonomy":"product_tag","embeddable":true,"href":"https:\/\/dev01.lliuretic.cat\/avd\/webshopavd\/wp-json\/wp\/v2\/product_tag?post=246"}],"curies":[{"name":"wp","href":"https:\/\/api.w.org\/{rel}","templated":true}]}}