{"id":248,"date":"2025-01-27T11:51:44","date_gmt":"2025-01-27T10:51:44","guid":{"rendered":"https:\/\/dev01.lliuretic.cat\/webshopavd\/?post_type=product&#038;p=248"},"modified":"2026-03-10T12:10:44","modified_gmt":"2026-03-10T11:10:44","slug":"performance-forte","status":"publish","type":"product","link":"https:\/\/dev01.lliuretic.cat\/avd\/webshopavd\/producto\/performance-forte\/","title":{"rendered":"Performance Forte"},"content":{"rendered":"<p><strong>Performance Forte<\/strong><br \/>\nComplemento alimenticio compuesto por una mezcla de varios tipos de Cordyceps sinensis, con Rodiola rosea, Cromo y Magnesio, \u00fatil para promover la oxigenaci\u00f3n y recuperaci\u00f3n celular, aumentar y optimizar el rendimiento f\u00edsico.<\/p>\n<p><strong>Propiedades<\/strong><\/p>\n<p>Complemento alimenticio compuesto por una mezcla de varios tipos de Cordyceps sinensis, con Rhodiola rosea, Cromo y Magnesio, \u00fatil para promover la oxigenaci\u00f3n y la recuperaci\u00f3n celular, aumentar y optimizar el rendimiento f\u00edsico.<\/p>\n<p>Gracias a las excelentes propiedades del Cordyceps sinensis de Aloha Medicinals, Performance Forte realiza una acci\u00f3n de soporte t\u00f3nico y metab\u00f3lico, ayuda a regularizar la producci\u00f3n hormonal y est\u00e1 particularmente indicado como un coadyuvante de la dieta del atleta, ya que promueve la resistencia f\u00edsica fisiol\u00f3gica y mental y ayuda a reducir la sensaci\u00f3n de fatiga, ya que mejora la producci\u00f3n y el uso de la energ\u00eda. Indicado tanto para atletas profesionales como amateur, y para cualquiera que quiera una nueva generaci\u00f3n de suplementaci\u00f3n para apoyar y aumentar su rendimiento deportivo, tanto aer\u00f3bico como anaer\u00f3bico.<\/p>\n<p>Performance Forte contribuye efectivamente a aumentar la producci\u00f3n de ATP celular en un 30% y la utilizaci\u00f3n de ox\u00edgeno mitocondrial en un 40%, procesos fundamentales para una buena oxigenaci\u00f3n celular.<\/p>\n<p><strong>Ingredientes<\/strong><\/p>\n<ul>\n<li style=\"list-style-type: none;\">\n<ul>&#8211; Cordyceps sinensis Aloha&#8217;s Mix<\/ul>\n<\/li>\n<\/ul>\n<p>&nbsp;<\/p>\n<ul>\n<li style=\"list-style-type: none;\">\n<ul>&#8211; Extracto de Rhodiola rosea<\/ul>\n<\/li>\n<\/ul>\n<p>&nbsp;<\/p>\n<ul>\n<li style=\"list-style-type: none;\">\n<ul>&#8211; Gluconato de Magnesio<\/ul>\n<\/li>\n<\/ul>\n<p>&nbsp;<\/p>\n<ul>\n<li style=\"list-style-type: none;\">\n<ul>&#8211; Picolinato de Cromo<\/ul>\n<\/li>\n<\/ul>\n<p>&nbsp;<\/p>\n<ul>&#8211; Agente antiaglomerante: Di\u00f3xido de Silicio<\/ul>\n<p><strong>Propiedades de los componentes<\/strong><\/p>\n<p><strong>Cordyceps sinensis Aloha&#8217;s Mix:<\/strong> Numerosos estudios han demostrado que este hongo nativo del Himalaya es extremadamente poderoso como un adapt\u00f3geno t\u00f3nico, en particular para promover la salud respiratoria, circulatoria y sexual. En atletas entrenados se ha demostrado un aumento en la relaci\u00f3n testosterona \/ cortisol despu\u00e9s de la actividad f\u00edsica, promoviendo la acci\u00f3n anab\u00f3lica y contrarrestando el s\u00edndrome de sobreentrenamiento, aumentando los antioxidantes end\u00f3genos. Es \u00fatil en el tratamiento de enfermedades respiratorias y, en general, para mejorar la capacidad respiratoria y la oxigenaci\u00f3n. Se ha demostrado que los extractos de Cordyceps inhiben la contracci\u00f3n traqueal y el estr\u00e9s bronco-reactividad, mejorando el flujo de ox\u00edgeno a los pulmones. En los deportes, contribuye a aumentar la masa muscular y a reducir la inflamaci\u00f3n post-entrenamiento, aumenta la producci\u00f3n de energ\u00eda, reduce la sensaci\u00f3n de fatiga y acelera la recuperaci\u00f3n despu\u00e9s del esfuerzo al mejorar la producci\u00f3n de ATP y optimizar la utilizaci\u00f3n de ox\u00edgeno. El aumento de la energ\u00eda celular no est\u00e1 relacionado con el est\u00edmulo del sistema nervioso y suprarrenal, sino a la mejora del metabolismo celular aer\u00f3bico y, por lo tanto, de la energ\u00eda utilizable. Tambi\u00e9n se ha demostrado que mejora la eliminaci\u00f3n del \u00e1cido l\u00e1ctico despu\u00e9s del esfuerzo f\u00edsico.<\/p>\n<p><strong>Extracto de Rhodiola rosea:<\/strong> Planta adaptog\u00e9nica que ejerce una acci\u00f3n t\u00f3nica sobre el sistema nervioso y muscular con diferentes mecanismos de acci\u00f3n. Los estudios cient\u00edficos han demostrado que Rhodiola puede mejorar la producci\u00f3n de monoaminas biog\u00e9nicas como la serotonina, hasta un 30%, as\u00ed como la dopamina y noradrenalina a nivel de la corteza cerebral y el hipot\u00e1lamo. Reduce la fatiga y el estr\u00e9s f\u00edsico, mejora la atenci\u00f3n y la concentraci\u00f3n; a nivel muscular promueve la s\u00edntesis de prote\u00ednas, aumenta los niveles de ATP y fosfato de creatina y el nivel de beta-endorfinas, con un aumento en la percepci\u00f3n de bienestar y una mayor resistencia al esfuerzo prolongado.<\/p>\n<p><strong>Gluconato de Magnesio:<\/strong> Es una forma de quelato de Magnesio con \u00c0cido Gluc\u00f3nico en una mayor biodisponibilidad y de absorci\u00f3n intracelular. El Magnesio es esencial para el funcionamiento de muchas enzimas, para el control de la s\u00edntesis de \u00e1cidos nucleicos, prote\u00ednas implicadas en el ciclo de Krebs y la fosforilaci\u00f3n oxidativa. Una de sus deficiencias est\u00e1 relacionada con s\u00edntomas de cansancio y fatiga, hiperexcitabilidad neuromuscular, calambres musculares, tics nerviosos, temblores, tensi\u00f3n y ansiedad. Ubicado intracelularmente, regula la transmisi\u00f3n de impulsos entre las c\u00e9lulas cerebrales y de los nervios a los m\u00fasculos y \u00f3rganos. Regula la contracci\u00f3n muscular, aumenta la concentraci\u00f3n de ox\u00edgeno a nivel card\u00edaco y regula su ritmo. En el deporte se vuelve fundamental tanto por su acci\u00f3n a nivel muscular como porque favorece la producci\u00f3n de energ\u00eda a nivel mitocondrial.<\/p>\n<p><strong>Picolinato de Cromo:<\/strong> Participa en el mantenimiento de las concentraciones basales de insulina y los niveles de hemoglobina glicosilada, en la reducci\u00f3n de las concentraciones de colesterol total y LDL. En atletas sometidos a entrenamiento, optimiza el crecimiento muscular, mejora la composici\u00f3n corporal, favoreciendo la p\u00e9rdida de masa grasa. En los atletas, mejora el anabolismo muscular, ya que favorece la entrada de amino\u00e1cidos en las c\u00e9lulas musculares, el uso celular de az\u00facares y el almacenamiento de glucosa en las c\u00e9lulas musculares en forma de gluc\u00f3geno.<\/p>\n<p><strong>Modo de empleo<\/strong><\/p>\n<p>3 c\u00e1psulas al d\u00eda preferiblemente lejos de las comidas. Se recomienda la ingesta simult\u00e1nea de vitamina C, que promueve la absorci\u00f3n ent\u00e9rica de polisac\u00e1ridos.<\/p>\n","protected":false},"excerpt":{"rendered":"<p>Complemento alimenticio compuesto por una mezcla de varios tipos de Cordyceps sinensis, con Rodiola rosea, Cromo y Magnesio, \u00fatil para promover la oxigenaci\u00f3n y recuperaci\u00f3n celular, aumentar y optimizar el rendimiento f\u00edsico.<\/p>\n","protected":false},"featured_media":528,"template":"","meta":[],"product_brand":[],"product_cat":[20],"product_tag":[],"class_list":{"0":"post-248","1":"product","2":"type-product","3":"status-publish","4":"has-post-thumbnail","6":"product_cat-linea-deporte","8":"first","9":"instock","10":"sale","11":"taxable","12":"shipping-taxable","13":"purchasable","14":"product-type-simple"},"_links":{"self":[{"href":"https:\/\/dev01.lliuretic.cat\/avd\/webshopavd\/wp-json\/wp\/v2\/product\/248","targetHints":{"allow":["GET"]}}],"collection":[{"href":"https:\/\/dev01.lliuretic.cat\/avd\/webshopavd\/wp-json\/wp\/v2\/product"}],"about":[{"href":"https:\/\/dev01.lliuretic.cat\/avd\/webshopavd\/wp-json\/wp\/v2\/types\/product"}],"wp:featuredmedia":[{"embeddable":true,"href":"https:\/\/dev01.lliuretic.cat\/avd\/webshopavd\/wp-json\/wp\/v2\/media\/528"}],"wp:attachment":[{"href":"https:\/\/dev01.lliuretic.cat\/avd\/webshopavd\/wp-json\/wp\/v2\/media?parent=248"}],"wp:term":[{"taxonomy":"product_brand","embeddable":true,"href":"https:\/\/dev01.lliuretic.cat\/avd\/webshopavd\/wp-json\/wp\/v2\/product_brand?post=248"},{"taxonomy":"product_cat","embeddable":true,"href":"https:\/\/dev01.lliuretic.cat\/avd\/webshopavd\/wp-json\/wp\/v2\/product_cat?post=248"},{"taxonomy":"product_tag","embeddable":true,"href":"https:\/\/dev01.lliuretic.cat\/avd\/webshopavd\/wp-json\/wp\/v2\/product_tag?post=248"}],"curies":[{"name":"wp","href":"https:\/\/api.w.org\/{rel}","templated":true}]}}