{"id":620,"date":"2025-11-18T07:51:04","date_gmt":"2025-11-18T06:51:04","guid":{"rendered":"https:\/\/dev01.lliuretic.cat\/avd\/webshopavd\/?post_type=product&#038;p=620"},"modified":"2026-01-31T21:41:05","modified_gmt":"2026-01-31T20:41:05","slug":"curso-formacion-profesional-en-micoterapia-aplicada-ciencia-y-practica-clinica","status":"publish","type":"product","link":"https:\/\/dev01.lliuretic.cat\/avd\/webshopavd\/producto\/curso-formacion-profesional-en-micoterapia-aplicada-ciencia-y-practica-clinica\/","title":{"rendered":"Formaci\u00f3n Profesional en Micoterapia Aplicada: Ciencia y Pr\u00e1ctica Cl\u00ednica"},"content":{"rendered":"","protected":false},"excerpt":{"rendered":"<p>El objetivo de este <strong>curso<\/strong> es capacitar a profesionales de la salud para <strong>valorar,<\/strong>\u00a0<strong>indicar con seguridad e integrar la <\/strong><strong>micoterapia<\/strong> en su pr\u00e1ctica cl\u00ednica<\/p>\n","protected":false},"featured_media":1799,"template":"","meta":[],"product_brand":[],"product_cat":[38],"product_tag":[],"class_list":{"0":"post-620","1":"product","2":"type-product","3":"status-publish","4":"has-post-thumbnail","6":"product_cat-cursos","8":"first","9":"instock","10":"virtual","11":"sold-individually","12":"taxable","13":"purchasable","14":"product-type-simple"},"_links":{"self":[{"href":"https:\/\/dev01.lliuretic.cat\/avd\/webshopavd\/wp-json\/wp\/v2\/product\/620","targetHints":{"allow":["GET"]}}],"collection":[{"href":"https:\/\/dev01.lliuretic.cat\/avd\/webshopavd\/wp-json\/wp\/v2\/product"}],"about":[{"href":"https:\/\/dev01.lliuretic.cat\/avd\/webshopavd\/wp-json\/wp\/v2\/types\/product"}],"wp:featuredmedia":[{"embeddable":true,"href":"https:\/\/dev01.lliuretic.cat\/avd\/webshopavd\/wp-json\/wp\/v2\/media\/1799"}],"wp:attachment":[{"href":"https:\/\/dev01.lliuretic.cat\/avd\/webshopavd\/wp-json\/wp\/v2\/media?parent=620"}],"wp:term":[{"taxonomy":"product_brand","embeddable":true,"href":"https:\/\/dev01.lliuretic.cat\/avd\/webshopavd\/wp-json\/wp\/v2\/product_brand?post=620"},{"taxonomy":"product_cat","embeddable":true,"href":"https:\/\/dev01.lliuretic.cat\/avd\/webshopavd\/wp-json\/wp\/v2\/product_cat?post=620"},{"taxonomy":"product_tag","embeddable":true,"href":"https:\/\/dev01.lliuretic.cat\/avd\/webshopavd\/wp-json\/wp\/v2\/product_tag?post=620"}],"curies":[{"name":"wp","href":"https:\/\/api.w.org\/{rel}","templated":true}]}}